{"id":691182,"date":"2025-08-27T13:56:26","date_gmt":"2025-08-27T10:56:26","guid":{"rendered":"https:\/\/roveyayinevi.com.tr\/index.php\/urun\/katilim-bankaciligi\/"},"modified":"2026-04-16T02:00:45","modified_gmt":"2026-04-15T23:00:45","slug":"katilim-bankaciligi","status":"publish","type":"product","link":"https:\/\/roveyayinevi.com.tr\/index.php\/urun\/katilim-bankaciligi\/","title":{"rendered":"Kat\u0131l\u0131m Bankac\u0131l\u0131\u011f\u0131"},"content":{"rendered":"<p>\u2022 Faizsiz bankac\u0131l\u0131\u011f\u0131n faizli bankalardan fark\u0131 nedir? \u2022 Faize bula\u015fmadan bankac\u0131l\u0131k nas\u0131l ger\u00e7ekle\u015fiyor? \u2022 K\u00e2r pay\u0131n\u0131n faizden fark\u0131 nedir? \u2022 Faizsiz bankac\u0131l\u0131k sistemi nas\u0131l i\u015fliyor ve nas\u0131l i\u015flemesi gerekiyor? \u2022 Bat\u0131l\u0131lar faizsiz bankac\u0131l\u0131\u011fa nas\u0131l bak\u0131yorlar? \u2022 Kat\u0131l\u0131m bankalar\u0131 ya\u015fanabilecek ekonomik krizlere \u00e7\u00f6z\u00fcm olabilir mi? \u2026 Sekt\u00f6r\u00fcn i\u00e7inden gelen, uzman bir kalemin eseri olan Kat\u0131l\u0131m Bankac\u0131l\u0131\u011f\u0131, b\u00fct\u00fcn bu ve benzeri sorulara cevaplar getiriyor. Ve bunu yaparken, faizsiz bankac\u0131l\u0131k sistemini teori ve uygulamalar\u0131yla anlatarak sekt\u00f6rde ya\u015fanan problemlere de \u00e7\u00f6z\u00fcm yollar\u0131 sunuyor. <\/p>\n","protected":false},"excerpt":{"rendered":"<p>\u2022 Faizsiz bankac\u0131l\u0131\u011f\u0131n faizli bankalardan fark\u0131 nedir? \u2022 Faize bula\u015fmadan bankac\u0131l\u0131k nas\u0131l ger\u00e7ekle\u015fiyor? \u2022 K\u00e2r pay\u0131n\u0131n faizden fark\u0131 nedir? \u2022 Faizsiz bankac\u0131l\u0131k sistemi nas\u0131l i\u015fliyor ve<span class=\"excerpt-hellip\"> [\u2026]<\/span><\/p>\n","protected":false},"featured_media":0,"template":"","meta":{"_monsterinsights_skip_tracking":false,"_monsterinsights_sitenote_active":false,"_monsterinsights_sitenote_note":"","_monsterinsights_sitenote_category":0},"product_brand":[],"product_cat":[13043,14144],"product_tag":[],"class_list":{"0":"post-691182","1":"product","2":"type-product","3":"status-publish","5":"product_cat-ekonomi","6":"product_cat-turkiye-ekonomisi","7":"pa_cilt-ciltsiz","8":"pa_tur-kitap","9":"pa_yayinevi-nesil-yayinlari","10":"pa_yazar-huseyin-tunc","12":"first","13":"instock","14":"sale","15":"shipping-taxable","16":"purchasable","17":"product-type-simple"},"_links":{"self":[{"href":"https:\/\/roveyayinevi.com.tr\/index.php\/wp-json\/wp\/v2\/product\/691182","targetHints":{"allow":["GET"]}}],"collection":[{"href":"https:\/\/roveyayinevi.com.tr\/index.php\/wp-json\/wp\/v2\/product"}],"about":[{"href":"https:\/\/roveyayinevi.com.tr\/index.php\/wp-json\/wp\/v2\/types\/product"}],"wp:attachment":[{"href":"https:\/\/roveyayinevi.com.tr\/index.php\/wp-json\/wp\/v2\/media?parent=691182"}],"wp:term":[{"taxonomy":"product_brand","embeddable":true,"href":"https:\/\/roveyayinevi.com.tr\/index.php\/wp-json\/wp\/v2\/product_brand?post=691182"},{"taxonomy":"product_cat","embeddable":true,"href":"https:\/\/roveyayinevi.com.tr\/index.php\/wp-json\/wp\/v2\/product_cat?post=691182"},{"taxonomy":"product_tag","embeddable":true,"href":"https:\/\/roveyayinevi.com.tr\/index.php\/wp-json\/wp\/v2\/product_tag?post=691182"}],"curies":[{"name":"wp","href":"https:\/\/api.w.org\/{rel}","templated":true}]}}