{"id":691178,"date":"2025-08-27T13:56:25","date_gmt":"2025-08-27T10:56:25","guid":{"rendered":"https:\/\/roveyayinevi.com.tr\/index.php\/urun\/sayilarla-iyilesme\/"},"modified":"2026-04-16T02:00:45","modified_gmt":"2026-04-15T23:00:45","slug":"sayilarla-iyilesme","status":"publish","type":"product","link":"https:\/\/roveyayinevi.com.tr\/index.php\/urun\/sayilarla-iyilesme\/","title":{"rendered":"Say\u0131larla \u0130yile\u015fme"},"content":{"rendered":"<p>\u201cMatematik, Tanr\u0131n\u0131n evreni yazmak i\u00e7in kulland\u0131\u011f\u0131 alfabedir.\u201d Galileo Galilei (1564 \u2013 1642) Hemen herkesin bir u\u011fur say\u0131s\u0131 vard\u0131r. Loto oynarken, dilek tutarken, bir i\u015fe ba\u015flayaca\u011f\u0131m\u0131z tarihi se\u00e7erken, 13 say\u0131s\u0131n\u0131 bat\u0131l inanca d\u00f6n\u00fc\u015ft\u00fcr\u00fcrken&#8230; say\u0131lara s\u00fcrekli \u00f6zel anlamlar y\u00fckleriz. Say\u0131lar ve say\u0131 dizilerinin, g\u00f6r\u00fcn\u00fcr i\u015flev ve anlamlar\u0131 d\u0131\u015f\u0131nda bilgi verici nitelikleri de vard\u0131r. Say\u0131 kodlar\u0131n\u0131 yo\u011funla\u015ft\u0131r\u0131lm\u0131\u015f \u201csal\u0131n\u0131m paketleri\u201d olarak d\u00fc\u015f\u00fcnebiliriz. Organizma bunlar vas\u0131tas\u0131yla belirli frekanslar\u0131 deneyimler. Gere\u011fince kullan\u0131ld\u0131klar\u0131nda, dengesi bozulmu\u015f olan bilgi alan\u0131 titre\u015fimleri yeniden uyumlu hale getirilebilir. Say\u0131lar ayn\u0131 zamanda evrenin de dilidir; maddeyi olu\u015fturup organize ederler. Say\u0131lara dayal\u0131 5000 y\u0131ll\u0131k mistisizmden kozmik numeroloji ve kutsal geometriye, Hint ve Rus \u015fifac\u0131lar\u0131n spirit\u00fcel kod sistemlerinden, do\u011fan\u0131n mucizesi Fibonacci say\u0131 dizisine, Dr. Zhi Gang Sha kutsal \u015fifa say\u0131s\u0131ndan Sufilerin \u015fifal\u0131 say\u0131 dizilerine kadar uzanan bu rehber kitapta say\u0131lardan \u015fifayla ve esenlik i\u00e7inde ya\u015famak \u00fczere nas\u0131l yararlanabilece\u011finizi bulacaks\u0131n\u0131z. \ufffcTan\u0131t\u0131m Metni<\/p>\n","protected":false},"excerpt":{"rendered":"<p>\u201cMatematik, Tanr\u0131n\u0131n evreni yazmak i\u00e7in kulland\u0131\u011f\u0131 alfabedir.\u201d Galileo Galilei (1564 \u2013 1642) Hemen herkesin bir u\u011fur say\u0131s\u0131 vard\u0131r. Loto oynarken, dilek tutarken, bir i\u015fe ba\u015flayaca\u011f\u0131m\u0131z tarihi<span class=\"excerpt-hellip\"> [\u2026]<\/span><\/p>\n","protected":false},"featured_media":0,"template":"","meta":{"_monsterinsights_skip_tracking":false,"_monsterinsights_sitenote_active":false,"_monsterinsights_sitenote_note":"","_monsterinsights_sitenote_category":0},"product_brand":[],"product_cat":[12364,12376],"product_tag":[],"class_list":{"0":"post-691178","1":"product","2":"type-product","3":"status-publish","5":"product_cat-genel-konular","6":"product_cat-kisisel-gelisim","7":"pa_cilt-ciltsiz","8":"pa_tur-kitap","9":"pa_yayinevi-kuraldisi-yayinevi","10":"pa_yazar-petra-neumayer","12":"first","13":"instock","14":"sale","15":"shipping-taxable","16":"purchasable","17":"product-type-simple"},"_links":{"self":[{"href":"https:\/\/roveyayinevi.com.tr\/index.php\/wp-json\/wp\/v2\/product\/691178","targetHints":{"allow":["GET"]}}],"collection":[{"href":"https:\/\/roveyayinevi.com.tr\/index.php\/wp-json\/wp\/v2\/product"}],"about":[{"href":"https:\/\/roveyayinevi.com.tr\/index.php\/wp-json\/wp\/v2\/types\/product"}],"wp:attachment":[{"href":"https:\/\/roveyayinevi.com.tr\/index.php\/wp-json\/wp\/v2\/media?parent=691178"}],"wp:term":[{"taxonomy":"product_brand","embeddable":true,"href":"https:\/\/roveyayinevi.com.tr\/index.php\/wp-json\/wp\/v2\/product_brand?post=691178"},{"taxonomy":"product_cat","embeddable":true,"href":"https:\/\/roveyayinevi.com.tr\/index.php\/wp-json\/wp\/v2\/product_cat?post=691178"},{"taxonomy":"product_tag","embeddable":true,"href":"https:\/\/roveyayinevi.com.tr\/index.php\/wp-json\/wp\/v2\/product_tag?post=691178"}],"curies":[{"name":"wp","href":"https:\/\/api.w.org\/{rel}","templated":true}]}}