{"id":691176,"date":"2025-08-27T13:56:25","date_gmt":"2025-08-27T10:56:25","guid":{"rendered":"https:\/\/roveyayinevi.com.tr\/index.php\/urun\/ozsaygi-oncelikler-listende-kacinci-siradasin\/"},"modified":"2026-04-16T02:00:45","modified_gmt":"2026-04-15T23:00:45","slug":"ozsaygi-oncelikler-listende-kacinci-siradasin","status":"publish","type":"product","link":"https:\/\/roveyayinevi.com.tr\/index.php\/urun\/ozsaygi-oncelikler-listende-kacinci-siradasin\/","title":{"rendered":"\u00d6zsayg\u0131 &#8211; \u00d6ncelikler Listende Ka\u00e7\u0131nc\u0131 S\u0131radas\u0131n?"},"content":{"rendered":"<p>\u00d6zsayg\u0131y\u0131 kazanmak zordur ama \u00f6zsayg\u0131 olmadan huzurlu, doyumlu ve \u00fcretken bir ya\u015fam s\u00fcrmek im-k\u00e2n-s\u0131z-d\u0131r. \u0130nsan\u0131n bir numaral\u0131 \u00f6nceli\u011fi \u00f6zsayg\u0131y\u0131 kazanmak oldu\u011funda hayat\u0131n t\u00fcm ta\u015flar\u0131 yerli yerine oturmaya ba\u015flar. \u00c7\u00fcnk\u00fc \u00f6zsayg\u0131 huzurun ta kendisidir. \u00d6zsayg\u0131n\u0131n ne oldu\u011funu bilmek ve \u00f6zsayg\u0131y\u0131 kazanmak zihinsel, duygusal, fiziksel ve ruhsal sa\u011fl\u0131\u011f\u0131n temelidir. Bu kitap, \u00f6zsayg\u0131n\u0131n insan ya\u015fam\u0131 \u00fczerindeki rol\u00fcn\u00fc t\u00fcm boyutlar\u0131yla ortaya koymay\u0131 ama\u00e7l\u0131yor: \u00d6zsayg\u0131 ihtiyac\u0131, \u00f6zsayg\u0131 ihtiyac\u0131n\u0131n do\u011fas\u0131, \u00f6zsayg\u0131y\u0131 kazanman\u0131n ko\u015fullar\u0131, \u00f6zsayg\u0131ya sahip olmaman\u0131n bedelleri. \u0130nsan\u0131n \u00f6zsayg\u0131 seviyesi ile bilin\u00e7 d\u00fczeyi ve motivasyonu, i\u015f, a\u015fk ve insan ili\u015fkilerindeki davran\u0131\u015flar\u0131, \u00e7ocuk b\u00fcy\u00fctme anlay\u0131\u015f\u0131 do\u011frudan ba\u011flant\u0131l\u0131d\u0131r. Bu kitab\u0131 eline alacak kadar ilgi duyan herkes, hayat\u0131 boyunca kendine iki soruyu sorar. Neden b\u00f6yle davran\u0131yorum ve davran\u0131yorlar? \u0130stenmeyen davran\u0131\u015flar\u0131n de\u011fi\u015fmesi i\u00e7in ne gerekli? \u00d6zsayg\u0131: \u00d6ncelikler Listende Ka\u00e7\u0131nc\u0131 S\u0131radas\u0131n? Bilin\u00e7li okurun yan\u0131 s\u0131ra psikologlar, e\u011fitimciler, ya\u015fam ko\u00e7lar\u0131, terapistler ve insan sa\u011fl\u0131\u011f\u0131 uzmanlar\u0131 i\u00e7in de bir rehber kitap. \ufffcTan\u0131t\u0131m Metni<\/p>\n","protected":false},"excerpt":{"rendered":"<p>\u00d6zsayg\u0131y\u0131 kazanmak zordur ama \u00f6zsayg\u0131 olmadan huzurlu, doyumlu ve \u00fcretken bir ya\u015fam s\u00fcrmek im-k\u00e2n-s\u0131z-d\u0131r. \u0130nsan\u0131n bir numaral\u0131 \u00f6nceli\u011fi \u00f6zsayg\u0131y\u0131 kazanmak oldu\u011funda hayat\u0131n t\u00fcm ta\u015flar\u0131 yerli yerine<span class=\"excerpt-hellip\"> [\u2026]<\/span><\/p>\n","protected":false},"featured_media":0,"template":"","meta":{"_monsterinsights_skip_tracking":false,"_monsterinsights_sitenote_active":false,"_monsterinsights_sitenote_note":"","_monsterinsights_sitenote_category":0},"product_brand":[],"product_cat":[12358,12357],"product_tag":[],"class_list":{"0":"post-691176","1":"product","2":"type-product","3":"status-publish","5":"product_cat-genel-psikoloji","6":"product_cat-psikoloji","7":"pa_cilt-ciltsiz","8":"pa_tur-kitap","9":"pa_yayinevi-kuraldisi-yayinevi","10":"pa_yazar-nil-gun","12":"first","13":"instock","14":"sale","15":"shipping-taxable","16":"purchasable","17":"product-type-simple"},"_links":{"self":[{"href":"https:\/\/roveyayinevi.com.tr\/index.php\/wp-json\/wp\/v2\/product\/691176","targetHints":{"allow":["GET"]}}],"collection":[{"href":"https:\/\/roveyayinevi.com.tr\/index.php\/wp-json\/wp\/v2\/product"}],"about":[{"href":"https:\/\/roveyayinevi.com.tr\/index.php\/wp-json\/wp\/v2\/types\/product"}],"wp:attachment":[{"href":"https:\/\/roveyayinevi.com.tr\/index.php\/wp-json\/wp\/v2\/media?parent=691176"}],"wp:term":[{"taxonomy":"product_brand","embeddable":true,"href":"https:\/\/roveyayinevi.com.tr\/index.php\/wp-json\/wp\/v2\/product_brand?post=691176"},{"taxonomy":"product_cat","embeddable":true,"href":"https:\/\/roveyayinevi.com.tr\/index.php\/wp-json\/wp\/v2\/product_cat?post=691176"},{"taxonomy":"product_tag","embeddable":true,"href":"https:\/\/roveyayinevi.com.tr\/index.php\/wp-json\/wp\/v2\/product_tag?post=691176"}],"curies":[{"name":"wp","href":"https:\/\/api.w.org\/{rel}","templated":true}]}}