{"id":691174,"date":"2025-08-27T13:56:24","date_gmt":"2025-08-27T10:56:24","guid":{"rendered":"https:\/\/roveyayinevi.com.tr\/index.php\/urun\/doguda-ask-boyle-yazilir\/"},"modified":"2026-04-16T02:00:45","modified_gmt":"2026-04-15T23:00:45","slug":"doguda-ask-boyle-yazilir","status":"publish","type":"product","link":"https:\/\/roveyayinevi.com.tr\/index.php\/urun\/doguda-ask-boyle-yazilir\/","title":{"rendered":"Do\u011fuda A\u015fk B\u00f6yle Yaz\u0131l\u0131r"},"content":{"rendered":"<p>Ben bir d\u00fc\u015f g\u00f6rd\u00fcm bu gece. Kula\u011f\u0131ma birka\u00e7 harf f\u0131s\u0131ldad\u0131, lisan\u0131 lisan\u0131ma benzemeyen dudaklar. \u0130lkin anlamad\u0131m, anlayamad\u0131m harflerin manas\u0131n\u0131. G\u00f6zlerim mavi ile k\u0131z\u0131l aras\u0131 renklere bo\u011fuldu. Renkler bir bir silinirken g\u00f6z\u00fcmden, bir adam g\u00f6rd\u00fcm k\u0131z\u0131ll\u0131klar aras\u0131nda. Sen dedim, Sen \u015fairsin. Ya duda\u011f\u0131ndaki s\u00f6zler neden bu kadar kay\u0131p? Bu harfler de ne? Anlam\u0131yorum. G\u00f6zlerini g\u00f6zlerime \u00e7evirdi. Okuma, dinle dedi. Dinlemek i\u00e7in susmak gerekmi\u015f. Sadece sustum. Ah yazabilseydim duyduklar\u0131m\u0131! Ah i\u015fittiklerimi anlatabilseydim. Hat\u0131r\u0131mda \u00fc\u00e7 ses kald\u0131 sadece. \u00dc\u00e7 kay\u0131p harf&#8230; \u015eairler r\u00fcyaya yatt\u0131 o gece. Her birine bir harf nasib oldu. Birine susmak d\u00fc\u015ft\u00fc, birine vuslat ve dahi birine yanmak d\u00fc\u015ft\u00fc bu r\u00fcyadan. A\u015fk diyesi geldi \u015fairlerin. Ama diyemediler. Her biri bir harf yazd\u0131 avu\u00e7lar\u0131m\u0131n i\u00e7ine. Rengi k\u0131z\u0131ldan maviye \u00e7alan m\u00fcrekkeplerle \u00fc\u00e7 harf yazd\u0131lar g\u00f6zbebeklerimin i\u00e7ine&#8230; \u00dc\u00e7 harf i\u015fittim o gece. \u00dc\u00e7 harf; ayn, \u015f\u0131n, kaf&#8230; \ufffcTan\u0131t\u0131m Metni<\/p>\n","protected":false},"excerpt":{"rendered":"<p>Ben bir d\u00fc\u015f g\u00f6rd\u00fcm bu gece. Kula\u011f\u0131ma birka\u00e7 harf f\u0131s\u0131ldad\u0131, lisan\u0131 lisan\u0131ma benzemeyen dudaklar. \u0130lkin anlamad\u0131m, anlayamad\u0131m harflerin manas\u0131n\u0131. G\u00f6zlerim mavi ile k\u0131z\u0131l aras\u0131 renklere bo\u011fuldu.<span class=\"excerpt-hellip\"> [\u2026]<\/span><\/p>\n","protected":false},"featured_media":0,"template":"","meta":{"_monsterinsights_skip_tracking":false,"_monsterinsights_sitenote_active":false,"_monsterinsights_sitenote_note":"","_monsterinsights_sitenote_category":0},"product_brand":[],"product_cat":[12291,12292],"product_tag":[],"class_list":{"0":"post-691174","1":"product","2":"type-product","3":"status-publish","5":"product_cat-edebiyat","6":"product_cat-turk-edebiyati","7":"pa_tur-kitap","8":"pa_yayinevi-nesil-yayinlari","9":"pa_yazar-fatih-duman","11":"first","12":"instock","13":"sale","14":"shipping-taxable","15":"purchasable","16":"product-type-simple"},"_links":{"self":[{"href":"https:\/\/roveyayinevi.com.tr\/index.php\/wp-json\/wp\/v2\/product\/691174","targetHints":{"allow":["GET"]}}],"collection":[{"href":"https:\/\/roveyayinevi.com.tr\/index.php\/wp-json\/wp\/v2\/product"}],"about":[{"href":"https:\/\/roveyayinevi.com.tr\/index.php\/wp-json\/wp\/v2\/types\/product"}],"wp:attachment":[{"href":"https:\/\/roveyayinevi.com.tr\/index.php\/wp-json\/wp\/v2\/media?parent=691174"}],"wp:term":[{"taxonomy":"product_brand","embeddable":true,"href":"https:\/\/roveyayinevi.com.tr\/index.php\/wp-json\/wp\/v2\/product_brand?post=691174"},{"taxonomy":"product_cat","embeddable":true,"href":"https:\/\/roveyayinevi.com.tr\/index.php\/wp-json\/wp\/v2\/product_cat?post=691174"},{"taxonomy":"product_tag","embeddable":true,"href":"https:\/\/roveyayinevi.com.tr\/index.php\/wp-json\/wp\/v2\/product_tag?post=691174"}],"curies":[{"name":"wp","href":"https:\/\/api.w.org\/{rel}","templated":true}]}}