{"id":691173,"date":"2025-08-27T13:56:24","date_gmt":"2025-08-27T10:56:24","guid":{"rendered":"https:\/\/roveyayinevi.com.tr\/index.php\/urun\/hz-sit\/"},"modified":"2026-04-16T02:00:45","modified_gmt":"2026-04-15T23:00:45","slug":"hz-sit","status":"publish","type":"product","link":"https:\/\/roveyayinevi.com.tr\/index.php\/urun\/hz-sit\/","title":{"rendered":"Hz. \u015eit"},"content":{"rendered":"<p>Hz. Peygamber\u2019in Ben gizli bir hazine idim, bilinmeyi istedim hadis-i \u015ferifindeki bilinmeyi istedim k\u0131sm\u0131n\u0131, mutasavv\u0131flar a\u015fk ettim olarak yorumlam\u0131\u015flar ve k\u00e2inat\u0131n a\u015fktan meydana geldi\u011fini ifade etmi\u015flerdir. Buna g\u00f6re ilk yarat\u0131lan ve Allah\u2019\u0131n sonsuz birli\u011finin g\u00f6r\u00fcn\u00fcm\u00fc olan Hz. Adem\u2019dir. Fakat a\u015fk i\u00e7in ikilik gerektir; zira bir \u00e2\u015f\u0131k ve bir m\u00e2\u015f\u00fbka ihtiya\u00e7 vard\u0131r. \u0130\u015fte birli\u011fin (m\u00e2\u015f\u00fbkun), kendisini g\u00f6stermek i\u00e7in \u00e7okluk (\u00e2\u015f\u0131k) olarak g\u00f6r\u00fcn\u00fcm\u00fc Hz. \u015eit\u2019te ortaya \u00e7\u0131km\u0131\u015ft\u0131r. Cemalnur Sargut\u2019un Hz. Adem ile ba\u015flayan, kendi yorumlar\u0131 ile insan-\u0131 kamillerin d\u00fc\u015f\u00fcncelerini biraraya getirdi\u011fi Fus\u00fbsu\u2019l Hikem \u00e7al\u0131\u015fmalar\u0131, Hz. \u015eit ile devam ediyor. Hz. \u015eit fass\u0131nda a\u00e7\u0131klananlar, nefsin, insan i\u00e7in Allah\u2019\u0131n l\u00fbtfetti\u011fi il\u00e2h\u00ee bir hediye oldu\u011fu manas\u0131ndad\u0131r. Zira hadis-i \u015ferifte buyuruldu\u011fu gibi Nefsini bilen Rabbini bilir. Her \u015feyin z\u0131dd\u0131 ile bilindi\u011fi ger\u00e7e\u011fine g\u00f6re, mutlak varl\u0131k olan Allah da ancak mutlak yok olan nefs ile idrak edilebilir. \ufffcTan\u0131t\u0131m Metni<\/p>\n","protected":false},"excerpt":{"rendered":"<p>Hz. Peygamber\u2019in Ben gizli bir hazine idim, bilinmeyi istedim hadis-i \u015ferifindeki bilinmeyi istedim k\u0131sm\u0131n\u0131, mutasavv\u0131flar a\u015fk ettim olarak yorumlam\u0131\u015flar ve k\u00e2inat\u0131n a\u015fktan meydana geldi\u011fini ifade etmi\u015flerdir.<span class=\"excerpt-hellip\"> [\u2026]<\/span><\/p>\n","protected":false},"featured_media":0,"template":"","meta":{"_monsterinsights_skip_tracking":false,"_monsterinsights_sitenote_active":false,"_monsterinsights_sitenote_note":"","_monsterinsights_sitenote_category":0},"product_brand":[],"product_cat":[12718,12719,12720],"product_tag":[],"class_list":{"0":"post-691173","1":"product","2":"type-product","3":"status-publish","5":"product_cat-din","6":"product_cat-islam","7":"product_cat-tasavvuf-mezhepler-tarikatlar","8":"pa_tur-kitap","9":"pa_yayinevi-nefes-yayincilik","10":"pa_yazar-cemalnur-sargut","12":"first","13":"instock","14":"sale","15":"shipping-taxable","16":"purchasable","17":"product-type-simple"},"_links":{"self":[{"href":"https:\/\/roveyayinevi.com.tr\/index.php\/wp-json\/wp\/v2\/product\/691173","targetHints":{"allow":["GET"]}}],"collection":[{"href":"https:\/\/roveyayinevi.com.tr\/index.php\/wp-json\/wp\/v2\/product"}],"about":[{"href":"https:\/\/roveyayinevi.com.tr\/index.php\/wp-json\/wp\/v2\/types\/product"}],"wp:attachment":[{"href":"https:\/\/roveyayinevi.com.tr\/index.php\/wp-json\/wp\/v2\/media?parent=691173"}],"wp:term":[{"taxonomy":"product_brand","embeddable":true,"href":"https:\/\/roveyayinevi.com.tr\/index.php\/wp-json\/wp\/v2\/product_brand?post=691173"},{"taxonomy":"product_cat","embeddable":true,"href":"https:\/\/roveyayinevi.com.tr\/index.php\/wp-json\/wp\/v2\/product_cat?post=691173"},{"taxonomy":"product_tag","embeddable":true,"href":"https:\/\/roveyayinevi.com.tr\/index.php\/wp-json\/wp\/v2\/product_tag?post=691173"}],"curies":[{"name":"wp","href":"https:\/\/api.w.org\/{rel}","templated":true}]}}