{"id":691171,"date":"2025-08-27T13:56:24","date_gmt":"2025-08-27T10:56:24","guid":{"rendered":"https:\/\/roveyayinevi.com.tr\/index.php\/urun\/can-i-candir\/"},"modified":"2026-04-16T02:00:45","modified_gmt":"2026-04-15T23:00:45","slug":"can-i-candir","status":"publish","type":"product","link":"https:\/\/roveyayinevi.com.tr\/index.php\/urun\/can-i-candir\/","title":{"rendered":"Can-\u0131 Cand\u0131r"},"content":{"rendered":"<p>C\u00e2n-\u0131 cand\u0131r Hazret-i Ahmed Muhammed Mustafa Tende hem r\u00fbh-i rev\u00e2n\u0131md\u0131r Aliyy\u00fc\u2019l Murtaz\u00e2  Resulullah\u2019tan evvel zuhura gelmi\u015f \u015fu mevcudattan murad\u0131n \u2018Ruh-i Muhammed\u00ee\u2019 oldu\u011funu anlatan, Ken\u2019an Rifai\u2019nin bu dizeleri kitab\u0131n \u00f6z\u00fcn\u00fc vermektedir. Bilgelik d\u00fcnyam\u0131z\u0131n se\u00e7kin s\u00eem\u00e2s\u0131 Sayg\u0131de\u011fer Cem\u00e2lnur Sargut han\u0131mefendinin irfan ve a\u015fk aynas\u0131na yans\u0131yan Hak\u00eekat-\u0131 Muhammediyye\u2019nin en kapsaml\u0131 ifadesinin bir \u00f6rne\u011fini \u015fu an elinizde tutuyorsunuz. Kitap; \u2018Kenz-i mahfi&#8230;\u2019 (gizli bir hazine idim, bilinmeyi sevdim), \u2018men aref&#8230;\u2019 (Nefsini bilen Rabbini bilir) ve \u2018Levlake&#8230;\u2019 (Sen olmasayd\u0131n felekleri yaratmazd\u0131m) s\u0131rlar\u0131na, Rahmet Peygamberi\u2019nin (s.a.v.) m\u00fcbarek \u015femailine, \u015fer\u00eef isimlerine, az\u00eez h\u00e2t\u0131ralar\u0131na, emin olu\u015funa, \u0130l\u00e2hi Hak\u00eekat\u2019i Zat d\u00fczeyinde, cem\u00fc\u2019l-cem mak\u00e2m\u0131nda idrak edi\u015fine, ekmel d\u00fczeydeki ahl\u00e2k\u0131na, tecellig\u00e2h olarak kalbine, k\u00e2mil olarak ekmel olana kat\u0131l\u0131\u015f\u0131na, evliliklerine, \u015fefkatine, ref\u2019etine, ilmine, irf\u00e2n\u0131na, a\u015fk\u0131na, sadakalar\u0131n en b\u00fcy\u00fc\u011f\u00fcnden olarak bizatihi kendini tasadduk edi\u015fine, hicretine, K\u00e2be\u2019sine, vedas\u0131na, hutbesine yap\u0131lan soluk kesici bir gezi imk\u00e2n\u0131 vermektedir. \u00c2lemlere rahmet olarak g\u00f6nderilen Efendimiz\u2019in (s.a.v.) \u2018s\u0131radan bir el\u00e7i\u2019 olmad\u0131\u011f\u0131n\u0131, Allah ism-i camiinin, yani Zati Hakikat\u2019in en kamil tecellig\u00e2h\u0131 bulundu\u011funu bize, kusursuz bi\u00e7imde anlatan Sargut\u2019a te\u015fekk\u00fcr bor\u00e7luyuz. -Sad\u0131k Yals\u0131zu\u00e7anlar- <\/p>\n","protected":false},"excerpt":{"rendered":"<p>C\u00e2n-\u0131 cand\u0131r Hazret-i Ahmed Muhammed Mustafa Tende hem r\u00fbh-i rev\u00e2n\u0131md\u0131r Aliyy\u00fc\u2019l Murtaz\u00e2 Resulullah\u2019tan evvel zuhura gelmi\u015f \u015fu mevcudattan murad\u0131n \u2018Ruh-i Muhammed\u00ee\u2019 oldu\u011funu anlatan, Ken\u2019an Rifai\u2019nin bu<span class=\"excerpt-hellip\"> [\u2026]<\/span><\/p>\n","protected":false},"featured_media":0,"template":"","meta":{"_monsterinsights_skip_tracking":false,"_monsterinsights_sitenote_active":false,"_monsterinsights_sitenote_note":"","_monsterinsights_sitenote_category":0},"product_brand":[],"product_cat":[18094,12718,12719],"product_tag":[],"class_list":{"0":"post-691171","1":"product","2":"type-product","3":"status-publish","5":"product_cat-biyografi-otobiyografi-islam","6":"product_cat-din","7":"product_cat-islam","8":"pa_cilt-ciltsiz","9":"pa_tur-kitap","10":"pa_yayinevi-nefes-yayincilik","11":"pa_yazar-cemalnur-sargut","13":"first","14":"instock","15":"sale","16":"shipping-taxable","17":"purchasable","18":"product-type-simple"},"_links":{"self":[{"href":"https:\/\/roveyayinevi.com.tr\/index.php\/wp-json\/wp\/v2\/product\/691171","targetHints":{"allow":["GET"]}}],"collection":[{"href":"https:\/\/roveyayinevi.com.tr\/index.php\/wp-json\/wp\/v2\/product"}],"about":[{"href":"https:\/\/roveyayinevi.com.tr\/index.php\/wp-json\/wp\/v2\/types\/product"}],"wp:attachment":[{"href":"https:\/\/roveyayinevi.com.tr\/index.php\/wp-json\/wp\/v2\/media?parent=691171"}],"wp:term":[{"taxonomy":"product_brand","embeddable":true,"href":"https:\/\/roveyayinevi.com.tr\/index.php\/wp-json\/wp\/v2\/product_brand?post=691171"},{"taxonomy":"product_cat","embeddable":true,"href":"https:\/\/roveyayinevi.com.tr\/index.php\/wp-json\/wp\/v2\/product_cat?post=691171"},{"taxonomy":"product_tag","embeddable":true,"href":"https:\/\/roveyayinevi.com.tr\/index.php\/wp-json\/wp\/v2\/product_tag?post=691171"}],"curies":[{"name":"wp","href":"https:\/\/api.w.org\/{rel}","templated":true}]}}