{"id":691169,"date":"2025-08-27T13:56:23","date_gmt":"2025-08-27T10:56:23","guid":{"rendered":"https:\/\/roveyayinevi.com.tr\/index.php\/urun\/sohbetler\/"},"modified":"2026-04-16T02:00:45","modified_gmt":"2026-04-15T23:00:45","slug":"sohbetler","status":"publish","type":"product","link":"https:\/\/roveyayinevi.com.tr\/index.php\/urun\/sohbetler\/","title":{"rendered":"Sohbetler"},"content":{"rendered":"<p>Tasavvuf, insan\u0131n \u00e7evresiyle kurdu\u011fu ili\u015fkiyi Allah\u2019la irtibat olarak alg\u0131lamas\u0131 ve buna g\u00f6re ya\u015famas\u0131d\u0131r. Bu noktada, ki\u015fiyi her an Allah\u2019la irtibatta oldu\u011fu ger\u00e7e\u011fiyle bulu\u015fturacak ve ona kulluk zevkini hat\u0131rlatacak bir rehbere ihtiya\u00e7 vard\u0131r. Bu da ancak tasavvufu h\u00e2l etmi\u015f, onu ya\u015fayan bir insan olabilir. Tasavvuf, Kur\u2019an ve s\u00fcnnetten ayr\u0131 bir ya\u015fam tarz\u0131 de\u011fildir. Tasavvuf ilmi ise bu iki kaynaktan beslenen \u0130sl\u00e2m\u00ee bir ilimdir. \u0130nsan\u0131 bu d\u00fcnya ve \u00f6tesinde cennete ileten yeg\u00e2ne yol \u0130sl\u00e2m tasavvufudur. Cem\u00e2lnur Sargut\u2019la  tasavvuf sohbeti  niteli\u011findeki bu kitap, tasavvuf ilminin kayna\u011f\u0131, do\u011fu\u015fu, konusu ve y\u00f6ntemi ile ilgili en \u00e7ok merak edilen sorulara cevap vermektedir. Bu y\u00f6n\u00fcyle, okurlar hem tasavvuf\u00ee kavramlar\u0131n Kur\u2019an ve s\u00fcnnetteki k\u00f6kenlerini \u00f6\u011frenmi\u015f olacak hem de tasavvufun g\u00fcnl\u00fck ya\u015fant\u0131ya nas\u0131l uygulanabilece\u011finin ipu\u00e7lar\u0131n\u0131 alm\u0131\u015f olacaklard\u0131r. Bu eserde; s\u00fbf\u00ee kimdir, Allah\u2019a giden Muhammed\u00ee yolda seyr \u00fc s\u00fcl\u00fbk nas\u0131l yap\u0131l\u0131r, m\u00fcr\u015fit, m\u00fcrit ve dervi\u015f kimdir, zikrin, sohbetin hak\u00eekati nedir, Peygamber ahl\u00e2k\u0131 bu devirde nas\u0131l ya\u015fan\u0131l\u0131r gibi sorular\u0131n\u0131z\u0131n cevaplar\u0131n\u0131 almakla kalmayacak, ruhunuzun da huzur buldu\u011funu fark edeceksiniz. <\/p>\n","protected":false},"excerpt":{"rendered":"<p>Tasavvuf, insan\u0131n \u00e7evresiyle kurdu\u011fu ili\u015fkiyi Allah\u2019la irtibat olarak alg\u0131lamas\u0131 ve buna g\u00f6re ya\u015famas\u0131d\u0131r. Bu noktada, ki\u015fiyi her an Allah\u2019la irtibatta oldu\u011fu ger\u00e7e\u011fiyle bulu\u015fturacak ve ona kulluk<span class=\"excerpt-hellip\"> [\u2026]<\/span><\/p>\n","protected":false},"featured_media":0,"template":"","meta":{"_monsterinsights_skip_tracking":false,"_monsterinsights_sitenote_active":false,"_monsterinsights_sitenote_note":"","_monsterinsights_sitenote_category":0},"product_brand":[],"product_cat":[12718,12719,12720],"product_tag":[],"class_list":{"0":"post-691169","1":"product","2":"type-product","3":"status-publish","5":"product_cat-din","6":"product_cat-islam","7":"product_cat-tasavvuf-mezhepler-tarikatlar","8":"pa_tur-kitap","9":"pa_yayinevi-nefes-yayincilik","10":"pa_yazar-cemalnur-sargut","12":"first","13":"instock","14":"sale","15":"shipping-taxable","16":"purchasable","17":"product-type-simple"},"_links":{"self":[{"href":"https:\/\/roveyayinevi.com.tr\/index.php\/wp-json\/wp\/v2\/product\/691169","targetHints":{"allow":["GET"]}}],"collection":[{"href":"https:\/\/roveyayinevi.com.tr\/index.php\/wp-json\/wp\/v2\/product"}],"about":[{"href":"https:\/\/roveyayinevi.com.tr\/index.php\/wp-json\/wp\/v2\/types\/product"}],"wp:attachment":[{"href":"https:\/\/roveyayinevi.com.tr\/index.php\/wp-json\/wp\/v2\/media?parent=691169"}],"wp:term":[{"taxonomy":"product_brand","embeddable":true,"href":"https:\/\/roveyayinevi.com.tr\/index.php\/wp-json\/wp\/v2\/product_brand?post=691169"},{"taxonomy":"product_cat","embeddable":true,"href":"https:\/\/roveyayinevi.com.tr\/index.php\/wp-json\/wp\/v2\/product_cat?post=691169"},{"taxonomy":"product_tag","embeddable":true,"href":"https:\/\/roveyayinevi.com.tr\/index.php\/wp-json\/wp\/v2\/product_tag?post=691169"}],"curies":[{"name":"wp","href":"https:\/\/api.w.org\/{rel}","templated":true}]}}