{"id":691168,"date":"2025-08-27T13:56:23","date_gmt":"2025-08-27T10:56:23","guid":{"rendered":"https:\/\/roveyayinevi.com.tr\/index.php\/urun\/ibnul-arabi-zaman-ve-kozmoloji\/"},"modified":"2026-04-16T02:00:45","modified_gmt":"2026-04-15T23:00:45","slug":"ibnul-arabi-zaman-ve-kozmoloji","status":"publish","type":"product","link":"https:\/\/roveyayinevi.com.tr\/index.php\/urun\/ibnul-arabi-zaman-ve-kozmoloji\/","title":{"rendered":"\u0130bn\u00fc\u2019l-Arabi Zaman ve Kozmoloji"},"content":{"rendered":"<p>Allah kozmosu alt\u0131 g\u00fcnde mek\u00e2n olarak yaratmaktad\u0131r &#8230; Peki ya zaman olarak?  S\u00fbf\u00ee m\u00fctefekkirler, madd\u00ee zamandan m\u00e2nev\u00ee zamana ge\u00e7erek zaman\u0131n hak\u00eekatini anlaman\u0131n ancak Hak yolunun s\u00e2liki olup \u00e2n-\u0131 d\u00e2im\u2019e ermekle m\u00fcmk\u00fcn olaca\u011f\u0131n\u0131 s\u00f6ylerler. Evvel, \u00e2hir hepsi asl\u0131nda bir \u00e2n-\u0131 d\u00e2imdir. Nitekim Hz. Muhammed: Rabbinizin kat\u0131nda sabah ve ak\u015fam yoktur. demi\u015ftir. Bu dereceye ve bu makama eri\u015fen kimse isterse bir saatte bin y\u0131ll\u0131k yol gider ve gelir&#8230;  -Mahmud Erol K\u0131l\u0131\u00e7-  F. Capra\u2019n\u0131n Tao of Physics\u2019i gibi son d\u00f6nem pop\u00fcler \u00e7al\u0131\u015fmalara paralel daha iddial\u0131 \u0130sl\u00e2m\u00ee bir \u00f6rnek sunan bu d\u00fc\u015f\u00fcnd\u00fcr\u00fcc\u00fc \u00e7al\u0131\u015fma, \u0130sl\u00e2m\u2019\u0131n en temel, yarat\u0131c\u0131, ilham veren ve bilindi\u011fi gibi en zor d\u00fc\u015f\u00fcn\u00fcrlerinden birinin yaz\u0131lar\u0131nda bulunabilecek en zor konular \u00fczerine yap\u0131lm\u0131\u015f, y\u0131llarca s\u00fcren bir ara\u015ft\u0131rman\u0131n \u00fcr\u00fcn\u00fcd\u00fcr.  -James W. Morris-  \u0130bn\u00fc\u2019l-Arab\u00ee, bu esrarl\u0131 ontolojik meselelerin dipsiz deryas\u0131na dalmaya muktedir tek m\u00fcnevver \u00e2limdir. Kur\u2019\u00e2n\u2019\u0131n kozmolojiye dair \u00e2yetlerinin bu dipsiz deryas\u0131ndan \u00e7\u0131kartt\u0131\u011f\u0131, tarihte zaman ve mek\u00e2n\u0131 ilk kez birlikte ele alan bu e\u015fsiz kozmolojik model, EPR ve Zeno Paradoksu gibi bilim ve felsefedeki kafa kar\u0131\u015ft\u0131r\u0131c\u0131 t\u00e2rih\u00ee \u00e7\u0131kmazlar\u0131 \u00e7\u00f6zmektedir. \u0130bn\u00fc\u2019l-Arab\u00ee\u2019nin e\u015fsiz zaman tasavvuru Kuantum Mekani\u011fini ve \u0130zafiyet Teorisini uzla\u015ft\u0131rmaktad\u0131r.  -Muhammed Hac\u0131 Yusuf- Bilim metafizi\u011fe ihtiya\u00e7 duymaz&#8230; Metafizik de bilime ihtiya\u00e7 duymaz&#8230; Fakat insano\u011flu her ikisine de muhta\u00e7t\u0131r. <\/p>\n","protected":false},"excerpt":{"rendered":"<p>Allah kozmosu alt\u0131 g\u00fcnde mek\u00e2n olarak yaratmaktad\u0131r &#8230; Peki ya zaman olarak? S\u00fbf\u00ee m\u00fctefekkirler, madd\u00ee zamandan m\u00e2nev\u00ee zamana ge\u00e7erek zaman\u0131n hak\u00eekatini anlaman\u0131n ancak Hak yolunun s\u00e2liki<span class=\"excerpt-hellip\"> [\u2026]<\/span><\/p>\n","protected":false},"featured_media":0,"template":"","meta":{"_monsterinsights_skip_tracking":false,"_monsterinsights_sitenote_active":false,"_monsterinsights_sitenote_note":"","_monsterinsights_sitenote_category":0},"product_brand":[],"product_cat":[16789,12718,12719],"product_tag":[],"class_list":{"0":"post-691168","1":"product","2":"type-product","3":"status-publish","5":"product_cat-diger-islam","6":"product_cat-din","7":"product_cat-islam","8":"pa_tur-kitap","9":"pa_yayinevi-nefes-yayincilik","10":"pa_yazar-muhammed-haci-yusuf","12":"first","13":"instock","14":"sale","15":"shipping-taxable","16":"purchasable","17":"product-type-simple"},"_links":{"self":[{"href":"https:\/\/roveyayinevi.com.tr\/index.php\/wp-json\/wp\/v2\/product\/691168","targetHints":{"allow":["GET"]}}],"collection":[{"href":"https:\/\/roveyayinevi.com.tr\/index.php\/wp-json\/wp\/v2\/product"}],"about":[{"href":"https:\/\/roveyayinevi.com.tr\/index.php\/wp-json\/wp\/v2\/types\/product"}],"wp:attachment":[{"href":"https:\/\/roveyayinevi.com.tr\/index.php\/wp-json\/wp\/v2\/media?parent=691168"}],"wp:term":[{"taxonomy":"product_brand","embeddable":true,"href":"https:\/\/roveyayinevi.com.tr\/index.php\/wp-json\/wp\/v2\/product_brand?post=691168"},{"taxonomy":"product_cat","embeddable":true,"href":"https:\/\/roveyayinevi.com.tr\/index.php\/wp-json\/wp\/v2\/product_cat?post=691168"},{"taxonomy":"product_tag","embeddable":true,"href":"https:\/\/roveyayinevi.com.tr\/index.php\/wp-json\/wp\/v2\/product_tag?post=691168"}],"curies":[{"name":"wp","href":"https:\/\/api.w.org\/{rel}","templated":true}]}}