{"id":691166,"date":"2025-08-27T13:56:23","date_gmt":"2025-08-27T10:56:23","guid":{"rendered":"https:\/\/roveyayinevi.com.tr\/index.php\/urun\/sems\/"},"modified":"2026-04-16T02:00:45","modified_gmt":"2026-04-15T23:00:45","slug":"sems","status":"publish","type":"product","link":"https:\/\/roveyayinevi.com.tr\/index.php\/urun\/sems\/","title":{"rendered":"\u015eems"},"content":{"rendered":"<p>Halk benim, h\u00e2ne benim, Tuzak benim, d\u00e2ne benim. Ak\u0131ll\u0131 ve deli benim, Tutsak ve \u00f6zg\u00fcr benim. \u00dcz\u00fcnt\u00fcl\u00fc ve mutlu benim, Uzakla\u015fma, uzakla\u015fma, S\u0131rlar K\u00e2be\u2019si benim, \u015eems-i Tebriz\u00ee \u0130sl\u00e2m tasavvufunda, Hak\u00eekat-i Muhammediyye\u2019nin  Cel\u00e2l  ismi ile ortaya \u00e7\u0131k\u0131\u015f\u0131 olarak ifade edilen g\u00fcne\u015f, t\u00fcm varl\u0131\u011f\u0131n\u0131 Allah\u2019\u0131n manas\u0131 ile doldurmu\u015f bir vel\u00ee olan \u015eems-i Tebriz\u00ee Hazretleri\u2019nde tecell\u00ee etmi\u015ftir. Bu tecell\u00ee, Hz. Mevl\u00e2n\u00e2 Cel\u00e2ledd\u00een-i R\u00fbm\u00ee gibi yanarak olgunla\u015fan bir meyvenin v\u00fcc\u00fbda gelmesi ile kendisini g\u00f6stermi\u015ftir. Peki 700 y\u0131ldan beri h\u0131zla artan bir enerji ile b\u00fct\u00fcn d\u00fcnyaya tesir eden Mevl\u00e2n\u00e2\u2019n\u0131n hocas\u0131 \u015eems-i Tebriz\u00ee kimdir? Nerede d\u00fcnyaya gelmi\u015f ve kimlerden, hangi e\u011fitimleri alm\u0131\u015ft\u0131r? Ailesi kimdir ve hangi \u015fartlar alt\u0131nda yeti\u015ftirilmi\u015ftir? Huy, ahlak ve ya\u015fam tarz\u0131 nas\u0131ld\u0131r? Onun kainat\u0131 yorumlay\u0131\u015f\u0131nda hangi s\u0131rlar gizlidir? Neden Mevl\u00e2n\u00e2\u2019y\u0131 ir\u015fad i\u00e7in \u015eam\u2019dan Konya\u2019ya gelmi\u015ftir? \u015eems-i Tebriz\u00ee\u2019nin ak\u00eebeti nedir ve kabri nerededir? Cemalnur Sargut, Mahmut Erol K\u0131l\u0131\u00e7, Semih Ceyhan, Carl Ernst, Omid Safi gibi birbirinden de\u011ferli 27 akademisyen ve ara\u015ft\u0131rmac\u0131n\u0131n kat\u0131l\u0131m\u0131yla, 2009 y\u0131l\u0131nda ger\u00e7ekle\u015ftirilen  Uluslararas\u0131 Hz. \u015eems Sempozyumu \u2018nda anlat\u0131lanlardan olu\u015fan elinizdeki eser, Hz. \u015eems-i Tebriz\u00ee ile ilgili merak edilen konularda rehberlik edebilecek bir kaynak eser niteli\u011fi ta\u015f\u0131maktad\u0131r. <\/p>\n","protected":false},"excerpt":{"rendered":"<p>Halk benim, h\u00e2ne benim, Tuzak benim, d\u00e2ne benim. Ak\u0131ll\u0131 ve deli benim, Tutsak ve \u00f6zg\u00fcr benim. \u00dcz\u00fcnt\u00fcl\u00fc ve mutlu benim, Uzakla\u015fma, uzakla\u015fma, S\u0131rlar K\u00e2be\u2019si benim, \u015eems-i<span class=\"excerpt-hellip\"> [\u2026]<\/span><\/p>\n","protected":false},"featured_media":0,"template":"","meta":{"_monsterinsights_skip_tracking":false,"_monsterinsights_sitenote_active":false,"_monsterinsights_sitenote_note":"","_monsterinsights_sitenote_category":0},"product_brand":[],"product_cat":[12718,12719,12720],"product_tag":[],"class_list":{"0":"post-691166","1":"product","2":"type-product","3":"status-publish","5":"product_cat-din","6":"product_cat-islam","7":"product_cat-tasavvuf-mezhepler-tarikatlar","8":"pa_tur-kitap","9":"pa_yayinevi-nefes-yayincilik","10":"pa_yazar-kolektif","12":"first","13":"instock","14":"sale","15":"shipping-taxable","16":"purchasable","17":"product-type-simple"},"_links":{"self":[{"href":"https:\/\/roveyayinevi.com.tr\/index.php\/wp-json\/wp\/v2\/product\/691166","targetHints":{"allow":["GET"]}}],"collection":[{"href":"https:\/\/roveyayinevi.com.tr\/index.php\/wp-json\/wp\/v2\/product"}],"about":[{"href":"https:\/\/roveyayinevi.com.tr\/index.php\/wp-json\/wp\/v2\/types\/product"}],"wp:attachment":[{"href":"https:\/\/roveyayinevi.com.tr\/index.php\/wp-json\/wp\/v2\/media?parent=691166"}],"wp:term":[{"taxonomy":"product_brand","embeddable":true,"href":"https:\/\/roveyayinevi.com.tr\/index.php\/wp-json\/wp\/v2\/product_brand?post=691166"},{"taxonomy":"product_cat","embeddable":true,"href":"https:\/\/roveyayinevi.com.tr\/index.php\/wp-json\/wp\/v2\/product_cat?post=691166"},{"taxonomy":"product_tag","embeddable":true,"href":"https:\/\/roveyayinevi.com.tr\/index.php\/wp-json\/wp\/v2\/product_tag?post=691166"}],"curies":[{"name":"wp","href":"https:\/\/api.w.org\/{rel}","templated":true}]}}