{"id":691164,"date":"2025-08-27T13:56:22","date_gmt":"2025-08-27T10:56:22","guid":{"rendered":"https:\/\/roveyayinevi.com.tr\/index.php\/urun\/peygambere-sevdirilen-kadin\/"},"modified":"2026-04-16T02:00:45","modified_gmt":"2026-04-15T23:00:45","slug":"peygambere-sevdirilen-kadin","status":"publish","type":"product","link":"https:\/\/roveyayinevi.com.tr\/index.php\/urun\/peygambere-sevdirilen-kadin\/","title":{"rendered":"Peygambere Sevdirilen Kad\u0131n"},"content":{"rendered":"<p>\u0130slam dininin ve Peygamberinin kad\u0131na verdi\u011fi de\u011fer hangi \u00f6l\u00e7\u00fcdedir?   gibi son derece merak edilen ve \u00e7o\u011funlukla eksik ya da yanl\u0131\u015f bilinen sorular\u0131n cevab\u0131 niteli\u011findedir. <\/p>\n","protected":false},"excerpt":{"rendered":"<p>\u0130slam dininin ve Peygamberinin kad\u0131na verdi\u011fi de\u011fer hangi \u00f6l\u00e7\u00fcdedir? gibi son derece merak edilen ve \u00e7o\u011funlukla eksik ya da yanl\u0131\u015f bilinen sorular\u0131n cevab\u0131 niteli\u011findedir.<\/p>\n","protected":false},"featured_media":0,"template":"","meta":{"_monsterinsights_skip_tracking":false,"_monsterinsights_sitenote_active":false,"_monsterinsights_sitenote_note":"","_monsterinsights_sitenote_category":0},"product_brand":[],"product_cat":[16789,12718,12719],"product_tag":[],"class_list":{"0":"post-691164","1":"product","2":"type-product","3":"status-publish","5":"product_cat-diger-islam","6":"product_cat-din","7":"product_cat-islam","8":"pa_tur-kitap","9":"pa_yayinevi-nefes-yayincilik","10":"pa_yazar-kolektif","12":"first","13":"instock","14":"sale","15":"shipping-taxable","16":"purchasable","17":"product-type-simple"},"_links":{"self":[{"href":"https:\/\/roveyayinevi.com.tr\/index.php\/wp-json\/wp\/v2\/product\/691164","targetHints":{"allow":["GET"]}}],"collection":[{"href":"https:\/\/roveyayinevi.com.tr\/index.php\/wp-json\/wp\/v2\/product"}],"about":[{"href":"https:\/\/roveyayinevi.com.tr\/index.php\/wp-json\/wp\/v2\/types\/product"}],"wp:attachment":[{"href":"https:\/\/roveyayinevi.com.tr\/index.php\/wp-json\/wp\/v2\/media?parent=691164"}],"wp:term":[{"taxonomy":"product_brand","embeddable":true,"href":"https:\/\/roveyayinevi.com.tr\/index.php\/wp-json\/wp\/v2\/product_brand?post=691164"},{"taxonomy":"product_cat","embeddable":true,"href":"https:\/\/roveyayinevi.com.tr\/index.php\/wp-json\/wp\/v2\/product_cat?post=691164"},{"taxonomy":"product_tag","embeddable":true,"href":"https:\/\/roveyayinevi.com.tr\/index.php\/wp-json\/wp\/v2\/product_tag?post=691164"}],"curies":[{"name":"wp","href":"https:\/\/api.w.org\/{rel}","templated":true}]}}