{"id":691161,"date":"2025-08-27T13:56:22","date_gmt":"2025-08-27T10:56:22","guid":{"rendered":"https:\/\/roveyayinevi.com.tr\/index.php\/urun\/seferler-ibnul-arabi\/"},"modified":"2026-04-16T02:00:45","modified_gmt":"2026-04-15T23:00:45","slug":"seferler-ibnul-arabi","status":"publish","type":"product","link":"https:\/\/roveyayinevi.com.tr\/index.php\/urun\/seferler-ibnul-arabi\/","title":{"rendered":"Seferler \u0130bn\u00fc&#8217;l-Arabi"},"content":{"rendered":"<p>\u00c2lem hareket \u00fczerine kurulmu\u015ftur. \u00c7\u00fcnk\u00fc \u00e2lemin ba\u015flang\u0131c\u0131 hareketle ger\u00e7ekle\u015fmi\u015ftir. Bu y\u00fczden ulv\u00ee \u00e2lemde ve s\u00fcfl\u00ee \u00e2lemde seferler asla bitmez, zerreden k\u00fcreye, maddeden m\u00e2n\u00e2ya b\u00fct\u00fcn \u00e2lem sefer \u00fczeredir. Elinizdeki kitap tasavvuf d\u00fcnyas\u0131n\u0131n iki \u00f6nemli yazar\u0131 olan \u0130bn\u00fc\u2019l-Arab\u00ee ve Abd\u00fclker\u00eem C\u00eel\u00ee\u2019nin, madd\u00ee ve m\u00e2nev\u00ee seferleri yorumlad\u0131klar\u0131 el-\u0130sf\u00e2r isimli eserlerinin T\u00fcrk\u00e7e terc\u00fcmelerinden meydana geliyor. \u0130bn\u00fc\u2019l-Arab\u00ee ve C\u00eel\u00ee bu kitaplar\u0131nda sefer kavram\u0131n\u0131 metafizik bir tarzda yorumluyor ve il\u00e2h\u00ee isimlerin, Kur\u2019\u00e2n\u2019\u0131n, peygamberlerin ve namaz k\u0131lan kimsenin seferlerini anlat\u0131yorlar. <\/p>\n","protected":false},"excerpt":{"rendered":"<p>\u00c2lem hareket \u00fczerine kurulmu\u015ftur. \u00c7\u00fcnk\u00fc \u00e2lemin ba\u015flang\u0131c\u0131 hareketle ger\u00e7ekle\u015fmi\u015ftir. Bu y\u00fczden ulv\u00ee \u00e2lemde ve s\u00fcfl\u00ee \u00e2lemde seferler asla bitmez, zerreden k\u00fcreye, maddeden m\u00e2n\u00e2ya b\u00fct\u00fcn \u00e2lem sefer<span class=\"excerpt-hellip\"> [\u2026]<\/span><\/p>\n","protected":false},"featured_media":0,"template":"","meta":{"_monsterinsights_skip_tracking":false,"_monsterinsights_sitenote_active":false,"_monsterinsights_sitenote_note":"","_monsterinsights_sitenote_category":0},"product_brand":[],"product_cat":[12718,12719,12720],"product_tag":[],"class_list":{"0":"post-691161","1":"product","2":"type-product","3":"status-publish","5":"product_cat-din","6":"product_cat-islam","7":"product_cat-tasavvuf-mezhepler-tarikatlar","8":"pa_cilt-ciltsiz","9":"pa_tur-kitap","10":"pa_yayinevi-nefes-yayincilik","11":"pa_yazar-muhyiddin-ibn-arabi","13":"first","14":"instock","15":"sale","16":"shipping-taxable","17":"purchasable","18":"product-type-simple"},"_links":{"self":[{"href":"https:\/\/roveyayinevi.com.tr\/index.php\/wp-json\/wp\/v2\/product\/691161","targetHints":{"allow":["GET"]}}],"collection":[{"href":"https:\/\/roveyayinevi.com.tr\/index.php\/wp-json\/wp\/v2\/product"}],"about":[{"href":"https:\/\/roveyayinevi.com.tr\/index.php\/wp-json\/wp\/v2\/types\/product"}],"wp:attachment":[{"href":"https:\/\/roveyayinevi.com.tr\/index.php\/wp-json\/wp\/v2\/media?parent=691161"}],"wp:term":[{"taxonomy":"product_brand","embeddable":true,"href":"https:\/\/roveyayinevi.com.tr\/index.php\/wp-json\/wp\/v2\/product_brand?post=691161"},{"taxonomy":"product_cat","embeddable":true,"href":"https:\/\/roveyayinevi.com.tr\/index.php\/wp-json\/wp\/v2\/product_cat?post=691161"},{"taxonomy":"product_tag","embeddable":true,"href":"https:\/\/roveyayinevi.com.tr\/index.php\/wp-json\/wp\/v2\/product_tag?post=691161"}],"curies":[{"name":"wp","href":"https:\/\/api.w.org\/{rel}","templated":true}]}}