{"id":691160,"date":"2025-08-27T13:56:22","date_gmt":"2025-08-27T10:56:22","guid":{"rendered":"https:\/\/roveyayinevi.com.tr\/index.php\/urun\/kenan-rifaiden-mesnevi-hatiralari\/"},"modified":"2026-04-16T02:00:45","modified_gmt":"2026-04-15T23:00:45","slug":"kenan-rifaiden-mesnevi-hatiralari","status":"publish","type":"product","link":"https:\/\/roveyayinevi.com.tr\/index.php\/urun\/kenan-rifaiden-mesnevi-hatiralari\/","title":{"rendered":"Ken\u2019an Rifai\u2019den Mesnevi Hat\u0131ralar\u0131"},"content":{"rendered":"<p>Ya\u015fad\u0131\u011f\u0131 devrin manevi sahibi olan Hazret-i Mevl\u00e2n\u00e2 insanl\u0131\u011f\u0131n \u015fifa bulmak i\u00e7in sar\u0131ld\u0131\u011f\u0131 bir \u00e7ok eserin de sahibidir. Hazret-i Mevl\u00e2n\u00e2\u2019n\u0131n b\u00fct\u00fcn eserleri derin ara\u015ft\u0131rmalar ve incelemelere tabi tutulmu\u015f, tasavvuf ilminin anla\u015f\u0131lmas\u0131nda ve \u00f6zellikle sosyal ilimlerin geli\u015ftirilmesinde kaynak olarak kullan\u0131lm\u0131\u015ft\u0131r. Her eserinde farkl\u0131 hikmetler, farkl\u0131 idrak seviyelerine hitaplar bulunmas\u0131na kar\u015f\u0131l\u0131k, Mesnev\u00ee isimli esere b\u00fct\u00fcn tasavvuf tarikatlar\u0131 ayr\u0131 bir \u00f6nem atfetmi\u015ftir. Zira Mesnev\u00ee, Kur\u2019an \u00e2yetlerini ve hadisleri referans alarak insan\u0131n nas\u0131l olgunla\u015faca\u011f\u0131n\u0131 bir y\u00f6ntem \u00fczere tarif eden m\u00fcr\u015fid kitapt\u0131r. 1908-1925 y\u0131llar\u0131 aras\u0131nda \u00dcmm\u00fc Ken\u2019\u00e2n derg\u00e2h\u0131nda \u00f6\u011frencileri ile birlikte Mesnev\u00ee-i \u015eer\u00eef okumalar\u0131 yapan Ken\u2019\u00e2n Rif\u00e2\u00ee Hazretleri, bu dersler boyunca eserin alt\u0131 cildinin de \u015ferhini yapm\u0131\u015ft\u0131r. Bu alt\u0131 cildin birinci cildi \u015ferh edilirken Ken\u2019\u00e2n Rif\u00e2\u00ee Hazretleri\u2019nin o\u011flu K\u00e2z\u0131m B\u00fcy\u00fckaksoy beyefendinin tuttu\u011fu notlar\u0131n bir araya getirilmesi ile elinizde bulunan Mesnev\u00ee H\u00e2t\u0131ralar\u0131 isimli eser meydana getirilmi\u015ftir. Mesnev\u00ee H\u00e2t\u0131ralar\u0131, Mesnev\u00ee\u2019nin esrar perdelerinin, Ken\u2019\u00e2n Rif\u00e2\u00ee Hazretleri\u2019nin d\u00fcny\u00e2y\u0131 ve \u00e2hireti birleyen bak\u0131\u015f a\u00e7\u0131s\u0131 ile araland\u0131\u011f\u0131, hik\u00e2yelerde ge\u00e7en karakterlerin neyi simgeledi\u011finin ve b\u00f6ylece hikayelerin hikmetlerinin etrafl\u0131ca anlat\u0131ld\u0131\u011f\u0131 bir kaynak eserdir. <\/p>\n","protected":false},"excerpt":{"rendered":"<p>Ya\u015fad\u0131\u011f\u0131 devrin manevi sahibi olan Hazret-i Mevl\u00e2n\u00e2 insanl\u0131\u011f\u0131n \u015fifa bulmak i\u00e7in sar\u0131ld\u0131\u011f\u0131 bir \u00e7ok eserin de sahibidir. Hazret-i Mevl\u00e2n\u00e2\u2019n\u0131n b\u00fct\u00fcn eserleri derin ara\u015ft\u0131rmalar ve incelemelere tabi<span class=\"excerpt-hellip\"> [\u2026]<\/span><\/p>\n","protected":false},"featured_media":0,"template":"","meta":{"_monsterinsights_skip_tracking":false,"_monsterinsights_sitenote_active":false,"_monsterinsights_sitenote_note":"","_monsterinsights_sitenote_category":0},"product_brand":[],"product_cat":[12718,18102,12719],"product_tag":[],"class_list":{"0":"post-691160","1":"product","2":"type-product","3":"status-publish","5":"product_cat-din","6":"product_cat-edebiyat-roman","7":"product_cat-islam","8":"pa_tur-kitap","9":"pa_yayinevi-nefes-yayincilik","10":"pa_yazar-kazim-buyukaksoy","12":"first","13":"instock","14":"sale","15":"shipping-taxable","16":"purchasable","17":"product-type-simple"},"_links":{"self":[{"href":"https:\/\/roveyayinevi.com.tr\/index.php\/wp-json\/wp\/v2\/product\/691160","targetHints":{"allow":["GET"]}}],"collection":[{"href":"https:\/\/roveyayinevi.com.tr\/index.php\/wp-json\/wp\/v2\/product"}],"about":[{"href":"https:\/\/roveyayinevi.com.tr\/index.php\/wp-json\/wp\/v2\/types\/product"}],"wp:attachment":[{"href":"https:\/\/roveyayinevi.com.tr\/index.php\/wp-json\/wp\/v2\/media?parent=691160"}],"wp:term":[{"taxonomy":"product_brand","embeddable":true,"href":"https:\/\/roveyayinevi.com.tr\/index.php\/wp-json\/wp\/v2\/product_brand?post=691160"},{"taxonomy":"product_cat","embeddable":true,"href":"https:\/\/roveyayinevi.com.tr\/index.php\/wp-json\/wp\/v2\/product_cat?post=691160"},{"taxonomy":"product_tag","embeddable":true,"href":"https:\/\/roveyayinevi.com.tr\/index.php\/wp-json\/wp\/v2\/product_tag?post=691160"}],"curies":[{"name":"wp","href":"https:\/\/api.w.org\/{rel}","templated":true}]}}