{"id":691159,"date":"2025-08-27T13:56:21","date_gmt":"2025-08-27T10:56:21","guid":{"rendered":"https:\/\/roveyayinevi.com.tr\/index.php\/urun\/outliers\/"},"modified":"2026-04-16T02:00:45","modified_gmt":"2026-04-15T23:00:45","slug":"outliers","status":"publish","type":"product","link":"https:\/\/roveyayinevi.com.tr\/index.php\/urun\/outliers\/","title":{"rendered":"Outliers"},"content":{"rendered":"<p>Baz\u0131 insanlar neden ba\u015fkalar\u0131ndan daha ba\u015far\u0131l\u0131 olur?Ba\u015far\u0131l\u0131 insanlar hakk\u0131nda anlat\u0131lan bir hikaye vard\u0131r; onlar\u0131n zeki ve h\u0131rsl\u0131 olduklar\u0131 s\u00f6ylenir. Outliers\u2019te Malcolm Gladwell ba\u015far\u0131n\u0131n ger\u00e7ek hikayesinin bundan \u00e7ok farkl\u0131 oldu\u011funu ve baz\u0131 insanlar\u0131n neden ba\u015far\u0131l\u0131 oldu\u011funu anlamak i\u00e7in, bunlar\u0131n \u00e7evrelerine daha dikkatli bakmam\u0131z gerekti\u011fini iddia ediyor. Mesela aileleri, do\u011fum yerleri ve hatta do\u011fum tarihleri\u2026 Ba\u015far\u0131n\u0131n hik\u00e2yesi ba\u015fta g\u00f6r\u00fcnd\u00fc\u011f\u00fcnden daha karma\u015f\u0131k ve \u00e7ok daha ilgi \u00e7ekici\u2026 Outliers, Beatles ve Bill Gates\u2019in ortak yanlar\u0131n\u0131n ne oldu\u011funu, Asyal\u0131lar\u0131n matematikteki ola\u011fan\u00fcst\u00fc ba\u015far\u0131s\u0131n\u0131n s\u0131rr\u0131n\u0131, star sporcular\u0131n bilinmeyen avantajlar\u0131n\u0131 ve t\u00fcm New Yorklu avukatlar\u0131n \u00f6zge\u00e7mi\u015flerinin neden ayn\u0131 oldu\u011funu ve d\u00fcnyan\u0131n en zeki adam\u0131n\u0131n neden ad\u0131n\u0131 bile duymad\u0131\u011f\u0131n\u0131z\u0131 a\u00e7\u0131kl\u0131yor. Bunlar\u0131n hepsi de nesiller, aile, k\u00fclt\u00fcr ve s\u0131n\u0131f a\u00e7\u0131lar\u0131ndan a\u00e7\u0131klan\u0131yor. Gladwell\u2019in iddias\u0131na g\u00f6re, bir Silikon Vadisi milyarderi olmak istiyorsan\u0131z, hangi y\u0131l; ba\u015far\u0131l\u0131 bir pilot olmak istiyorsan\u0131z nerede do\u011fdu\u011funuz \u00e7ok \u00f6nemli. \u00c7izginin d\u0131\u015f\u0131ndakilerin yani normal beklentilerin \u00f6tesinde ba\u015far\u0131y\u0131 yakalayan ki\u015filerin hayatlar\u0131 tuhaf ve al\u0131\u015f\u0131lmad\u0131k bir mant\u0131k izliyor. Gladwell bu mant\u0131\u011f\u0131 basitle\u015ftirirken insan\u0131n kendi potansiyelinden en y\u00fcksek seviyede nas\u0131l yararlanaca\u011f\u0131 konusunda heyecan verici bir plan sunuyor. Malcolm Gladwell, Tipping Point kitab\u0131nda d\u00fcnyay\u0131 anlama \u015feklimizi de\u011fi\u015ftirmi\u015fti Blink\u2019te d\u00fc\u015f\u00fcnme hakk\u0131ndaki d\u00fc\u015f\u00fcncelerimizi de\u011fi\u015ftirdi. Outliers\u2019taysa ba\u015far\u0131 konusundaki anlay\u0131\u015f\u0131m\u0131z\u0131 de\u011fi\u015ftiriyor.<\/p>\n","protected":false},"excerpt":{"rendered":"<p>Baz\u0131 insanlar neden ba\u015fkalar\u0131ndan daha ba\u015far\u0131l\u0131 olur?Ba\u015far\u0131l\u0131 insanlar hakk\u0131nda anlat\u0131lan bir hikaye vard\u0131r; onlar\u0131n zeki ve h\u0131rsl\u0131 olduklar\u0131 s\u00f6ylenir. Outliers\u2019te Malcolm Gladwell ba\u015far\u0131n\u0131n ger\u00e7ek hikayesinin bundan<span class=\"excerpt-hellip\"> [\u2026]<\/span><\/p>\n","protected":false},"featured_media":0,"template":"","meta":{"_monsterinsights_skip_tracking":false,"_monsterinsights_sitenote_active":false,"_monsterinsights_sitenote_note":"","_monsterinsights_sitenote_category":0},"product_brand":[],"product_cat":[12364,12376],"product_tag":[],"class_list":{"0":"post-691159","1":"product","2":"type-product","3":"status-publish","5":"product_cat-genel-konular","6":"product_cat-kisisel-gelisim","7":"pa_cilt-ciltsiz","8":"pa_tur-kitap","9":"pa_yayinevi-mediacat-kitaplari","10":"pa_yazar-malcolm-gladwell","12":"first","13":"instock","14":"sale","15":"shipping-taxable","16":"purchasable","17":"product-type-simple"},"_links":{"self":[{"href":"https:\/\/roveyayinevi.com.tr\/index.php\/wp-json\/wp\/v2\/product\/691159","targetHints":{"allow":["GET"]}}],"collection":[{"href":"https:\/\/roveyayinevi.com.tr\/index.php\/wp-json\/wp\/v2\/product"}],"about":[{"href":"https:\/\/roveyayinevi.com.tr\/index.php\/wp-json\/wp\/v2\/types\/product"}],"wp:attachment":[{"href":"https:\/\/roveyayinevi.com.tr\/index.php\/wp-json\/wp\/v2\/media?parent=691159"}],"wp:term":[{"taxonomy":"product_brand","embeddable":true,"href":"https:\/\/roveyayinevi.com.tr\/index.php\/wp-json\/wp\/v2\/product_brand?post=691159"},{"taxonomy":"product_cat","embeddable":true,"href":"https:\/\/roveyayinevi.com.tr\/index.php\/wp-json\/wp\/v2\/product_cat?post=691159"},{"taxonomy":"product_tag","embeddable":true,"href":"https:\/\/roveyayinevi.com.tr\/index.php\/wp-json\/wp\/v2\/product_tag?post=691159"}],"curies":[{"name":"wp","href":"https:\/\/api.w.org\/{rel}","templated":true}]}}