{"id":691157,"date":"2025-08-27T13:56:21","date_gmt":"2025-08-27T10:56:21","guid":{"rendered":"https:\/\/roveyayinevi.com.tr\/index.php\/urun\/ilm-i-ask\/"},"modified":"2026-04-16T02:00:45","modified_gmt":"2026-04-15T23:00:45","slug":"ilm-i-ask","status":"publish","type":"product","link":"https:\/\/roveyayinevi.com.tr\/index.php\/urun\/ilm-i-ask\/","title":{"rendered":"\u0130lm-i A\u015fk"},"content":{"rendered":"<p>\u0130nanmazsan anlatamam ki sana, zira a\u015fk inanmakla ba\u015fl\u0131yor.  A\u015fk bahsine bir g\u00fcl dal\u0131 ile giriverdim ben. Hi\u00e7 sual etmedim, a\u015fk dedim, inledim. Zahitlerin, dervi\u015flerin k\u0131rk g\u00fcnde tamam etti\u011fi \u00e7ileyi, ben k\u0131rk senede tamam eyledim. K\u0131rk senede k\u0131rk efsunlu kelime dev\u015firdim de \u0130lm-i A\u015fk d\u00fc\u015ft\u00fc avu\u00e7lar\u0131ma. S\u00fck\u00fbtu bildim, lakin susamad\u0131m. Sussayd\u0131m a\u015fk beni terk eyleyecekti belki. Bu sebeple d\u00fc\u015ft\u00fcm yollara ve dahi  A\u015fk yolda olmakt\u0131r  dedim, \u00f6yle bildim, \u00f6yle inand\u0131m. S\u00fck\u00fbt eylemek istedim, lakin kelimeler \u00f6yle g\u00fczeldiler ki, k\u0131yamad\u0131m. \u0130lm-i A\u015fk \u00f6mr\u00fcm\u00fcn h\u00fclasas\u0131d\u0131r. Ezelden bedenime nak\u015fedilmi\u015f goncad\u0131r a\u015fk. Dile\u011fim odur ki a\u015fk\u0131 bilenlerin elinde, a\u015fk\u0131 terenn\u00fcm edenlerin dilinde seneleri \u00e2n eylesin. Benim lisan\u0131mda, s\u00fck\u00fbtum dahi a\u015fk\u0131 s\u00f6ylesin. A\u015fk onu i\u015fitecek kulak ar\u0131yor, a\u015fk ismini s\u00f6yleyecek dudak ar\u0131yor. A\u015fk seni ar\u0131yor, ama bilmiyorsun ey k\u00e2ri. A\u015fk olsun&#8230; <\/p>\n","protected":false},"excerpt":{"rendered":"<p>\u0130nanmazsan anlatamam ki sana, zira a\u015fk inanmakla ba\u015fl\u0131yor. A\u015fk bahsine bir g\u00fcl dal\u0131 ile giriverdim ben. Hi\u00e7 sual etmedim, a\u015fk dedim, inledim. Zahitlerin, dervi\u015flerin k\u0131rk g\u00fcnde<span class=\"excerpt-hellip\"> [\u2026]<\/span><\/p>\n","protected":false},"featured_media":0,"template":"","meta":{"_monsterinsights_skip_tracking":false,"_monsterinsights_sitenote_active":false,"_monsterinsights_sitenote_note":"","_monsterinsights_sitenote_category":0},"product_brand":[],"product_cat":[12718,18102,12719],"product_tag":[],"class_list":{"0":"post-691157","1":"product","2":"type-product","3":"status-publish","5":"product_cat-din","6":"product_cat-edebiyat-roman","7":"product_cat-islam","8":"pa_tur-kitap","9":"pa_yayinevi-nesil-yayinlari","10":"pa_yazar-fatih-duman","12":"first","13":"instock","14":"sale","15":"shipping-taxable","16":"purchasable","17":"product-type-simple"},"_links":{"self":[{"href":"https:\/\/roveyayinevi.com.tr\/index.php\/wp-json\/wp\/v2\/product\/691157","targetHints":{"allow":["GET"]}}],"collection":[{"href":"https:\/\/roveyayinevi.com.tr\/index.php\/wp-json\/wp\/v2\/product"}],"about":[{"href":"https:\/\/roveyayinevi.com.tr\/index.php\/wp-json\/wp\/v2\/types\/product"}],"wp:attachment":[{"href":"https:\/\/roveyayinevi.com.tr\/index.php\/wp-json\/wp\/v2\/media?parent=691157"}],"wp:term":[{"taxonomy":"product_brand","embeddable":true,"href":"https:\/\/roveyayinevi.com.tr\/index.php\/wp-json\/wp\/v2\/product_brand?post=691157"},{"taxonomy":"product_cat","embeddable":true,"href":"https:\/\/roveyayinevi.com.tr\/index.php\/wp-json\/wp\/v2\/product_cat?post=691157"},{"taxonomy":"product_tag","embeddable":true,"href":"https:\/\/roveyayinevi.com.tr\/index.php\/wp-json\/wp\/v2\/product_tag?post=691157"}],"curies":[{"name":"wp","href":"https:\/\/api.w.org\/{rel}","templated":true}]}}