{"id":691156,"date":"2025-08-27T13:56:21","date_gmt":"2025-08-27T10:56:21","guid":{"rendered":"https:\/\/roveyayinevi.com.tr\/index.php\/urun\/viyola-icin-piyano-eslikli-album-1\/"},"modified":"2026-04-16T02:00:45","modified_gmt":"2026-04-15T23:00:45","slug":"viyola-icin-piyano-eslikli-album-1","status":"publish","type":"product","link":"https:\/\/roveyayinevi.com.tr\/index.php\/urun\/viyola-icin-piyano-eslikli-album-1\/","title":{"rendered":"Viyola \u0130\u00e7in Piyano E\u015flikli Alb\u00fcm &#8211; 1"},"content":{"rendered":"<p>Bu alb\u00fcm ve i\u00e7indeki par\u00e7alar ba\u015flang\u0131\u00e7 a\u015famas\u0131ndaki \u00f6\u011frenciler i\u00e7indir. Eserlerde sadece birinci pozisyon kullan\u0131lm\u0131\u015f ve zorluk derecelerine g\u00f6re s\u0131ralanm\u0131\u015ft\u0131r. T\u00fcm\u00fc piyano e\u015flikli olan par\u00e7alar\u0131n tamam\u0131 hem s\u0131navlarda hem de konserlerde seslendirilebilecek niteliktedir. Bu kitap, keman eserlerinin viyolaya uyarlanmas\u0131 ve d\u00fczenlenmesiyle olu\u015fturulmu\u015ftur. Eserler bas\u0131lmadan \u00f6nce, uzunca bir s\u00fcre derslerde denenmi\u015f ve sonunda \u00f6\u011frencilerin \u00e7alg\u0131lar\u0131n\u0131 daha fazla sevdi\u011fi, derse daha istekli geldikleri ve ba\u015far\u0131lar\u0131n\u0131n artt\u0131\u011f\u0131 g\u00f6zlenmi\u015ftir. Kitapta yer alan eserler \u00f6\u011frencilerin de iste\u011fi \u00fczerine bu alb\u00fcmde toplanm\u0131\u015ft\u0131r. Daha ileri d\u00fczeylerdeki eserleri i\u00e7eren alb\u00fcmlerin yay\u0131n haz\u0131rl\u0131klar\u0131 ise halen devam etmektedir.<\/p>\n","protected":false},"excerpt":{"rendered":"<p>Bu alb\u00fcm ve i\u00e7indeki par\u00e7alar ba\u015flang\u0131\u00e7 a\u015famas\u0131ndaki \u00f6\u011frenciler i\u00e7indir. Eserlerde sadece birinci pozisyon kullan\u0131lm\u0131\u015f ve zorluk derecelerine g\u00f6re s\u0131ralanm\u0131\u015ft\u0131r. T\u00fcm\u00fc piyano e\u015flikli olan par\u00e7alar\u0131n tamam\u0131 hem<span class=\"excerpt-hellip\"> [\u2026]<\/span><\/p>\n","protected":false},"featured_media":0,"template":"","meta":{"_monsterinsights_skip_tracking":false,"_monsterinsights_sitenote_active":false,"_monsterinsights_sitenote_note":"","_monsterinsights_sitenote_category":0},"product_brand":[],"product_cat":[14556,14557],"product_tag":[],"class_list":{"0":"post-691156","1":"product","2":"type-product","3":"status-publish","5":"product_cat-muzik","6":"product_cat-nota-kitaplari","7":"pa_cilt-ciltsiz","8":"pa_tur-kitap","9":"pa_yayinevi-muzik-egitimi-yayinlari","10":"pa_yazar-meltem-erol-duzbastilar","12":"first","13":"instock","14":"sale","15":"shipping-taxable","16":"purchasable","17":"product-type-simple"},"_links":{"self":[{"href":"https:\/\/roveyayinevi.com.tr\/index.php\/wp-json\/wp\/v2\/product\/691156","targetHints":{"allow":["GET"]}}],"collection":[{"href":"https:\/\/roveyayinevi.com.tr\/index.php\/wp-json\/wp\/v2\/product"}],"about":[{"href":"https:\/\/roveyayinevi.com.tr\/index.php\/wp-json\/wp\/v2\/types\/product"}],"wp:attachment":[{"href":"https:\/\/roveyayinevi.com.tr\/index.php\/wp-json\/wp\/v2\/media?parent=691156"}],"wp:term":[{"taxonomy":"product_brand","embeddable":true,"href":"https:\/\/roveyayinevi.com.tr\/index.php\/wp-json\/wp\/v2\/product_brand?post=691156"},{"taxonomy":"product_cat","embeddable":true,"href":"https:\/\/roveyayinevi.com.tr\/index.php\/wp-json\/wp\/v2\/product_cat?post=691156"},{"taxonomy":"product_tag","embeddable":true,"href":"https:\/\/roveyayinevi.com.tr\/index.php\/wp-json\/wp\/v2\/product_tag?post=691156"}],"curies":[{"name":"wp","href":"https:\/\/api.w.org\/{rel}","templated":true}]}}