{"id":691154,"date":"2025-08-27T13:56:21","date_gmt":"2025-08-27T10:56:21","guid":{"rendered":"https:\/\/roveyayinevi.com.tr\/index.php\/urun\/noro-marketing\/"},"modified":"2026-04-15T02:01:45","modified_gmt":"2026-04-14T23:01:45","slug":"noro-marketing","status":"publish","type":"product","link":"https:\/\/roveyayinevi.com.tr\/index.php\/urun\/noro-marketing\/","title":{"rendered":"N\u00f6ro Marketing"},"content":{"rendered":"<p>Beyin \u00fczerinde yap\u0131lan son ara\u015ft\u0131rmalar sat\u0131\u015flar\u0131n\u0131z\u0131 nas\u0131l art\u0131rabilir?\u0130nsanlar g\u00fcnde ortalama 10.000 sat\u0131\u015f mesaj\u0131n\u0131n i\u00e7inde bo\u011fulduklar\u0131ndan, sat\u0131\u015f yapmak art\u0131k hi\u00e7 olmad\u0131\u011f\u0131 kadar zor. Bu y\u00fczden n\u00f6robilimin sat\u0131\u015f ve ikna etkilili\u011finizi \u00e7abucak art\u0131racak ke\u015fiflerini \u00f6\u011frenmeniz gerekiyor.En son yap\u0131lan beyin ara\u015ft\u0131rmalar\u0131n\u0131 ve devrim niteli\u011findeki pazarlama \u00e7al\u0131\u015fmalar\u0131n\u0131 ortaya koyarak yazarlar Patrick Renvois\u00e9 ve Christophe Morin, m\u00fc\u015fterileriniz \u00fczerinde b\u00fcy\u00fck bir etki b\u0131rakacak g\u00fc\u00e7l\u00fc, e\u015fsiz ve ak\u0131lda kal\u0131c\u0131 sunumlar i\u00e7in y\u00fcksek etkili teknikler \u00f6\u011fretiyorlar. Bunlar:-M\u00fc\u015fteriden tepki almay\u0131 garantileyen 6 uyar\u0131c\u0131-\u0130\u00e7erik ile mesaj\u0131n sunumunu paralel hale getiren 4 ad\u0131m-\u201cEski beyne\u201d hitap eden 6 mesaj yap\u0131ta\u015f\u0131-Sunumunuzu di\u011ferlerinden farkl\u0131la\u015ft\u0131racak 7 etki art\u0131r\u0131c\u0131Beynin karar verme b\u00f6l\u00fcm\u00fcn\u00fcn nas\u0131l \u00e7al\u0131\u015ft\u0131\u011f\u0131n\u0131 anlad\u0131\u011f\u0131n\u0131zda daha inand\u0131r\u0131c\u0131 sunumlar yapmay\u0131 \u00f6\u011frenecek, daha fazla anla\u015fma sonu\u00e7land\u0131racak, daha etkili pazarlama stratejileri geli\u015ftirip, ikna yetene\u011finizi radikal bir bi\u00e7imde geli\u015ftireceksiniz.<\/p>\n","protected":false},"excerpt":{"rendered":"<p>Beyin \u00fczerinde yap\u0131lan son ara\u015ft\u0131rmalar sat\u0131\u015flar\u0131n\u0131z\u0131 nas\u0131l art\u0131rabilir?\u0130nsanlar g\u00fcnde ortalama 10.000 sat\u0131\u015f mesaj\u0131n\u0131n i\u00e7inde bo\u011fulduklar\u0131ndan, sat\u0131\u015f yapmak art\u0131k hi\u00e7 olmad\u0131\u011f\u0131 kadar zor. Bu y\u00fczden n\u00f6robilimin sat\u0131\u015f<span class=\"excerpt-hellip\"> [\u2026]<\/span><\/p>\n","protected":false},"featured_media":0,"template":"","meta":{"_monsterinsights_skip_tracking":false,"_monsterinsights_sitenote_active":false,"_monsterinsights_sitenote_note":"","_monsterinsights_sitenote_category":0},"product_brand":[],"product_cat":[12364,12376],"product_tag":[],"class_list":{"0":"post-691154","1":"product","2":"type-product","3":"status-publish","5":"product_cat-genel-konular","6":"product_cat-kisisel-gelisim","7":"pa_cilt-ciltsiz","8":"pa_tur-kitap","9":"pa_yayinevi-mediacat-kitaplari","10":"pa_yazar-christophe-morin","12":"first","13":"instock","14":"sale","15":"shipping-taxable","16":"purchasable","17":"product-type-simple"},"_links":{"self":[{"href":"https:\/\/roveyayinevi.com.tr\/index.php\/wp-json\/wp\/v2\/product\/691154","targetHints":{"allow":["GET"]}}],"collection":[{"href":"https:\/\/roveyayinevi.com.tr\/index.php\/wp-json\/wp\/v2\/product"}],"about":[{"href":"https:\/\/roveyayinevi.com.tr\/index.php\/wp-json\/wp\/v2\/types\/product"}],"wp:attachment":[{"href":"https:\/\/roveyayinevi.com.tr\/index.php\/wp-json\/wp\/v2\/media?parent=691154"}],"wp:term":[{"taxonomy":"product_brand","embeddable":true,"href":"https:\/\/roveyayinevi.com.tr\/index.php\/wp-json\/wp\/v2\/product_brand?post=691154"},{"taxonomy":"product_cat","embeddable":true,"href":"https:\/\/roveyayinevi.com.tr\/index.php\/wp-json\/wp\/v2\/product_cat?post=691154"},{"taxonomy":"product_tag","embeddable":true,"href":"https:\/\/roveyayinevi.com.tr\/index.php\/wp-json\/wp\/v2\/product_tag?post=691154"}],"curies":[{"name":"wp","href":"https:\/\/api.w.org\/{rel}","templated":true}]}}