{"id":691153,"date":"2025-08-27T13:56:20","date_gmt":"2025-08-27T10:56:20","guid":{"rendered":"https:\/\/roveyayinevi.com.tr\/index.php\/urun\/mitolojinin-gucu\/"},"modified":"2026-04-16T02:00:44","modified_gmt":"2026-04-15T23:00:44","slug":"mitolojinin-gucu","status":"publish","type":"product","link":"https:\/\/roveyayinevi.com.tr\/index.php\/urun\/mitolojinin-gucu\/","title":{"rendered":"Mitolojinin G\u00fcc\u00fc"},"content":{"rendered":"<p>31 Ekim 1987\u2019de aram\u0131zdan ayr\u0131lan Joseph Campbell d\u00fcnyan\u0131n mitoloji alan\u0131ndaki en \u00f6nemli otoritelerinden biriydi. Ayn\u0131 zamanda akademisyen, yazar ve \u00f6\u011fretmen olan Campbell\u2019a g\u00f6re mitoloji evrenin m\u00fczi\u011fidir. Televizyon gazetecisi Bill Moyers ile Joseph Campbell\u2019\u0131n diyaloglar\u0131n\u0131 i\u00e7eren bu kitap, PBS kanal\u0131 i\u00e7in \u00e7ekilen 6 b\u00f6l\u00fcml\u00fck bir televizyon program\u0131n\u0131 temel al\u0131yor. T\u00fcm ya\u015fam\u0131n\u0131 mitolojiye adayan Joseph Campbell, Bill Moyers\u2019\u0131n mitoloji ve hayatla ilgili t\u00fcm sorular\u0131na i\u00e7tenlikle cevap veriyor. Neden herkesin mitolojiye ihtiya\u00e7 duydu\u011funu anlat\u0131yor. A\u015fk, evlilik, \u00e7ocuklar\u0131m\u0131za anlatt\u0131\u011f\u0131m\u0131z hik\u00e2yeler, kurban k\u00fclt\u00fcr\u00fc, ya\u015fam yolculu\u011fumuz gibi modern d\u00fcnya hallerini antik mitoloji ba\u011flam\u0131nda \u00f6yle bir ele al\u0131yor ki \u00f6n\u00fcn\u00fczde bamba\u015fka bir bak\u0131\u015f a\u00e7\u0131s\u0131n\u0131n belirdi\u011fini fark ediyorsunuz. Campbell ve Moyers, evlilik kurumundan, do\u011fum yapan bakireye, Y\u0131ld\u0131z Sava\u015flar\u0131\u2019ndaki Luke Skywalker gibi kurtar\u0131c\u0131 fig\u00fcr\u00fcnden kahraman fig\u00fcrlerine pek \u00e7ok mitolojik motifin g\u00fcndelik hayatlar\u0131m\u0131zla ili\u015fkisini g\u00f6steriyor. Karma\u015f\u0131k ve soyut gibi g\u00f6r\u00fcnen bu konular\u0131 anla\u015f\u0131l\u0131r soru &#8211; cevap \u00fcslubuyla g\u00fcnl\u00fck hayata ta\u015f\u0131yor. Mitolojinin G\u00fcc\u00fc, Joseph Campbell\u2019\u0131n t\u00fcm eserlerinin herkesin anlayabilece\u011fi muhte\u015fem bir \u00f6zeti. <\/p>\n","protected":false},"excerpt":{"rendered":"<p>31 Ekim 1987\u2019de aram\u0131zdan ayr\u0131lan Joseph Campbell d\u00fcnyan\u0131n mitoloji alan\u0131ndaki en \u00f6nemli otoritelerinden biriydi. Ayn\u0131 zamanda akademisyen, yazar ve \u00f6\u011fretmen olan Campbell\u2019a g\u00f6re mitoloji evrenin m\u00fczi\u011fidir.<span class=\"excerpt-hellip\"> [\u2026]<\/span><\/p>\n","protected":false},"featured_media":0,"template":"","meta":{"_monsterinsights_skip_tracking":false,"_monsterinsights_sitenote_active":false,"_monsterinsights_sitenote_note":"","_monsterinsights_sitenote_category":0},"product_brand":[],"product_cat":[12718,12858],"product_tag":[],"class_list":{"0":"post-691153","1":"product","2":"type-product","3":"status-publish","5":"product_cat-din","6":"product_cat-mitolojiler","7":"pa_cilt-ciltsiz","8":"pa_tur-kitap","9":"pa_yayinevi-mediacat-kitaplari","10":"pa_yazar-bill-moyers","12":"first","13":"instock","14":"sale","15":"shipping-taxable","16":"purchasable","17":"product-type-simple"},"_links":{"self":[{"href":"https:\/\/roveyayinevi.com.tr\/index.php\/wp-json\/wp\/v2\/product\/691153","targetHints":{"allow":["GET"]}}],"collection":[{"href":"https:\/\/roveyayinevi.com.tr\/index.php\/wp-json\/wp\/v2\/product"}],"about":[{"href":"https:\/\/roveyayinevi.com.tr\/index.php\/wp-json\/wp\/v2\/types\/product"}],"wp:attachment":[{"href":"https:\/\/roveyayinevi.com.tr\/index.php\/wp-json\/wp\/v2\/media?parent=691153"}],"wp:term":[{"taxonomy":"product_brand","embeddable":true,"href":"https:\/\/roveyayinevi.com.tr\/index.php\/wp-json\/wp\/v2\/product_brand?post=691153"},{"taxonomy":"product_cat","embeddable":true,"href":"https:\/\/roveyayinevi.com.tr\/index.php\/wp-json\/wp\/v2\/product_cat?post=691153"},{"taxonomy":"product_tag","embeddable":true,"href":"https:\/\/roveyayinevi.com.tr\/index.php\/wp-json\/wp\/v2\/product_tag?post=691153"}],"curies":[{"name":"wp","href":"https:\/\/api.w.org\/{rel}","templated":true}]}}