{"id":691151,"date":"2025-08-27T13:56:20","date_gmt":"2025-08-27T10:56:20","guid":{"rendered":"https:\/\/roveyayinevi.com.tr\/index.php\/urun\/canakkalede-sahlananlar\/"},"modified":"2026-04-16T02:00:44","modified_gmt":"2026-04-15T23:00:44","slug":"canakkalede-sahlananlar","status":"publish","type":"product","link":"https:\/\/roveyayinevi.com.tr\/index.php\/urun\/canakkalede-sahlananlar\/","title":{"rendered":"\u00c7anakkale\u2019de \u015eahlananlar"},"content":{"rendered":"<p>\u00c7anakkale\u2019de ya\u015fananlar, sadece kuru bir  sava\u015f  kelimesiyle a\u00e7\u0131klanamaz. Orada ya\u015fananlara ancak bir milletin  \u015fahlan\u0131\u015f\u0131  denebilir. Osmanl\u0131 torunu yi\u011fit Mehmet\u00e7ikler, y\u00fcreklerindeki iman g\u00fcc\u00fcyle d\u00fcnyan\u0131n  S\u00fcper G\u00fc\u00e7 lerine meydan okumu\u015flard\u0131 \u00c7anakkale\u2019de. Hz. Ali\u2019nin Hayber Kalesi\u2019nin kap\u0131s\u0131n\u0131 s\u00f6kerken \u015fahlan\u0131\u015f\u0131 gibi \u015fahlanm\u0131\u015ft\u0131 Seyit Onba\u015f\u0131&#8230; O \u015fahlan\u0131\u015fla 276 kiloyu s\u0131rtlanm\u0131\u015ft\u0131. O \u015fahlan\u0131\u015f\u0131n tesiriyle M\u00fcstecib Onba\u015f\u0131, bir denizalt\u0131y\u0131, periskopundan, hem de top at\u0131\u015f\u0131yla yakalam\u0131\u015ft\u0131. \u015eehit analar\u0131, o\u011fullar\u0131n\u0131  Ya \u015fehit ol, ya gazi; yeter ki bu vatana d\u00fc\u015fman ayak basmas\u0131n  diye g\u00f6ndermi\u015fti cepheye&#8230; Kahraman han\u0131mlar da e\u015flerini cepheye bizzat kendileri u\u011furlam\u0131\u015f, \u015fehadet haberleri geldi\u011finde de ac\u0131y\u0131 kalplerine g\u00f6mm\u00fc\u015f, aziz hat\u0131ralar\u0131 i\u00e7in her \u00f6\u011f\u00fcn bir tabak da onlar i\u00e7in indirip kald\u0131rm\u0131\u015flard\u0131 sofraya&#8230; Zaferi kazand\u0131ran yi\u011fitler kadar analar da destanlar yazm\u0131\u015ft\u0131 \u00c7anakkale\u2019de&#8230; \u00c7anakkale destan\u0131, kanla ve g\u00f6zya\u015f\u0131yla yaz\u0131lm\u0131\u015ft\u0131. <\/p>\n","protected":false},"excerpt":{"rendered":"<p>\u00c7anakkale\u2019de ya\u015fananlar, sadece kuru bir sava\u015f kelimesiyle a\u00e7\u0131klanamaz. Orada ya\u015fananlara ancak bir milletin \u015fahlan\u0131\u015f\u0131 denebilir. Osmanl\u0131 torunu yi\u011fit Mehmet\u00e7ikler, y\u00fcreklerindeki iman g\u00fcc\u00fcyle d\u00fcnyan\u0131n S\u00fcper G\u00fc\u00e7 lerine<span class=\"excerpt-hellip\"> [\u2026]<\/span><\/p>\n","protected":false},"featured_media":0,"template":"","meta":{"_monsterinsights_skip_tracking":false,"_monsterinsights_sitenote_active":false,"_monsterinsights_sitenote_note":"","_monsterinsights_sitenote_category":0},"product_brand":[],"product_cat":[12291,12745],"product_tag":[],"class_list":{"0":"post-691151","1":"product","2":"type-product","3":"status-publish","5":"product_cat-edebiyat","6":"product_cat-tarihi-roman","7":"pa_tur-kitap","8":"pa_yayinevi-nesil-yayinlari","9":"pa_yazar-vehbi-vakkasoglu","11":"first","12":"instock","13":"sale","14":"shipping-taxable","15":"purchasable","16":"product-type-simple"},"_links":{"self":[{"href":"https:\/\/roveyayinevi.com.tr\/index.php\/wp-json\/wp\/v2\/product\/691151","targetHints":{"allow":["GET"]}}],"collection":[{"href":"https:\/\/roveyayinevi.com.tr\/index.php\/wp-json\/wp\/v2\/product"}],"about":[{"href":"https:\/\/roveyayinevi.com.tr\/index.php\/wp-json\/wp\/v2\/types\/product"}],"wp:attachment":[{"href":"https:\/\/roveyayinevi.com.tr\/index.php\/wp-json\/wp\/v2\/media?parent=691151"}],"wp:term":[{"taxonomy":"product_brand","embeddable":true,"href":"https:\/\/roveyayinevi.com.tr\/index.php\/wp-json\/wp\/v2\/product_brand?post=691151"},{"taxonomy":"product_cat","embeddable":true,"href":"https:\/\/roveyayinevi.com.tr\/index.php\/wp-json\/wp\/v2\/product_cat?post=691151"},{"taxonomy":"product_tag","embeddable":true,"href":"https:\/\/roveyayinevi.com.tr\/index.php\/wp-json\/wp\/v2\/product_tag?post=691151"}],"curies":[{"name":"wp","href":"https:\/\/api.w.org\/{rel}","templated":true}]}}