{"id":691150,"date":"2025-08-27T13:56:20","date_gmt":"2025-08-27T10:56:20","guid":{"rendered":"https:\/\/roveyayinevi.com.tr\/index.php\/urun\/kanuni-sultan-suleyman\/"},"modified":"2026-04-13T02:01:33","modified_gmt":"2026-04-12T23:01:33","slug":"kanuni-sultan-suleyman","status":"publish","type":"product","link":"https:\/\/roveyayinevi.com.tr\/index.php\/urun\/kanuni-sultan-suleyman\/","title":{"rendered":"Kanuni Sultan S\u00fcleyman"},"content":{"rendered":"<p>Bir devlet adam\u0131 d\u00fc\u015f\u00fcn\u00fcn ki, 46 y\u0131l boyunca \u00fclkesini d\u00fcnyan\u0131n daima zirvede \u00fclkesi olarak idare etmeyi ba\u015farm\u0131\u015f olsun&#8230; Ve bir padi\u015fah d\u00fc\u015f\u00fcn\u00fcn ki, yar\u0131m asra yakla\u015fan idaresi s\u00fcresince \u00fclkesinde g\u00fcn\u00fcm\u00fcze \u0131\u015f\u0131k tutacak h\u00fcrriyet ve e\u015fitlik presiplerine uygun bir idare tatbik etsin&#8230; \ufffcTan\u0131t\u0131m Metni<\/p>\n","protected":false},"excerpt":{"rendered":"<p>Bir devlet adam\u0131 d\u00fc\u015f\u00fcn\u00fcn ki, 46 y\u0131l boyunca \u00fclkesini d\u00fcnyan\u0131n daima zirvede \u00fclkesi olarak idare etmeyi ba\u015farm\u0131\u015f olsun&#8230; Ve bir padi\u015fah d\u00fc\u015f\u00fcn\u00fcn ki, yar\u0131m asra yakla\u015fan<span class=\"excerpt-hellip\"> [\u2026]<\/span><\/p>\n","protected":false},"featured_media":0,"template":"","meta":{"_monsterinsights_skip_tracking":false,"_monsterinsights_sitenote_active":false,"_monsterinsights_sitenote_note":"","_monsterinsights_sitenote_category":0},"product_brand":[],"product_cat":[13517,12304],"product_tag":[],"class_list":{"0":"post-691150","1":"product","2":"type-product","3":"status-publish","5":"product_cat-osmanli-tarihi","6":"product_cat-tarih","7":"pa_cilt-ciltsiz","8":"pa_tur-kitap","9":"pa_yayinevi-nesil-yayinlari","10":"pa_yazar-yavuz-bahadiroglu","12":"first","13":"instock","14":"sale","15":"shipping-taxable","16":"purchasable","17":"product-type-simple"},"_links":{"self":[{"href":"https:\/\/roveyayinevi.com.tr\/index.php\/wp-json\/wp\/v2\/product\/691150","targetHints":{"allow":["GET"]}}],"collection":[{"href":"https:\/\/roveyayinevi.com.tr\/index.php\/wp-json\/wp\/v2\/product"}],"about":[{"href":"https:\/\/roveyayinevi.com.tr\/index.php\/wp-json\/wp\/v2\/types\/product"}],"wp:attachment":[{"href":"https:\/\/roveyayinevi.com.tr\/index.php\/wp-json\/wp\/v2\/media?parent=691150"}],"wp:term":[{"taxonomy":"product_brand","embeddable":true,"href":"https:\/\/roveyayinevi.com.tr\/index.php\/wp-json\/wp\/v2\/product_brand?post=691150"},{"taxonomy":"product_cat","embeddable":true,"href":"https:\/\/roveyayinevi.com.tr\/index.php\/wp-json\/wp\/v2\/product_cat?post=691150"},{"taxonomy":"product_tag","embeddable":true,"href":"https:\/\/roveyayinevi.com.tr\/index.php\/wp-json\/wp\/v2\/product_tag?post=691150"}],"curies":[{"name":"wp","href":"https:\/\/api.w.org\/{rel}","templated":true}]}}