{"id":691148,"date":"2025-08-27T13:56:19","date_gmt":"2025-08-27T10:56:19","guid":{"rendered":"https:\/\/roveyayinevi.com.tr\/index.php\/urun\/esir\/"},"modified":"2026-04-16T02:00:44","modified_gmt":"2026-04-15T23:00:44","slug":"esir","status":"publish","type":"product","link":"https:\/\/roveyayinevi.com.tr\/index.php\/urun\/esir\/","title":{"rendered":"Esir"},"content":{"rendered":"<p>Ge\u00e7mi\u015fi bilenler, gelece\u011fe daha bir cesaretle bakar, daha b\u00fcy\u00fck bir azimle istikbale y\u00fcr\u00fcr. Tarihimiz bir abidedir. Bu abideyi ebedile\u015ftirmek i\u00e7in, sayfalar aras\u0131nda kalm\u0131\u015f kahramanl\u0131k destanlar\u0131n\u0131nn romanla\u015ft\u0131r\u0131lmas\u0131, hik\u00e2yele\u015ftirilmesi laz\u0131md\u0131r. Sunguro\u011flu serisi b\u00f6yle bir maksada hizmet i\u00e7in haz\u0131rlanm\u0131\u015ft\u0131r. Ak\u0131n ve fetih ruhunun sembol\u00fc olarak ele al\u0131nan ak\u0131nc\u0131 beyinin hayat\u0131n\u0131 \u015fekillendiren unsurlar, bug\u00fcnde d\u00fcnk\u00fc kadar taze, d\u00fcnk\u00fc kadar ge\u00e7erlidir. Bilhassa gen\u00e7lerin, bu seriden \u00e7ok \u015fey kazanabileceklerini umuyoruz. <\/p>\n","protected":false},"excerpt":{"rendered":"<p>Ge\u00e7mi\u015fi bilenler, gelece\u011fe daha bir cesaretle bakar, daha b\u00fcy\u00fck bir azimle istikbale y\u00fcr\u00fcr. Tarihimiz bir abidedir. Bu abideyi ebedile\u015ftirmek i\u00e7in, sayfalar aras\u0131nda kalm\u0131\u015f kahramanl\u0131k destanlar\u0131n\u0131nn romanla\u015ft\u0131r\u0131lmas\u0131,<span class=\"excerpt-hellip\"> [\u2026]<\/span><\/p>\n","protected":false},"featured_media":0,"template":"","meta":{"_monsterinsights_skip_tracking":false,"_monsterinsights_sitenote_active":false,"_monsterinsights_sitenote_note":"","_monsterinsights_sitenote_category":0},"product_brand":[],"product_cat":[12274,12284],"product_tag":[],"class_list":{"0":"post-691148","1":"product","2":"type-product","3":"status-publish","5":"product_cat-cocuk-ve-genclik-kitaplari","6":"product_cat-hikayeler","7":"pa_cilt-ciltsiz","8":"pa_tur-kitap","9":"pa_yayinevi-nesil-yayinlari","10":"pa_yazar-yavuz-bahadiroglu","12":"first","13":"instock","14":"sale","15":"shipping-taxable","16":"purchasable","17":"product-type-simple"},"_links":{"self":[{"href":"https:\/\/roveyayinevi.com.tr\/index.php\/wp-json\/wp\/v2\/product\/691148","targetHints":{"allow":["GET"]}}],"collection":[{"href":"https:\/\/roveyayinevi.com.tr\/index.php\/wp-json\/wp\/v2\/product"}],"about":[{"href":"https:\/\/roveyayinevi.com.tr\/index.php\/wp-json\/wp\/v2\/types\/product"}],"wp:attachment":[{"href":"https:\/\/roveyayinevi.com.tr\/index.php\/wp-json\/wp\/v2\/media?parent=691148"}],"wp:term":[{"taxonomy":"product_brand","embeddable":true,"href":"https:\/\/roveyayinevi.com.tr\/index.php\/wp-json\/wp\/v2\/product_brand?post=691148"},{"taxonomy":"product_cat","embeddable":true,"href":"https:\/\/roveyayinevi.com.tr\/index.php\/wp-json\/wp\/v2\/product_cat?post=691148"},{"taxonomy":"product_tag","embeddable":true,"href":"https:\/\/roveyayinevi.com.tr\/index.php\/wp-json\/wp\/v2\/product_tag?post=691148"}],"curies":[{"name":"wp","href":"https:\/\/api.w.org\/{rel}","templated":true}]}}