{"id":691147,"date":"2025-08-27T13:56:19","date_gmt":"2025-08-27T10:56:19","guid":{"rendered":"https:\/\/roveyayinevi.com.tr\/index.php\/urun\/seriat-insan-ve-akil\/"},"modified":"2026-04-16T02:00:44","modified_gmt":"2026-04-15T23:00:44","slug":"seriat-insan-ve-akil","status":"publish","type":"product","link":"https:\/\/roveyayinevi.com.tr\/index.php\/urun\/seriat-insan-ve-akil\/","title":{"rendered":"\u015eeriat, \u0130nsan ve Ak\u0131l"},"content":{"rendered":"<p>Prof. Dr. \u0130lhan Arsel, bu kitab\u0131nda, Kur\u2019an\u2019da ge\u00e7en ayetleri ak\u0131l s\u00fczgecinden ge\u00e7irerek ele al\u0131p, \u0130slam \u015feriat\u0131n\u0131n, ak\u0131lc\u0131l\u0131k yerine vahiycili\u011fe y\u00f6nelik insan t\u00fcr\u00fc yeti\u015ftirdi\u011fi g\u00f6r\u00fc\u015f\u00fcn\u00fc ortaya koyuyor. Arsel, kitapta ifade etti\u011fi  \u0130slam tarihi, insan varl\u0131\u011f\u0131n\u0131 k\u00f6lelikten, m\u00fcptezellikten yukar\u0131 bir de\u011fere lay\u0131k g\u00f6rmeyen zihniyetin, g\u00fcn\u00fcm\u00fcze dek bitmeyen olumsuzluklar\u0131yla doludur  g\u00f6r\u00fc\u015f\u00fcn\u00fc, \u0130slam kaynaklar\u0131na dayand\u0131rarak a\u00e7\u0131klamaktad\u0131r.   Allah&#8230; giydi\u011fine ald\u0131r\u0131\u015f etmeyen m\u00fcbtezel insanlar\u0131 sever.  &#8211; Muhammed  Kahrolsun insan! Ne ink\u00e2rc\u0131d\u0131r! Allah onu neden yaratt\u0131? Bir nutfeden (spermadan) yaratt\u0131 da ona \u015fekil verdi&#8230;  -Abese Suresi, Ayet 17-23  (Tanr\u0131) insan\u0131 pi\u015fmi\u015f \u00e7amur gibi kuru bal\u00e7\u0131ktan yaratm\u0131\u015ft\u0131r  (Rahman Suresi, ayet 14)  Biz insan\u0131&#8230; a\u015fa\u011f\u0131lar\u0131n en a\u015fa\u011f\u0131s\u0131 k\u0131ld\u0131k.  (Tin Suresi, ayet 4-5)  Ben Cin&#8217;leri ve insanlar\u0131 ancak Bana kulluk etmeleri i\u00e7in yaratm\u0131\u015f\u0131md\u0131r.  (Zariyat Suresi, ayet 56)  Ey Muhammed! De ki &#8211; &#8216;\u0130badetiniz olmasa, Rabbiniz size ne diye de\u011fer versin?-&#8216;&#8230;  (Furkan Suresi, ayet 77) <\/p>\n","protected":false},"excerpt":{"rendered":"<p>Prof. Dr. \u0130lhan Arsel, bu kitab\u0131nda, Kur\u2019an\u2019da ge\u00e7en ayetleri ak\u0131l s\u00fczgecinden ge\u00e7irerek ele al\u0131p, \u0130slam \u015feriat\u0131n\u0131n, ak\u0131lc\u0131l\u0131k yerine vahiycili\u011fe y\u00f6nelik insan t\u00fcr\u00fc yeti\u015ftirdi\u011fi g\u00f6r\u00fc\u015f\u00fcn\u00fc ortaya koyuyor.<span class=\"excerpt-hellip\"> [\u2026]<\/span><\/p>\n","protected":false},"featured_media":0,"template":"","meta":{"_monsterinsights_skip_tracking":false,"_monsterinsights_sitenote_active":false,"_monsterinsights_sitenote_note":"","_monsterinsights_sitenote_category":0},"product_brand":[],"product_cat":[12718,12719,17284],"product_tag":[],"class_list":{"0":"post-691147","1":"product","2":"type-product","3":"status-publish","5":"product_cat-din","6":"product_cat-islam","7":"product_cat-kuran-ve-kuran-uzerine","8":"pa_tur-kitap","9":"pa_yayinevi-kaynak-yayinlari","10":"pa_yazar-ilhan-arsel","12":"first","13":"instock","14":"sale","15":"shipping-taxable","16":"purchasable","17":"product-type-simple"},"_links":{"self":[{"href":"https:\/\/roveyayinevi.com.tr\/index.php\/wp-json\/wp\/v2\/product\/691147","targetHints":{"allow":["GET"]}}],"collection":[{"href":"https:\/\/roveyayinevi.com.tr\/index.php\/wp-json\/wp\/v2\/product"}],"about":[{"href":"https:\/\/roveyayinevi.com.tr\/index.php\/wp-json\/wp\/v2\/types\/product"}],"wp:attachment":[{"href":"https:\/\/roveyayinevi.com.tr\/index.php\/wp-json\/wp\/v2\/media?parent=691147"}],"wp:term":[{"taxonomy":"product_brand","embeddable":true,"href":"https:\/\/roveyayinevi.com.tr\/index.php\/wp-json\/wp\/v2\/product_brand?post=691147"},{"taxonomy":"product_cat","embeddable":true,"href":"https:\/\/roveyayinevi.com.tr\/index.php\/wp-json\/wp\/v2\/product_cat?post=691147"},{"taxonomy":"product_tag","embeddable":true,"href":"https:\/\/roveyayinevi.com.tr\/index.php\/wp-json\/wp\/v2\/product_tag?post=691147"}],"curies":[{"name":"wp","href":"https:\/\/api.w.org\/{rel}","templated":true}]}}