{"id":691144,"date":"2025-08-27T13:56:19","date_gmt":"2025-08-27T10:56:19","guid":{"rendered":"https:\/\/roveyayinevi.com.tr\/index.php\/urun\/asktan-dinle\/"},"modified":"2026-04-16T02:00:44","modified_gmt":"2026-04-15T23:00:44","slug":"asktan-dinle","status":"publish","type":"product","link":"https:\/\/roveyayinevi.com.tr\/index.php\/urun\/asktan-dinle\/","title":{"rendered":"A\u015fktan Dinle"},"content":{"rendered":"<p>A\u015fk sult\u00e2n\u0131 Hz. Mevl\u00e2n\u00e2\u2019n\u0131n, Mesnev\u00ee isimli eserinde   Ey bizim sevdas\u0131 ho\u015f olan, g\u00fczel olan a\u015fk\u0131m\u0131z, Ey bizim b\u00fct\u00fcn m\u00e2nev\u00ee hastal\u0131klar\u0131m\u0131z\u0131n, dertlerimizin tabibi   diye anlatt\u0131\u011f\u0131 a\u015fk, Allah\u2019\u0131n yery\u00fcz\u00fcnde kendisinden g\u00f6r\u00fcnd\u00fc\u011f\u00fc \u0130nsan-\u0131 K\u00e2mil\u2019den, yani Allah\u2019\u0131n m\u00e2n\u00e2s\u0131ndan ba\u015fkas\u0131 de\u011fildir. O, bu m\u00e2n\u00e2y\u0131 rehber edinip, kendi v\u00fcc\u00fbdu i\u00e7inde nefsini r\u00fbhunun esiri haline getirerek birlemi\u015f, a\u015fk\u0131n da bu birli\u011fin efendisi olmas\u0131na ves\u00eele olmu\u015ftur. Bunun i\u00e7indir ki ona, nefisleri efendi k\u0131lan m\u00e2n\u00e2s\u0131nda   Efendimiz (Mevl\u00e2n\u00e2)   denilmi\u015ftir. <\/p>\n","protected":false},"excerpt":{"rendered":"<p>A\u015fk sult\u00e2n\u0131 Hz. Mevl\u00e2n\u00e2\u2019n\u0131n, Mesnev\u00ee isimli eserinde Ey bizim sevdas\u0131 ho\u015f olan, g\u00fczel olan a\u015fk\u0131m\u0131z, Ey bizim b\u00fct\u00fcn m\u00e2nev\u00ee hastal\u0131klar\u0131m\u0131z\u0131n, dertlerimizin tabibi diye anlatt\u0131\u011f\u0131 a\u015fk, Allah\u2019\u0131n<span class=\"excerpt-hellip\"> [\u2026]<\/span><\/p>\n","protected":false},"featured_media":0,"template":"","meta":{"_monsterinsights_skip_tracking":false,"_monsterinsights_sitenote_active":false,"_monsterinsights_sitenote_note":"","_monsterinsights_sitenote_category":0},"product_brand":[],"product_cat":[12718,12719,12720],"product_tag":[],"class_list":{"0":"post-691144","1":"product","2":"type-product","3":"status-publish","5":"product_cat-din","6":"product_cat-islam","7":"product_cat-tasavvuf-mezhepler-tarikatlar","8":"pa_tur-kitap","9":"pa_yayinevi-nefes-yayincilik","10":"pa_yazar-cemalnur-sargut","12":"first","13":"instock","14":"sale","15":"shipping-taxable","16":"purchasable","17":"product-type-simple"},"_links":{"self":[{"href":"https:\/\/roveyayinevi.com.tr\/index.php\/wp-json\/wp\/v2\/product\/691144","targetHints":{"allow":["GET"]}}],"collection":[{"href":"https:\/\/roveyayinevi.com.tr\/index.php\/wp-json\/wp\/v2\/product"}],"about":[{"href":"https:\/\/roveyayinevi.com.tr\/index.php\/wp-json\/wp\/v2\/types\/product"}],"wp:attachment":[{"href":"https:\/\/roveyayinevi.com.tr\/index.php\/wp-json\/wp\/v2\/media?parent=691144"}],"wp:term":[{"taxonomy":"product_brand","embeddable":true,"href":"https:\/\/roveyayinevi.com.tr\/index.php\/wp-json\/wp\/v2\/product_brand?post=691144"},{"taxonomy":"product_cat","embeddable":true,"href":"https:\/\/roveyayinevi.com.tr\/index.php\/wp-json\/wp\/v2\/product_cat?post=691144"},{"taxonomy":"product_tag","embeddable":true,"href":"https:\/\/roveyayinevi.com.tr\/index.php\/wp-json\/wp\/v2\/product_tag?post=691144"}],"curies":[{"name":"wp","href":"https:\/\/api.w.org\/{rel}","templated":true}]}}