{"id":691142,"date":"2025-08-27T13:56:18","date_gmt":"2025-08-27T10:56:18","guid":{"rendered":"https:\/\/roveyayinevi.com.tr\/index.php\/urun\/canim-peygamberim-ciltli\/"},"modified":"2026-04-16T02:00:44","modified_gmt":"2026-04-15T23:00:44","slug":"canim-peygamberim-ciltli","status":"publish","type":"product","link":"https:\/\/roveyayinevi.com.tr\/index.php\/urun\/canim-peygamberim-ciltli\/","title":{"rendered":"Can\u0131m Peygamberim (Ciltli)"},"content":{"rendered":"<p>Efendimizin (a.s.m.) ifadesiyle \u201ccennet kokusu\u201d ve \u201cg\u00f6z\u00fcm\u00fcz\u00fcn nuru\u201d \u00e7ocuklar\u0131m\u0131za, O G\u00fczeller G\u00fczeli\u2019nden pek \u00e7ok defa bahsetmi\u015fizdir. Onun hayat\u0131na dair masal tad\u0131nda k\u0131ssalar anlatm\u0131\u015f, k\u00fc\u00e7\u00fcc\u00fck kalplerinin onun sevgisiyle dolmas\u0131n\u0131 istemi\u015fizdir. \u00c7\u00fcnk\u00fc biliyoruz ki, o insanlar\u0131n en g\u00fczeli ve bize en g\u00fczel \u00f6rnek\u2026Sevgili Peygamberimiz (a.s.m.) 571\u2019den 632 y\u0131l\u0131na kadar s\u00fcren m\u00fcbarek hayat\u0131 boyunca \u00f6rnek bir hayat ya\u015fad\u0131. Peygamber olarak Rabb\u2019inden gelen hakikatleri bize ula\u015ft\u0131rd\u0131, ya\u015fay\u0131\u015f\u0131yla da bize nas\u0131l iyi insan ve nas\u0131l iyi m\u00fcmin olunabilece\u011fini \u00f6\u011fretti. S\u00f6zleri, ya\u015fad\u0131klar\u0131, olaylar kar\u015f\u0131s\u0131nda verdi\u011fi tepkiler herkes taraf\u0131ndan dikkatle izlendi.Bu kitapta Peygamberimizin (a.s.m.) \u00f6rnek hayat\u0131 b\u00fct\u00fcn detaylar\u0131yla ele al\u0131n\u0131yor. D\u00fcnyay\u0131 \u015fereflendiri\u015finden Rabb\u2019ine kavu\u015ftu\u011fu g\u00fcne kadar neler ya\u015fad\u0131\u011f\u0131, ilk\u00f6\u011fretim \u00e7a\u011f\u0131ndaki \u00e7ocuklar\u0131n seviyesine g\u00f6re anlat\u0131l\u0131yor.Nesil \u00c7ocuk Yay\u0131nlar\u0131ndan \u00e7\u0131kan eser, usta yazar Yavuz Bahad\u0131ro\u011flu\u2019nun kaleminden yay\u0131nland\u0131. \u0130ftihar vesilesi Peygamber Efendimizi (a.s.m.) anlatan bu kitap, ayn\u0131 zamanda Mill\u00ee E\u011fitim Bakanl\u0131\u011f\u0131\u2019nca okullara tavsiye ediliyor. <\/p>\n","protected":false},"excerpt":{"rendered":"<p>Efendimizin (a.s.m.) ifadesiyle \u201ccennet kokusu\u201d ve \u201cg\u00f6z\u00fcm\u00fcz\u00fcn nuru\u201d \u00e7ocuklar\u0131m\u0131za, O G\u00fczeller G\u00fczeli\u2019nden pek \u00e7ok defa bahsetmi\u015fizdir. Onun hayat\u0131na dair masal tad\u0131nda k\u0131ssalar anlatm\u0131\u015f, k\u00fc\u00e7\u00fcc\u00fck kalplerinin onun<span class=\"excerpt-hellip\"> [\u2026]<\/span><\/p>\n","protected":false},"featured_media":0,"template":"","meta":{"_monsterinsights_skip_tracking":false,"_monsterinsights_sitenote_active":false,"_monsterinsights_sitenote_note":"","_monsterinsights_sitenote_category":0},"product_brand":[],"product_cat":[16789,12718,12719],"product_tag":[],"class_list":{"0":"post-691142","1":"product","2":"type-product","3":"status-publish","5":"product_cat-diger-islam","6":"product_cat-din","7":"product_cat-islam","8":"pa_cilt-ciltli","9":"pa_tur-kitap","10":"pa_yayinevi-nesil-yayinlari","11":"pa_yazar-yavuz-bahadiroglu","13":"first","14":"instock","15":"sale","16":"shipping-taxable","17":"purchasable","18":"product-type-simple"},"_links":{"self":[{"href":"https:\/\/roveyayinevi.com.tr\/index.php\/wp-json\/wp\/v2\/product\/691142","targetHints":{"allow":["GET"]}}],"collection":[{"href":"https:\/\/roveyayinevi.com.tr\/index.php\/wp-json\/wp\/v2\/product"}],"about":[{"href":"https:\/\/roveyayinevi.com.tr\/index.php\/wp-json\/wp\/v2\/types\/product"}],"wp:attachment":[{"href":"https:\/\/roveyayinevi.com.tr\/index.php\/wp-json\/wp\/v2\/media?parent=691142"}],"wp:term":[{"taxonomy":"product_brand","embeddable":true,"href":"https:\/\/roveyayinevi.com.tr\/index.php\/wp-json\/wp\/v2\/product_brand?post=691142"},{"taxonomy":"product_cat","embeddable":true,"href":"https:\/\/roveyayinevi.com.tr\/index.php\/wp-json\/wp\/v2\/product_cat?post=691142"},{"taxonomy":"product_tag","embeddable":true,"href":"https:\/\/roveyayinevi.com.tr\/index.php\/wp-json\/wp\/v2\/product_tag?post=691142"}],"curies":[{"name":"wp","href":"https:\/\/api.w.org\/{rel}","templated":true}]}}