{"id":691141,"date":"2025-08-27T13:56:18","date_gmt":"2025-08-27T10:56:18","guid":{"rendered":"https:\/\/roveyayinevi.com.tr\/index.php\/urun\/bozkirda-iki-cengaver-tugrul-ve-cagri-bey\/"},"modified":"2026-04-16T02:00:44","modified_gmt":"2026-04-15T23:00:44","slug":"bozkirda-iki-cengaver-tugrul-ve-cagri-bey","status":"publish","type":"product","link":"https:\/\/roveyayinevi.com.tr\/index.php\/urun\/bozkirda-iki-cengaver-tugrul-ve-cagri-bey\/","title":{"rendered":"Bozk\u0131rda \u0130ki Cengaver Tu\u011frul ve \u00c7a\u011fr\u0131 Bey"},"content":{"rendered":"<p>\u0130sl\u00e2m\u2019\u0131 se\u00e7en ve inanc\u0131 u\u011fruna Cend\u2019e g\u00f6\u00e7 eden bir \u00f6nder: Sel\u00e7uk Bey.. <\/p>\n","protected":false},"excerpt":{"rendered":"<p>\u0130sl\u00e2m\u2019\u0131 se\u00e7en ve inanc\u0131 u\u011fruna Cend\u2019e g\u00f6\u00e7 eden bir \u00f6nder: Sel\u00e7uk Bey..<\/p>\n","protected":false},"featured_media":0,"template":"","meta":{"_monsterinsights_skip_tracking":false,"_monsterinsights_sitenote_active":false,"_monsterinsights_sitenote_note":"","_monsterinsights_sitenote_category":0},"product_brand":[],"product_cat":[12291,12745],"product_tag":[],"class_list":{"0":"post-691141","1":"product","2":"type-product","3":"status-publish","5":"product_cat-edebiyat","6":"product_cat-tarihi-roman","7":"pa_tur-kitap","8":"pa_yayinevi-nesil-yayinlari","9":"pa_yazar-can-guzel","11":"first","12":"instock","13":"sale","14":"shipping-taxable","15":"purchasable","16":"product-type-simple"},"_links":{"self":[{"href":"https:\/\/roveyayinevi.com.tr\/index.php\/wp-json\/wp\/v2\/product\/691141","targetHints":{"allow":["GET"]}}],"collection":[{"href":"https:\/\/roveyayinevi.com.tr\/index.php\/wp-json\/wp\/v2\/product"}],"about":[{"href":"https:\/\/roveyayinevi.com.tr\/index.php\/wp-json\/wp\/v2\/types\/product"}],"wp:attachment":[{"href":"https:\/\/roveyayinevi.com.tr\/index.php\/wp-json\/wp\/v2\/media?parent=691141"}],"wp:term":[{"taxonomy":"product_brand","embeddable":true,"href":"https:\/\/roveyayinevi.com.tr\/index.php\/wp-json\/wp\/v2\/product_brand?post=691141"},{"taxonomy":"product_cat","embeddable":true,"href":"https:\/\/roveyayinevi.com.tr\/index.php\/wp-json\/wp\/v2\/product_cat?post=691141"},{"taxonomy":"product_tag","embeddable":true,"href":"https:\/\/roveyayinevi.com.tr\/index.php\/wp-json\/wp\/v2\/product_tag?post=691141"}],"curies":[{"name":"wp","href":"https:\/\/api.w.org\/{rel}","templated":true}]}}