{"id":691140,"date":"2025-08-27T13:56:18","date_gmt":"2025-08-27T10:56:18","guid":{"rendered":"https:\/\/roveyayinevi.com.tr\/index.php\/urun\/caka-bey\/"},"modified":"2026-04-16T02:00:44","modified_gmt":"2026-04-15T23:00:44","slug":"caka-bey","status":"publish","type":"product","link":"https:\/\/roveyayinevi.com.tr\/index.php\/urun\/caka-bey\/","title":{"rendered":"\u00c7aka Bey"},"content":{"rendered":"<p>G\u00fcn\u00fc kavramak i\u00e7in d\u00fcn\u00fc anlamak laz\u0131m&#8230;D\u00fcn, tarihtir. Ancak kuru bilgi y\u0131\u011f\u0131nlar\u0131yla tarihi anlamaya imkan yoktur. \u0130\u015fin s\u0131rr\u0131 ayr\u0131nt\u0131larda sakl\u0131d\u0131r. \u0130yi kavranmas\u0131 gereken ger\u00e7ekler ayr\u0131nt\u0131lardad\u0131r.Tarihi ayr\u0131nt\u0131lar\u0131yla kavrama aray\u0131\u015f\u0131 bizi romana g\u00f6t\u00fcr\u00fcr: G\u00f6lgede kalm\u0131\u015f de\u011ferleri sadece romanda buluruz. \u00c7aka Bey\u2019i romanla\u015ft\u0131rmak da zaten b\u00f6yle bir aray\u0131\u015f\u0131n par\u00e7as\u0131d\u0131r. \u0130lk T\u00fcrk Amirali olarak \u00fcnlenen \u00c7aka Bey ile \u00e7evresinde bir devrin, hatta devirlerin t\u00fcm detaylar\u0131n\u0131 bulabilirsiniz. Ayr\u0131ca Sel\u00e7uklu\u2019yu b\u00fcy\u00fcten unsurlarla birlikte bitiren hastal\u0131klar\u0131 da ke\u015ffedece\u011fini san\u0131yoruz.Art\u0131k bunun \u0131\u015f\u0131\u011f\u0131nda yeni d\u00fcnyay\u0131 kucaklayabilir, hatta gelece\u011fi idrak hususunda isabetli ad\u0131mlar atabilirsiniz. \ufffcTan\u0131t\u0131m Metni<\/p>\n","protected":false},"excerpt":{"rendered":"<p>G\u00fcn\u00fc kavramak i\u00e7in d\u00fcn\u00fc anlamak laz\u0131m&#8230;D\u00fcn, tarihtir. Ancak kuru bilgi y\u0131\u011f\u0131nlar\u0131yla tarihi anlamaya imkan yoktur. \u0130\u015fin s\u0131rr\u0131 ayr\u0131nt\u0131larda sakl\u0131d\u0131r. \u0130yi kavranmas\u0131 gereken ger\u00e7ekler ayr\u0131nt\u0131lardad\u0131r.Tarihi ayr\u0131nt\u0131lar\u0131yla kavrama<span class=\"excerpt-hellip\"> [\u2026]<\/span><\/p>\n","protected":false},"featured_media":0,"template":"","meta":{"_monsterinsights_skip_tracking":false,"_monsterinsights_sitenote_active":false,"_monsterinsights_sitenote_note":"","_monsterinsights_sitenote_category":0},"product_brand":[],"product_cat":[12291,12292],"product_tag":[],"class_list":{"0":"post-691140","1":"product","2":"type-product","3":"status-publish","5":"product_cat-edebiyat","6":"product_cat-turk-edebiyati","7":"pa_cilt-ciltsiz","8":"pa_tur-kitap","9":"pa_yayinevi-nesil-yayinlari","10":"pa_yazar-yavuz-bahadiroglu","12":"first","13":"instock","14":"sale","15":"shipping-taxable","16":"purchasable","17":"product-type-simple"},"_links":{"self":[{"href":"https:\/\/roveyayinevi.com.tr\/index.php\/wp-json\/wp\/v2\/product\/691140","targetHints":{"allow":["GET"]}}],"collection":[{"href":"https:\/\/roveyayinevi.com.tr\/index.php\/wp-json\/wp\/v2\/product"}],"about":[{"href":"https:\/\/roveyayinevi.com.tr\/index.php\/wp-json\/wp\/v2\/types\/product"}],"wp:attachment":[{"href":"https:\/\/roveyayinevi.com.tr\/index.php\/wp-json\/wp\/v2\/media?parent=691140"}],"wp:term":[{"taxonomy":"product_brand","embeddable":true,"href":"https:\/\/roveyayinevi.com.tr\/index.php\/wp-json\/wp\/v2\/product_brand?post=691140"},{"taxonomy":"product_cat","embeddable":true,"href":"https:\/\/roveyayinevi.com.tr\/index.php\/wp-json\/wp\/v2\/product_cat?post=691140"},{"taxonomy":"product_tag","embeddable":true,"href":"https:\/\/roveyayinevi.com.tr\/index.php\/wp-json\/wp\/v2\/product_tag?post=691140"}],"curies":[{"name":"wp","href":"https:\/\/api.w.org\/{rel}","templated":true}]}}