{"id":691139,"date":"2025-08-27T13:56:18","date_gmt":"2025-08-27T10:56:18","guid":{"rendered":"https:\/\/roveyayinevi.com.tr\/index.php\/urun\/insan-i-kamilin-hakikati\/"},"modified":"2026-04-16T02:00:44","modified_gmt":"2026-04-15T23:00:44","slug":"insan-i-kamilin-hakikati","status":"publish","type":"product","link":"https:\/\/roveyayinevi.com.tr\/index.php\/urun\/insan-i-kamilin-hakikati\/","title":{"rendered":"\u0130nsan-\u0131 Kamil\u2019in Hakikati"},"content":{"rendered":"<p>Bakara Suresi\u2019nin bu b\u00f6l\u00fcm\u00fc her \u015feyin hakikati olan Hz. \u00c2dem\u2019den bahseder ki Allah onu iki eliyle yaratm\u0131\u015ft\u0131r. Allah\u2019\u0131n l\u00fctuf ve kahr\u0131, ruh ve \u00e7amur halinde \u00c2dem\u2019de ortaya \u00e7\u0131kar. \u00c7amurun kahr\u0131 \u00c2dem\u2019in halife olmas\u0131n\u0131 sa\u011flar. Sadece ruh olsayd\u0131, kusurlardan ar\u0131n\u0131r ama d\u00fcnyaya uygun olmazd\u0131. Her \u015fey bir halifenin tecellisi i\u00e7indir.  Bakara 3 , Kur\u2019\u00e2n-\u0131 Ker\u00eem\u2019in en uzun s\u00fbresi olan Bakara s\u00fbresinin 30.il\u00e2 39. ayetlerinde s\u0131k\u00e7a zikredilen \u00c2dem peygamber \u00fczerine yap\u0131lm\u0131\u015f detayl\u0131 bir \u015ferh \u00e7al\u0131\u015fmas\u0131d\u0131r. Cemalnur Sargut taraf\u0131ndan derlenen  Bakara 3 , \u00e7e\u015fitli tefsir \u00e7al\u0131\u015fmalar\u0131ndan yararlan\u0131larak haz\u0131rlanan, \u0130nsan-\u0131 K\u00e2mil\u2019lerin yorumlar\u0131n\u0131n da yer ald\u0131\u011f\u0131 bir kaynak eser niteli\u011fi ta\u015f\u0131maktad\u0131r. <\/p>\n","protected":false},"excerpt":{"rendered":"<p>Bakara Suresi\u2019nin bu b\u00f6l\u00fcm\u00fc her \u015feyin hakikati olan Hz. \u00c2dem\u2019den bahseder ki Allah onu iki eliyle yaratm\u0131\u015ft\u0131r. Allah\u2019\u0131n l\u00fctuf ve kahr\u0131, ruh ve \u00e7amur halinde \u00c2dem\u2019de<span class=\"excerpt-hellip\"> [\u2026]<\/span><\/p>\n","protected":false},"featured_media":0,"template":"","meta":{"_monsterinsights_skip_tracking":false,"_monsterinsights_sitenote_active":false,"_monsterinsights_sitenote_note":"","_monsterinsights_sitenote_category":0},"product_brand":[],"product_cat":[12718,12719,17284],"product_tag":[],"class_list":{"0":"post-691139","1":"product","2":"type-product","3":"status-publish","5":"product_cat-din","6":"product_cat-islam","7":"product_cat-kuran-ve-kuran-uzerine","8":"pa_cilt-ciltsiz","9":"pa_tur-dergi","10":"pa_yayinevi-nefes-yayincilik","11":"pa_yazar-cemalnur-sargut","13":"first","14":"instock","15":"sale","16":"shipping-taxable","17":"purchasable","18":"product-type-simple"},"_links":{"self":[{"href":"https:\/\/roveyayinevi.com.tr\/index.php\/wp-json\/wp\/v2\/product\/691139","targetHints":{"allow":["GET"]}}],"collection":[{"href":"https:\/\/roveyayinevi.com.tr\/index.php\/wp-json\/wp\/v2\/product"}],"about":[{"href":"https:\/\/roveyayinevi.com.tr\/index.php\/wp-json\/wp\/v2\/types\/product"}],"wp:attachment":[{"href":"https:\/\/roveyayinevi.com.tr\/index.php\/wp-json\/wp\/v2\/media?parent=691139"}],"wp:term":[{"taxonomy":"product_brand","embeddable":true,"href":"https:\/\/roveyayinevi.com.tr\/index.php\/wp-json\/wp\/v2\/product_brand?post=691139"},{"taxonomy":"product_cat","embeddable":true,"href":"https:\/\/roveyayinevi.com.tr\/index.php\/wp-json\/wp\/v2\/product_cat?post=691139"},{"taxonomy":"product_tag","embeddable":true,"href":"https:\/\/roveyayinevi.com.tr\/index.php\/wp-json\/wp\/v2\/product_tag?post=691139"}],"curies":[{"name":"wp","href":"https:\/\/api.w.org\/{rel}","templated":true}]}}