{"id":691136,"date":"2025-08-27T13:56:17","date_gmt":"2025-08-27T10:56:17","guid":{"rendered":"https:\/\/roveyayinevi.com.tr\/index.php\/urun\/cem-sultan-cilt-1\/"},"modified":"2026-04-16T02:00:44","modified_gmt":"2026-04-15T23:00:44","slug":"cem-sultan-cilt-1","status":"publish","type":"product","link":"https:\/\/roveyayinevi.com.tr\/index.php\/urun\/cem-sultan-cilt-1\/","title":{"rendered":"Cem Sultan Cilt: 1"},"content":{"rendered":"<p>Padi\u015fahl\u0131\u011fa y\u00fcr\u00fcyen bir \u015fehzadenin \u00fcmitsiz m\u00fccadelesi, y\u0131k\u0131lan b\u00fcy\u00fck hayallerinin enkaz\u0131 alt\u0131nda \u00e7\u0131rp\u0131nan \u015fair ruhunun isyan\u0131yla, dindar mizac\u0131n\u0131n tevekk\u00fcl ve teslimiyeti aras\u0131ndaki b\u00fcy\u00fck tenakuz, bitip t\u00fckenmez teredd\u00fctler, bocalay\u0131\u015flar, i\u00e7ten pazarl\u0131klar&#8230;Padi\u015fahl\u0131ktan gurbete, gurbetten esarete, nihayet \u00f6l\u00fcme uzanan dolamba\u00e7l\u0131 kader yolunda ibretli bir iz b\u0131rakan Cem Sultan\u0131n g\u00fc\u00e7l\u00fc romanc\u0131m\u0131z taraf\u0131ndan eski kaynaklara dayan\u0131larak yaz\u0131lan hayat hikayesi. <\/p>\n","protected":false},"excerpt":{"rendered":"<p>Padi\u015fahl\u0131\u011fa y\u00fcr\u00fcyen bir \u015fehzadenin \u00fcmitsiz m\u00fccadelesi, y\u0131k\u0131lan b\u00fcy\u00fck hayallerinin enkaz\u0131 alt\u0131nda \u00e7\u0131rp\u0131nan \u015fair ruhunun isyan\u0131yla, dindar mizac\u0131n\u0131n tevekk\u00fcl ve teslimiyeti aras\u0131ndaki b\u00fcy\u00fck tenakuz, bitip t\u00fckenmez teredd\u00fctler,<span class=\"excerpt-hellip\"> [\u2026]<\/span><\/p>\n","protected":false},"featured_media":0,"template":"","meta":{"_monsterinsights_skip_tracking":false,"_monsterinsights_sitenote_active":false,"_monsterinsights_sitenote_note":"","_monsterinsights_sitenote_category":0},"product_brand":[],"product_cat":[12291,12292],"product_tag":[],"class_list":{"0":"post-691136","1":"product","2":"type-product","3":"status-publish","5":"product_cat-edebiyat","6":"product_cat-turk-edebiyati","7":"pa_tur-kitap","8":"pa_yayinevi-nesil-yayinlari","9":"pa_yazar-yavuz-bahadiroglu","11":"first","12":"instock","13":"sale","14":"shipping-taxable","15":"purchasable","16":"product-type-simple"},"_links":{"self":[{"href":"https:\/\/roveyayinevi.com.tr\/index.php\/wp-json\/wp\/v2\/product\/691136","targetHints":{"allow":["GET"]}}],"collection":[{"href":"https:\/\/roveyayinevi.com.tr\/index.php\/wp-json\/wp\/v2\/product"}],"about":[{"href":"https:\/\/roveyayinevi.com.tr\/index.php\/wp-json\/wp\/v2\/types\/product"}],"wp:attachment":[{"href":"https:\/\/roveyayinevi.com.tr\/index.php\/wp-json\/wp\/v2\/media?parent=691136"}],"wp:term":[{"taxonomy":"product_brand","embeddable":true,"href":"https:\/\/roveyayinevi.com.tr\/index.php\/wp-json\/wp\/v2\/product_brand?post=691136"},{"taxonomy":"product_cat","embeddable":true,"href":"https:\/\/roveyayinevi.com.tr\/index.php\/wp-json\/wp\/v2\/product_cat?post=691136"},{"taxonomy":"product_tag","embeddable":true,"href":"https:\/\/roveyayinevi.com.tr\/index.php\/wp-json\/wp\/v2\/product_tag?post=691136"}],"curies":[{"name":"wp","href":"https:\/\/api.w.org\/{rel}","templated":true}]}}