{"id":691135,"date":"2025-08-27T13:56:17","date_gmt":"2025-08-27T10:56:17","guid":{"rendered":"https:\/\/roveyayinevi.com.tr\/index.php\/urun\/girisimcinin-el-kitabi-2-0\/"},"modified":"2026-04-16T02:00:44","modified_gmt":"2026-04-15T23:00:44","slug":"girisimcinin-el-kitabi-2-0","status":"publish","type":"product","link":"https:\/\/roveyayinevi.com.tr\/index.php\/urun\/girisimcinin-el-kitabi-2-0\/","title":{"rendered":"Giri\u015fimcinin El Kitab\u0131 2.0"},"content":{"rendered":"<p>Sermaye olu\u015fturmaktan do\u011fru insanlar\u0131n i\u015fe al\u0131nmas\u0131nda,konumlanmadan bir marka yaratmaya,y\u00f6netim kurulunu y\u00f6netmekten \u00e7evrenin geni\u015fletilmesine kadar bu kitap bir giri\u015fimcilik sanat rehberi olacakt\u0131r.   BU K\u0130TAP K\u0130MLER \u0130\u00c7\u0130N? 1-Gelece\u011fin b\u00fcy\u00fck \u015firketlerini garajlarda yaratan delikanl\u0131larla gen\u00e7 k\u0131zlar i\u00e7in. 2-Kurumsal \u015firketlerde \u00e7al\u0131\u015f\u0131p da yepyeni \u00fcr\u00fcn ve hizmetleri piyasaya s\u00fcren y\u00fcrekli ruhlar i\u00e7in. 3-Okullar, vak\u0131flar ve k\u00e2r amac\u0131 g\u00fctmeyen kurulu\u015flar kuranlar i\u00e7in. <\/p>\n","protected":false},"excerpt":{"rendered":"<p>Sermaye olu\u015fturmaktan do\u011fru insanlar\u0131n i\u015fe al\u0131nmas\u0131nda,konumlanmadan bir marka yaratmaya,y\u00f6netim kurulunu y\u00f6netmekten \u00e7evrenin geni\u015fletilmesine kadar bu kitap bir giri\u015fimcilik sanat rehberi olacakt\u0131r. BU K\u0130TAP K\u0130MLER \u0130\u00c7\u0130N? 1-Gelece\u011fin<span class=\"excerpt-hellip\"> [\u2026]<\/span><\/p>\n","protected":false},"featured_media":0,"template":"","meta":{"_monsterinsights_skip_tracking":false,"_monsterinsights_sitenote_active":false,"_monsterinsights_sitenote_note":"","_monsterinsights_sitenote_category":0},"product_brand":[],"product_cat":[13043,14754],"product_tag":[],"class_list":{"0":"post-691135","1":"product","2":"type-product","3":"status-publish","5":"product_cat-ekonomi","6":"product_cat-halkla-iliskiler-insan-kaynaklari","7":"pa_cilt-ciltsiz","8":"pa_tur-kitap","9":"pa_yayinevi-mediacat-kitaplari","10":"pa_yazar-guy-kawasaki","12":"first","13":"instock","14":"sale","15":"shipping-taxable","16":"purchasable","17":"product-type-simple"},"_links":{"self":[{"href":"https:\/\/roveyayinevi.com.tr\/index.php\/wp-json\/wp\/v2\/product\/691135","targetHints":{"allow":["GET"]}}],"collection":[{"href":"https:\/\/roveyayinevi.com.tr\/index.php\/wp-json\/wp\/v2\/product"}],"about":[{"href":"https:\/\/roveyayinevi.com.tr\/index.php\/wp-json\/wp\/v2\/types\/product"}],"wp:attachment":[{"href":"https:\/\/roveyayinevi.com.tr\/index.php\/wp-json\/wp\/v2\/media?parent=691135"}],"wp:term":[{"taxonomy":"product_brand","embeddable":true,"href":"https:\/\/roveyayinevi.com.tr\/index.php\/wp-json\/wp\/v2\/product_brand?post=691135"},{"taxonomy":"product_cat","embeddable":true,"href":"https:\/\/roveyayinevi.com.tr\/index.php\/wp-json\/wp\/v2\/product_cat?post=691135"},{"taxonomy":"product_tag","embeddable":true,"href":"https:\/\/roveyayinevi.com.tr\/index.php\/wp-json\/wp\/v2\/product_tag?post=691135"}],"curies":[{"name":"wp","href":"https:\/\/api.w.org\/{rel}","templated":true}]}}