{"id":691134,"date":"2025-08-27T13:56:17","date_gmt":"2025-08-27T10:56:17","guid":{"rendered":"https:\/\/roveyayinevi.com.tr\/index.php\/urun\/candan-ote-sevmek-sahabenin-peygamber-aski\/"},"modified":"2026-04-16T02:00:44","modified_gmt":"2026-04-15T23:00:44","slug":"candan-ote-sevmek-sahabenin-peygamber-aski","status":"publish","type":"product","link":"https:\/\/roveyayinevi.com.tr\/index.php\/urun\/candan-ote-sevmek-sahabenin-peygamber-aski\/","title":{"rendered":"Candan \u00d6te Sevmek Sahabenin Peygamber A\u015fk\u0131"},"content":{"rendered":"<p>Allah Res\u00fbl\u00fc\u2019n\u00fc (a.s.m.) yak\u0131ndan tan\u0131yan Sahabe efendilerimiz b\u00fcy\u00fck bir a\u015fk ve heyecanla onu ad\u0131m ad\u0131m takip ettiler. Her tavr\u0131n\u0131, bak\u0131\u015f\u0131n\u0131, duru\u015funu, tebess\u00fcm\u00fcn\u00fc zihinlerine nak\u015fettiler. G\u00f6rd\u00fcklerini, duyduklar\u0131n\u0131 aynen ya\u015fad\u0131lar. <\/p>\n","protected":false},"excerpt":{"rendered":"<p>Allah Res\u00fbl\u00fc\u2019n\u00fc (a.s.m.) yak\u0131ndan tan\u0131yan Sahabe efendilerimiz b\u00fcy\u00fck bir a\u015fk ve heyecanla onu ad\u0131m ad\u0131m takip ettiler. Her tavr\u0131n\u0131, bak\u0131\u015f\u0131n\u0131, duru\u015funu, tebess\u00fcm\u00fcn\u00fc zihinlerine nak\u015fettiler. G\u00f6rd\u00fcklerini, duyduklar\u0131n\u0131<span class=\"excerpt-hellip\"> [\u2026]<\/span><\/p>\n","protected":false},"featured_media":0,"template":"","meta":{"_monsterinsights_skip_tracking":false,"_monsterinsights_sitenote_active":false,"_monsterinsights_sitenote_note":"","_monsterinsights_sitenote_category":0},"product_brand":[],"product_cat":[16789,12718,12719],"product_tag":[],"class_list":{"0":"post-691134","1":"product","2":"type-product","3":"status-publish","5":"product_cat-diger-islam","6":"product_cat-din","7":"product_cat-islam","8":"pa_tur-kitap","9":"pa_yayinevi-nesil-yayinlari","10":"pa_yazar-hilal-kara","12":"first","13":"instock","14":"sale","15":"shipping-taxable","16":"purchasable","17":"product-type-simple"},"_links":{"self":[{"href":"https:\/\/roveyayinevi.com.tr\/index.php\/wp-json\/wp\/v2\/product\/691134","targetHints":{"allow":["GET"]}}],"collection":[{"href":"https:\/\/roveyayinevi.com.tr\/index.php\/wp-json\/wp\/v2\/product"}],"about":[{"href":"https:\/\/roveyayinevi.com.tr\/index.php\/wp-json\/wp\/v2\/types\/product"}],"wp:attachment":[{"href":"https:\/\/roveyayinevi.com.tr\/index.php\/wp-json\/wp\/v2\/media?parent=691134"}],"wp:term":[{"taxonomy":"product_brand","embeddable":true,"href":"https:\/\/roveyayinevi.com.tr\/index.php\/wp-json\/wp\/v2\/product_brand?post=691134"},{"taxonomy":"product_cat","embeddable":true,"href":"https:\/\/roveyayinevi.com.tr\/index.php\/wp-json\/wp\/v2\/product_cat?post=691134"},{"taxonomy":"product_tag","embeddable":true,"href":"https:\/\/roveyayinevi.com.tr\/index.php\/wp-json\/wp\/v2\/product_tag?post=691134"}],"curies":[{"name":"wp","href":"https:\/\/api.w.org\/{rel}","templated":true}]}}