{"id":691133,"date":"2025-08-27T13:56:17","date_gmt":"2025-08-27T10:56:17","guid":{"rendered":"https:\/\/roveyayinevi.com.tr\/index.php\/urun\/koaktif-kocluk\/"},"modified":"2026-04-16T02:00:44","modified_gmt":"2026-04-15T23:00:44","slug":"koaktif-kocluk","status":"publish","type":"product","link":"https:\/\/roveyayinevi.com.tr\/index.php\/urun\/koaktif-kocluk\/","title":{"rendered":"Koaktif Ko\u00e7luk"},"content":{"rendered":"<p>Bug\u00fcn\u00fcn d\u00fcnyas\u0131nda ko\u00e7luk,hem t\u00fcm d\u00fcnyada geli\u015fen bir meslek hem de kurumlarda liderler,\u00f6\u011fretmenler,dan\u0131\u015fmanlar,aileler ve di\u011ferleri taraf\u0131ndan benimsenen bir ileti\u015fim y\u00f6ntemi haline geldi.Bu Kitap,ko\u00e7luk ve ko\u00e7luk ili\u015fkisinde koaktif ko\u00e7luk ad\u0131 verilen yakla\u015f\u0131m\u0131 anlat\u0131yor.Koaktif ko\u00e7luk denilmesinin sebebi hem ko\u00e7un hem de dan\u0131\u015fan\u0131n\u0131n aktif ve i\u015fbirli\u011fi i\u00e7inde kat\u0131l\u0131m\u0131n\u0131 i\u00e7ermesidir.Koaktif ko\u00e7lu\u011fun temelini olu\u015fturan bu durum,onu g\u00fc\u00e7l\u00fc ve uyarlanabilir yap\u0131yor.Koaktif Ko\u00e7luk modeli,d\u00fcnyan\u0131n her yerinde m\u00fc\u015fteriler ve ko\u00e7larla y\u0131llarca s\u00fcren \u00e7al\u0131\u015fmalara dayanan,kendini kan\u0131tlam\u0131\u015f bir yakla\u015f\u0131md\u0131r.Bu kitap bu modeli detayl\u0131 olarak anlat\u0131yor,koaktif ko\u00e7lu\u011fun y\u00f6ntem ve tekniklerini tan\u0131ml\u0131yor ve daha iyi anlaman\u0131z\u0131 sa\u011flamak i\u00e7in pratik egzersizler ve ko\u00e7luk g\u00f6r\u00fc\u015fmelerinden \u00f6rnekler sunuyor. <\/p>\n","protected":false},"excerpt":{"rendered":"<p>Bug\u00fcn\u00fcn d\u00fcnyas\u0131nda ko\u00e7luk,hem t\u00fcm d\u00fcnyada geli\u015fen bir meslek hem de kurumlarda liderler,\u00f6\u011fretmenler,dan\u0131\u015fmanlar,aileler ve di\u011ferleri taraf\u0131ndan benimsenen bir ileti\u015fim y\u00f6ntemi haline geldi.Bu Kitap,ko\u00e7luk ve ko\u00e7luk ili\u015fkisinde koaktif<span class=\"excerpt-hellip\"> [\u2026]<\/span><\/p>\n","protected":false},"featured_media":0,"template":"","meta":{"_monsterinsights_skip_tracking":false,"_monsterinsights_sitenote_active":false,"_monsterinsights_sitenote_note":"","_monsterinsights_sitenote_category":0},"product_brand":[],"product_cat":[12364],"product_tag":[],"class_list":{"0":"post-691133","1":"product","2":"type-product","3":"status-publish","5":"product_cat-genel-konular","6":"pa_cilt-ciltsiz","7":"pa_tur-kitap","8":"pa_yayinevi-mediacat-kitaplari","9":"pa_yazar-karen-kimsey-house","11":"first","12":"instock","13":"sale","14":"shipping-taxable","15":"purchasable","16":"product-type-simple"},"_links":{"self":[{"href":"https:\/\/roveyayinevi.com.tr\/index.php\/wp-json\/wp\/v2\/product\/691133","targetHints":{"allow":["GET"]}}],"collection":[{"href":"https:\/\/roveyayinevi.com.tr\/index.php\/wp-json\/wp\/v2\/product"}],"about":[{"href":"https:\/\/roveyayinevi.com.tr\/index.php\/wp-json\/wp\/v2\/types\/product"}],"wp:attachment":[{"href":"https:\/\/roveyayinevi.com.tr\/index.php\/wp-json\/wp\/v2\/media?parent=691133"}],"wp:term":[{"taxonomy":"product_brand","embeddable":true,"href":"https:\/\/roveyayinevi.com.tr\/index.php\/wp-json\/wp\/v2\/product_brand?post=691133"},{"taxonomy":"product_cat","embeddable":true,"href":"https:\/\/roveyayinevi.com.tr\/index.php\/wp-json\/wp\/v2\/product_cat?post=691133"},{"taxonomy":"product_tag","embeddable":true,"href":"https:\/\/roveyayinevi.com.tr\/index.php\/wp-json\/wp\/v2\/product_tag?post=691133"}],"curies":[{"name":"wp","href":"https:\/\/api.w.org\/{rel}","templated":true}]}}