{"id":691132,"date":"2025-08-27T13:56:16","date_gmt":"2025-08-27T10:56:16","guid":{"rendered":"https:\/\/roveyayinevi.com.tr\/index.php\/urun\/ekonomik-kriz-ve-sol\/"},"modified":"2026-04-16T02:00:44","modified_gmt":"2026-04-15T23:00:44","slug":"ekonomik-kriz-ve-sol","status":"publish","type":"product","link":"https:\/\/roveyayinevi.com.tr\/index.php\/urun\/ekonomik-kriz-ve-sol\/","title":{"rendered":"Ekonomik Kriz Ve Sol"},"content":{"rendered":"<p>getiren d\u00f6n\u00fcm noktalar\u0131 haline gelebilece\u011fi, ancak a\u00e7\u0131lan siyasi alandan o ana dek solun de\u011fil egemen s\u0131n\u0131flar\u0131n faydaland\u0131\u011f\u0131 tespitine yer verilmi\u015fti. Ekonomik Kriz ve Sol ba\u015fl\u0131kl\u0131 2012 say\u0131s\u0131nda, bu \u00e7\u00f6z\u00fcmleme, bir yandan Latin Amerika&#8217;dan Ortado\u011fu&#8217;ya, \u00c7in&#8217;den Avrupa&#8217;ya uzanan geni\u015f bir co\u011frafya ele al\u0131narak, bir yandan da gerek kamu sekt\u00f6r\u00fcndeki krizden, gerekse iklim krizinden beslenen, ayn\u0131 zamanda bir kemer s\u0131kma \u00e7a\u011f\u0131na i\u015faret eden yeni birikim stratejileri masaya yat\u0131r\u0131larak derinle\u015ftiriliyor. Avro b\u00f6lgesi krizine solun nas\u0131l yan\u0131t vermesi gerekti\u011fine ili\u015fkin \u00fc\u00e7 makaleden olu\u015fan bir sempozyum ise okurlara solun krizdeki konumunu daha ayr\u0131nt\u0131l\u0131 de\u011ferlendirme f\u0131rsat\u0131 sunuyor. Solun \u00f6n\u00fcnde a\u00e7\u0131lan stratejik olanaklar hakk\u0131nda bu say\u0131da kap\u0131s\u0131 aralanan tart\u0131\u015fmalar, Socialist Register 2013&#8217;te, 21. y\u00fczy\u0131lda izlenecek sosyalist stratejilere y\u00f6nelik sorularla devam edecek. \ufffcTan\u0131t\u0131m Metni<\/p>\n","protected":false},"excerpt":{"rendered":"<p>getiren d\u00f6n\u00fcm noktalar\u0131 haline gelebilece\u011fi, ancak a\u00e7\u0131lan siyasi alandan o ana dek solun de\u011fil egemen s\u0131n\u0131flar\u0131n faydaland\u0131\u011f\u0131 tespitine yer verilmi\u015fti. Ekonomik Kriz ve Sol ba\u015fl\u0131kl\u0131 2012<span class=\"excerpt-hellip\"> [\u2026]<\/span><\/p>\n","protected":false},"featured_media":0,"template":"","meta":{"_monsterinsights_skip_tracking":false,"_monsterinsights_sitenote_active":false,"_monsterinsights_sitenote_note":"","_monsterinsights_sitenote_category":0},"product_brand":[],"product_cat":[16098,12337],"product_tag":[],"class_list":{"0":"post-691132","1":"product","2":"type-product","3":"status-publish","5":"product_cat-politik-akimlar-hareketler","6":"product_cat-politika-siyaset","7":"pa_cilt-ciltsiz","8":"pa_tur-kitap","9":"pa_yayinevi-yordam-kitap","10":"pa_yazar-leo-panitch","12":"first","13":"instock","14":"sale","15":"shipping-taxable","16":"purchasable","17":"product-type-simple"},"_links":{"self":[{"href":"https:\/\/roveyayinevi.com.tr\/index.php\/wp-json\/wp\/v2\/product\/691132","targetHints":{"allow":["GET"]}}],"collection":[{"href":"https:\/\/roveyayinevi.com.tr\/index.php\/wp-json\/wp\/v2\/product"}],"about":[{"href":"https:\/\/roveyayinevi.com.tr\/index.php\/wp-json\/wp\/v2\/types\/product"}],"wp:attachment":[{"href":"https:\/\/roveyayinevi.com.tr\/index.php\/wp-json\/wp\/v2\/media?parent=691132"}],"wp:term":[{"taxonomy":"product_brand","embeddable":true,"href":"https:\/\/roveyayinevi.com.tr\/index.php\/wp-json\/wp\/v2\/product_brand?post=691132"},{"taxonomy":"product_cat","embeddable":true,"href":"https:\/\/roveyayinevi.com.tr\/index.php\/wp-json\/wp\/v2\/product_cat?post=691132"},{"taxonomy":"product_tag","embeddable":true,"href":"https:\/\/roveyayinevi.com.tr\/index.php\/wp-json\/wp\/v2\/product_tag?post=691132"}],"curies":[{"name":"wp","href":"https:\/\/api.w.org\/{rel}","templated":true}]}}