{"id":691131,"date":"2025-08-27T13:56:16","date_gmt":"2025-08-27T10:56:16","guid":{"rendered":"https:\/\/roveyayinevi.com.tr\/index.php\/urun\/seriat-ve-kadin\/"},"modified":"2026-04-16T02:00:44","modified_gmt":"2026-04-15T23:00:44","slug":"seriat-ve-kadin","status":"publish","type":"product","link":"https:\/\/roveyayinevi.com.tr\/index.php\/urun\/seriat-ve-kadin\/","title":{"rendered":"\u015eeriat ve Kad\u0131n"},"content":{"rendered":"<p>&#8230; Dindar ve laik herkesin bu \u00f6nemli eseri ba\u015ftan sonra okumas\u0131n\u0131 sal\u0131k veririm&#8230; \u0130rtica ya da gericilik denen davran\u0131\u015f\u0131n ne kadar \u2018\u00e7a\u011fd\u0131\u015f\u0131\u2019 oldu\u011fu bu kitaptan apa\u00e7\u0131k anla\u015f\u0131l\u0131yor. Son y\u0131llar\u0131n en g\u00fc\u00e7l\u00fc birka\u00e7 ara\u015ft\u0131rmas\u0131ndan biridir. &#8211; Tal\u00e2t Halman, Milliyet, 15 \u015eubat 1988 &#8230; \u0130lhan Arsel, din sorunlar\u0131n\u0131, din kitaplar\u0131n\u0131n incelenmesini ve ele\u015ftirilmesini bir uygarl\u0131k \u00f6l\u00e7\u00fcs\u00fc olarak kabul etti. Ortado\u011fu uygarl\u0131\u011f\u0131n\u0131, Musevi, H\u0131ristiyan ve \u0130slam kaynaklar\u0131n\u0131 inceledi. Denilebilir ki, hayat\u0131n\u0131 bu konulardaki bilimsel ara\u015ft\u0131rmalara adad\u0131; \u00fcr\u00fcnler verdi. Daha \u00f6nemlisi&#8230; Arsel\u2019in medeni ve fikri cesaretidir&#8230; -Do\u011fu Perin\u00e7ek, 2000\u2019e Do\u011fru, 12 Mart 1989 &#8230; Arsel\u2019in kitab\u0131 son derece de\u011ferli,titiz vir inceleme, ara\u015ft\u0131rma \u00fcr\u00fcn\u00fc. Sa\u011flam,d\u00fcr\u00fcst bir bilim adam\u0131n\u0131n de\u011ferlendirmesi olarak, sa\u011flam kaynaklara dayal\u0131. Y\u00fcrekli , daha g\u00fczel bir d\u00fcnya kurulmas\u0131na y\u00f6nelik, \u0131\u015f\u0131k tutucu, \u00f6rnek bir \u00e7al\u0131\u015fma. Kitap, y\u00fczy\u0131l\u0131m\u0131z\u0131n kitab\u0131 olacak nitelikte. \u2018Kad\u0131n Haklar\u0131\u2019 y\u00f6n\u00fcnden \u00f6zellikle&#8230; &#8211; Turan Dursun, 2000\u2019e Do\u011fru, 19 Mart ve 11 Haziran 1989 &#8230; Prof. Arsel, bu kitab\u0131nda da \u00f6zg\u00fcn kaynaklara, Kur\u2019an-\u0131 Kerim\u2019e, hadislere, ayetlere ve \u0130slam kaynaklar\u0131na dayanarak, bu kaynaklara yollama yaparak \u015feriat d\u00fczeninde kad\u0131n\u0131n nas\u0131l k\u00f6le durumuna sokuldu\u011funu anlat\u0131yor&#8230; &#8211; U\u011fur Mumcu, Cumhuriyet, 6 Nisan 1989 \ufffcTan\u0131t\u0131m Metni<\/p>\n","protected":false},"excerpt":{"rendered":"<p>&#8230; Dindar ve laik herkesin bu \u00f6nemli eseri ba\u015ftan sonra okumas\u0131n\u0131 sal\u0131k veririm&#8230; \u0130rtica ya da gericilik denen davran\u0131\u015f\u0131n ne kadar \u2018\u00e7a\u011fd\u0131\u015f\u0131\u2019 oldu\u011fu bu kitaptan apa\u00e7\u0131k<span class=\"excerpt-hellip\"> [\u2026]<\/span><\/p>\n","protected":false},"featured_media":0,"template":"","meta":{"_monsterinsights_skip_tracking":false,"_monsterinsights_sitenote_active":false,"_monsterinsights_sitenote_note":"","_monsterinsights_sitenote_category":0},"product_brand":[],"product_cat":[16789,12718,12719],"product_tag":[],"class_list":{"0":"post-691131","1":"product","2":"type-product","3":"status-publish","5":"product_cat-diger-islam","6":"product_cat-din","7":"product_cat-islam","8":"pa_tur-kitap","9":"pa_yayinevi-kaynak-yayinlari","10":"pa_yazar-ilhan-arsel","12":"first","13":"instock","14":"sale","15":"shipping-taxable","16":"purchasable","17":"product-type-simple"},"_links":{"self":[{"href":"https:\/\/roveyayinevi.com.tr\/index.php\/wp-json\/wp\/v2\/product\/691131","targetHints":{"allow":["GET"]}}],"collection":[{"href":"https:\/\/roveyayinevi.com.tr\/index.php\/wp-json\/wp\/v2\/product"}],"about":[{"href":"https:\/\/roveyayinevi.com.tr\/index.php\/wp-json\/wp\/v2\/types\/product"}],"wp:attachment":[{"href":"https:\/\/roveyayinevi.com.tr\/index.php\/wp-json\/wp\/v2\/media?parent=691131"}],"wp:term":[{"taxonomy":"product_brand","embeddable":true,"href":"https:\/\/roveyayinevi.com.tr\/index.php\/wp-json\/wp\/v2\/product_brand?post=691131"},{"taxonomy":"product_cat","embeddable":true,"href":"https:\/\/roveyayinevi.com.tr\/index.php\/wp-json\/wp\/v2\/product_cat?post=691131"},{"taxonomy":"product_tag","embeddable":true,"href":"https:\/\/roveyayinevi.com.tr\/index.php\/wp-json\/wp\/v2\/product_tag?post=691131"}],"curies":[{"name":"wp","href":"https:\/\/api.w.org\/{rel}","templated":true}]}}