{"id":691129,"date":"2025-08-27T13:56:16","date_gmt":"2025-08-27T10:56:16","guid":{"rendered":"https:\/\/roveyayinevi.com.tr\/index.php\/urun\/icinizdeki-dostu-kesfedin\/"},"modified":"2026-04-08T02:01:33","modified_gmt":"2026-04-07T23:01:33","slug":"icinizdeki-dostu-kesfedin","status":"publish","type":"product","link":"https:\/\/roveyayinevi.com.tr\/index.php\/urun\/icinizdeki-dostu-kesfedin\/","title":{"rendered":"\u0130\u00e7inizdeki Dostu Ke\u015ffedin"},"content":{"rendered":"<p>Dost bulmakta samimi olan, kendisini aranan ve \u00f6zlenen bir dost haline getirmelidir. Yani dost bulmadan \u00f6nce dost olmak gerek&#8230; Zaten i\u00e7 d\u00fcnyan\u0131zdaki dostluk duygusunu ke\u015ffeder ve onu a\u00e7\u0131\u011fa \u00e7\u0131kar\u0131rsan\u0131z, ayr\u0131ca dost araman\u0131za da ihtiya\u00e7 kalmayacakt\u0131r. Siz, i\u00e7inizdeki dostu ke\u015ffetmeden, dost bulmaya \u00e7al\u0131\u015f\u0131rsan\u0131z ba\u015far\u0131l\u0131 olamazs\u0131n\u0131z. Kendisi dost g\u00f6n\u00fcll\u00fc olan\u0131n dost aramas\u0131na ihtiyac\u0131 kalmaz. G\u00f6nl\u00fc bir m\u0131knat\u0131s gibi dostluklar\u0131 cezbeder, \u00e7eker. \u201cHerkesin i\u00e7inde potansiyel bir dostluk hazinesi var m\u0131d\u0131r?\u201d Hi\u00e7 \u015f\u00fcphesiz ki, evet&#8230; B\u00fct\u00fcn i\u015f, dostluk muhabbetiyle g\u00f6z\u00fcm\u00fcz\u00fc g\u00f6nl\u00fcm\u00fcze ve i\u00e7 d\u00fcnyam\u0131za \u00e7evirmekte&#8230;\u00c7\u00fcnk\u00fc Allah, yarat\u0131rken \u00f6yle takdir etmi\u015f, bizleri dost olmak, anla\u015fmak, kayna\u015fmak \u00fczere yaratm\u0131\u015f. Bize d\u00fc\u015fen, i\u00e7imizdeki dostlu\u011fu ke\u015ffetmek, i\u015flemek ve geli\u015ftirmektir. . <\/p>\n","protected":false},"excerpt":{"rendered":"<p>Dost bulmakta samimi olan, kendisini aranan ve \u00f6zlenen bir dost haline getirmelidir. Yani dost bulmadan \u00f6nce dost olmak gerek&#8230; Zaten i\u00e7 d\u00fcnyan\u0131zdaki dostluk duygusunu ke\u015ffeder ve<span class=\"excerpt-hellip\"> [\u2026]<\/span><\/p>\n","protected":false},"featured_media":0,"template":"","meta":{"_monsterinsights_skip_tracking":false,"_monsterinsights_sitenote_active":false,"_monsterinsights_sitenote_note":"","_monsterinsights_sitenote_category":0},"product_brand":[],"product_cat":[12364,12376],"product_tag":[],"class_list":{"0":"post-691129","1":"product","2":"type-product","3":"status-publish","5":"product_cat-genel-konular","6":"product_cat-kisisel-gelisim","7":"pa_cilt-ciltsiz","8":"pa_tur-kitap","9":"pa_yayinevi-nesil-yayinlari","10":"pa_yazar-vehbi-vakkasoglu","12":"first","13":"instock","14":"sale","15":"shipping-taxable","16":"purchasable","17":"product-type-simple"},"_links":{"self":[{"href":"https:\/\/roveyayinevi.com.tr\/index.php\/wp-json\/wp\/v2\/product\/691129","targetHints":{"allow":["GET"]}}],"collection":[{"href":"https:\/\/roveyayinevi.com.tr\/index.php\/wp-json\/wp\/v2\/product"}],"about":[{"href":"https:\/\/roveyayinevi.com.tr\/index.php\/wp-json\/wp\/v2\/types\/product"}],"wp:attachment":[{"href":"https:\/\/roveyayinevi.com.tr\/index.php\/wp-json\/wp\/v2\/media?parent=691129"}],"wp:term":[{"taxonomy":"product_brand","embeddable":true,"href":"https:\/\/roveyayinevi.com.tr\/index.php\/wp-json\/wp\/v2\/product_brand?post=691129"},{"taxonomy":"product_cat","embeddable":true,"href":"https:\/\/roveyayinevi.com.tr\/index.php\/wp-json\/wp\/v2\/product_cat?post=691129"},{"taxonomy":"product_tag","embeddable":true,"href":"https:\/\/roveyayinevi.com.tr\/index.php\/wp-json\/wp\/v2\/product_tag?post=691129"}],"curies":[{"name":"wp","href":"https:\/\/api.w.org\/{rel}","templated":true}]}}