{"id":691128,"date":"2025-08-27T13:56:16","date_gmt":"2025-08-27T10:56:16","guid":{"rendered":"https:\/\/roveyayinevi.com.tr\/index.php\/urun\/hz-ali-ilk-uc-halife-ile-kavgali-miydi\/"},"modified":"2026-04-16T02:00:44","modified_gmt":"2026-04-15T23:00:44","slug":"hz-ali-ilk-uc-halife-ile-kavgali-miydi","status":"publish","type":"product","link":"https:\/\/roveyayinevi.com.tr\/index.php\/urun\/hz-ali-ilk-uc-halife-ile-kavgali-miydi\/","title":{"rendered":"Hz. Ali \u0130lk \u00dc\u00e7 Halife ile Kavgal\u0131 m\u0131yd\u0131?"},"content":{"rendered":"<p>\u0130slam d\u00fcnyas\u0131n\u0131n genelinde S\u00fcnn\u00eelik-\u015ei\u00eelik, T\u00fcrkiye \u00f6zelinde ise S\u00fcnn\u00eelik-Alev\u00eelik ayr\u0131m\u0131 \u00fczerinden s\u00fcren tart\u0131\u015fmalar\u0131n\u0131n k\u00f6keni, ilk d\u00f6rt halifenin aralar\u0131ndaki ili\u015fkilere dayand\u0131r\u0131l\u0131r. Tart\u0131\u015fmalar\u0131n merkezinde ise, ilk halifenin o olmas\u0131 gerekirken Hz. Ali\u2019nin ma\u011fdur edildi\u011fi iddias\u0131 yer al\u0131r. Bu iddiaya g\u00fc\u00e7 vermek \u00fczere de, Hz. Ali ile ilk \u00fc\u00e7 halife aras\u0131nda daha Hz. Peygamber hayattayken varolan bir gerilim oldu\u011fu, \u00fc\u00e7\u00fcn\u00fcn de Hz. Ali ile \u2018kavgal\u0131\u2019 oldu\u011fu s\u00f6ylenir. Bu, do\u011fru mudur? Halifeler aras\u0131nda bir gerginlik, ge\u00e7imsizlik, kavga, siyas\u00ee m\u00fccadele var m\u0131yd\u0131? Hem, Hz. Peygamber kedisinden sonraki halifeyi tayin etmi\u015f miydi? De\u011filse, halifeler nas\u0131l se\u00e7ildi? Halifelik s\u0131ras\u0131n\u0131n bu \u015fekilde olmas\u0131n\u0131n hikmetleri nelerdi? Neden Hz. Ali d\u00f6rd\u00fcnc\u00fc halife oldu? <\/p>\n","protected":false},"excerpt":{"rendered":"<p>\u0130slam d\u00fcnyas\u0131n\u0131n genelinde S\u00fcnn\u00eelik-\u015ei\u00eelik, T\u00fcrkiye \u00f6zelinde ise S\u00fcnn\u00eelik-Alev\u00eelik ayr\u0131m\u0131 \u00fczerinden s\u00fcren tart\u0131\u015fmalar\u0131n\u0131n k\u00f6keni, ilk d\u00f6rt halifenin aralar\u0131ndaki ili\u015fkilere dayand\u0131r\u0131l\u0131r. Tart\u0131\u015fmalar\u0131n merkezinde ise, ilk halifenin o olmas\u0131<span class=\"excerpt-hellip\"> [\u2026]<\/span><\/p>\n","protected":false},"featured_media":0,"template":"","meta":{"_monsterinsights_skip_tracking":false,"_monsterinsights_sitenote_active":false,"_monsterinsights_sitenote_note":"","_monsterinsights_sitenote_category":0},"product_brand":[],"product_cat":[12718,12719,18109],"product_tag":[],"class_list":{"0":"post-691128","1":"product","2":"type-product","3":"status-publish","5":"product_cat-din","6":"product_cat-islam","7":"product_cat-islam-tarihi","8":"pa_tur-kitap","9":"pa_yayinevi-nesil-yayinlari","10":"pa_yazar-murat-saricik","12":"first","13":"instock","14":"sale","15":"shipping-taxable","16":"purchasable","17":"product-type-simple"},"_links":{"self":[{"href":"https:\/\/roveyayinevi.com.tr\/index.php\/wp-json\/wp\/v2\/product\/691128","targetHints":{"allow":["GET"]}}],"collection":[{"href":"https:\/\/roveyayinevi.com.tr\/index.php\/wp-json\/wp\/v2\/product"}],"about":[{"href":"https:\/\/roveyayinevi.com.tr\/index.php\/wp-json\/wp\/v2\/types\/product"}],"wp:attachment":[{"href":"https:\/\/roveyayinevi.com.tr\/index.php\/wp-json\/wp\/v2\/media?parent=691128"}],"wp:term":[{"taxonomy":"product_brand","embeddable":true,"href":"https:\/\/roveyayinevi.com.tr\/index.php\/wp-json\/wp\/v2\/product_brand?post=691128"},{"taxonomy":"product_cat","embeddable":true,"href":"https:\/\/roveyayinevi.com.tr\/index.php\/wp-json\/wp\/v2\/product_cat?post=691128"},{"taxonomy":"product_tag","embeddable":true,"href":"https:\/\/roveyayinevi.com.tr\/index.php\/wp-json\/wp\/v2\/product_tag?post=691128"}],"curies":[{"name":"wp","href":"https:\/\/api.w.org\/{rel}","templated":true}]}}