{"id":691127,"date":"2025-08-27T13:56:16","date_gmt":"2025-08-27T10:56:16","guid":{"rendered":"https:\/\/roveyayinevi.com.tr\/index.php\/urun\/insani-ucurumdan-kurtaran-sozler\/"},"modified":"2026-04-16T02:00:44","modified_gmt":"2026-04-15T23:00:44","slug":"insani-ucurumdan-kurtaran-sozler","status":"publish","type":"product","link":"https:\/\/roveyayinevi.com.tr\/index.php\/urun\/insani-ucurumdan-kurtaran-sozler\/","title":{"rendered":"\u0130nsan\u0131 U\u00e7urumdan Kurtaran S\u00f6zler"},"content":{"rendered":"<p>Amel ve fiil deyince \u00e7o\u011fu insan\u0131n akl\u0131na eliyle yapt\u0131klar\u0131 gelir. \u0130ki duda\u011f\u0131n aras\u0131ndan \u00e7\u0131k\u0131veren s\u00f6zler, pek amel s\u0131n\u0131f\u0131ndan g\u00f6r\u00fclmez. Halbuki, ki\u015fiyi m\u00fc\u2019min k\u0131lan da, iman dairesi d\u0131\u015f\u0131nda tutan da, son tahlilde, dildir. \ufffcTan\u0131t\u0131m Metni<\/p>\n","protected":false},"excerpt":{"rendered":"<p>Amel ve fiil deyince \u00e7o\u011fu insan\u0131n akl\u0131na eliyle yapt\u0131klar\u0131 gelir. \u0130ki duda\u011f\u0131n aras\u0131ndan \u00e7\u0131k\u0131veren s\u00f6zler, pek amel s\u0131n\u0131f\u0131ndan g\u00f6r\u00fclmez. Halbuki, ki\u015fiyi m\u00fc\u2019min k\u0131lan da, iman dairesi<span class=\"excerpt-hellip\"> [\u2026]<\/span><\/p>\n","protected":false},"featured_media":0,"template":"","meta":{"_monsterinsights_skip_tracking":false,"_monsterinsights_sitenote_active":false,"_monsterinsights_sitenote_note":"","_monsterinsights_sitenote_category":0},"product_brand":[],"product_cat":[13036,12718,12719],"product_tag":[],"class_list":{"0":"post-691127","1":"product","2":"type-product","3":"status-publish","5":"product_cat-arastirma-inceleme-islam","6":"product_cat-din","7":"product_cat-islam","8":"pa_tur-kitap","9":"pa_yayinevi-nesil-yayinlari","10":"pa_yazar-mehmed-paksu","12":"first","13":"instock","14":"sale","15":"shipping-taxable","16":"purchasable","17":"product-type-simple"},"_links":{"self":[{"href":"https:\/\/roveyayinevi.com.tr\/index.php\/wp-json\/wp\/v2\/product\/691127","targetHints":{"allow":["GET"]}}],"collection":[{"href":"https:\/\/roveyayinevi.com.tr\/index.php\/wp-json\/wp\/v2\/product"}],"about":[{"href":"https:\/\/roveyayinevi.com.tr\/index.php\/wp-json\/wp\/v2\/types\/product"}],"wp:attachment":[{"href":"https:\/\/roveyayinevi.com.tr\/index.php\/wp-json\/wp\/v2\/media?parent=691127"}],"wp:term":[{"taxonomy":"product_brand","embeddable":true,"href":"https:\/\/roveyayinevi.com.tr\/index.php\/wp-json\/wp\/v2\/product_brand?post=691127"},{"taxonomy":"product_cat","embeddable":true,"href":"https:\/\/roveyayinevi.com.tr\/index.php\/wp-json\/wp\/v2\/product_cat?post=691127"},{"taxonomy":"product_tag","embeddable":true,"href":"https:\/\/roveyayinevi.com.tr\/index.php\/wp-json\/wp\/v2\/product_tag?post=691127"}],"curies":[{"name":"wp","href":"https:\/\/api.w.org\/{rel}","templated":true}]}}