{"id":691125,"date":"2025-08-27T13:56:15","date_gmt":"2025-08-27T10:56:15","guid":{"rendered":"https:\/\/roveyayinevi.com.tr\/index.php\/urun\/haya-timsali-hz-osman-r-a\/"},"modified":"2026-04-16T02:00:44","modified_gmt":"2026-04-15T23:00:44","slug":"haya-timsali-hz-osman-r-a","status":"publish","type":"product","link":"https:\/\/roveyayinevi.com.tr\/index.php\/urun\/haya-timsali-hz-osman-r-a\/","title":{"rendered":"Haya Timsali Hz. Osman (r.a.)"},"content":{"rendered":"<p>Gen\u00e7 ya\u015fta Kurey\u015f\u2019in say\u0131l\u0131 zenginleri aras\u0131na girdi. Otuzlu ya\u015flarda \u0130slamla \u015fereflendi. Mekke m\u00fc\u015friklerinin t\u00fcm bask\u0131lar\u0131na, tehdit ve i\u015fkencelerine ra\u011fmen davas\u0131ndan vazge\u00e7medi. Elindeki t\u00fcm imkanlar\u0131 \u0130slama adamaktan \u00e7ekinmedi. <\/p>\n","protected":false},"excerpt":{"rendered":"<p>Gen\u00e7 ya\u015fta Kurey\u015f\u2019in say\u0131l\u0131 zenginleri aras\u0131na girdi. Otuzlu ya\u015flarda \u0130slamla \u015fereflendi. Mekke m\u00fc\u015friklerinin t\u00fcm bask\u0131lar\u0131na, tehdit ve i\u015fkencelerine ra\u011fmen davas\u0131ndan vazge\u00e7medi. Elindeki t\u00fcm imkanlar\u0131 \u0130slama adamaktan<span class=\"excerpt-hellip\"> [\u2026]<\/span><\/p>\n","protected":false},"featured_media":0,"template":"","meta":{"_monsterinsights_skip_tracking":false,"_monsterinsights_sitenote_active":false,"_monsterinsights_sitenote_note":"","_monsterinsights_sitenote_category":0},"product_brand":[],"product_cat":[12718,18102,12719],"product_tag":[],"class_list":{"0":"post-691125","1":"product","2":"type-product","3":"status-publish","5":"product_cat-din","6":"product_cat-edebiyat-roman","7":"product_cat-islam","8":"pa_tur-kitap","9":"pa_yayinevi-nesil-yayinlari","10":"pa_yazar-murat-saricik","12":"first","13":"instock","14":"sale","15":"shipping-taxable","16":"purchasable","17":"product-type-simple"},"_links":{"self":[{"href":"https:\/\/roveyayinevi.com.tr\/index.php\/wp-json\/wp\/v2\/product\/691125","targetHints":{"allow":["GET"]}}],"collection":[{"href":"https:\/\/roveyayinevi.com.tr\/index.php\/wp-json\/wp\/v2\/product"}],"about":[{"href":"https:\/\/roveyayinevi.com.tr\/index.php\/wp-json\/wp\/v2\/types\/product"}],"wp:attachment":[{"href":"https:\/\/roveyayinevi.com.tr\/index.php\/wp-json\/wp\/v2\/media?parent=691125"}],"wp:term":[{"taxonomy":"product_brand","embeddable":true,"href":"https:\/\/roveyayinevi.com.tr\/index.php\/wp-json\/wp\/v2\/product_brand?post=691125"},{"taxonomy":"product_cat","embeddable":true,"href":"https:\/\/roveyayinevi.com.tr\/index.php\/wp-json\/wp\/v2\/product_cat?post=691125"},{"taxonomy":"product_tag","embeddable":true,"href":"https:\/\/roveyayinevi.com.tr\/index.php\/wp-json\/wp\/v2\/product_tag?post=691125"}],"curies":[{"name":"wp","href":"https:\/\/api.w.org\/{rel}","templated":true}]}}