{"id":691124,"date":"2025-08-27T13:56:15","date_gmt":"2025-08-27T10:56:15","guid":{"rendered":"https:\/\/roveyayinevi.com.tr\/index.php\/urun\/haccin-kalbine-yolculuk\/"},"modified":"2026-04-16T02:00:44","modified_gmt":"2026-04-15T23:00:44","slug":"haccin-kalbine-yolculuk","status":"publish","type":"product","link":"https:\/\/roveyayinevi.com.tr\/index.php\/urun\/haccin-kalbine-yolculuk\/","title":{"rendered":"Hacc\u0131n Kalbine Yolculuk"},"content":{"rendered":"<p>Beden ile ruhun birle\u015fti\u011fi bir ibadettir hac&#8230; B\u00fct\u00fcn ibadetleri i\u00e7ine alan b\u00fcy\u00fck bir kalp h\u00fckm\u00fcndedir. D\u00fcnyev\u00ee \u00f6l\u00e7\u00fclerle tarif edilemeyen bir cazibe merkezidir. <\/p>\n","protected":false},"excerpt":{"rendered":"<p>Beden ile ruhun birle\u015fti\u011fi bir ibadettir hac&#8230; B\u00fct\u00fcn ibadetleri i\u00e7ine alan b\u00fcy\u00fck bir kalp h\u00fckm\u00fcndedir. D\u00fcnyev\u00ee \u00f6l\u00e7\u00fclerle tarif edilemeyen bir cazibe merkezidir.<\/p>\n","protected":false},"featured_media":0,"template":"","meta":{"_monsterinsights_skip_tracking":false,"_monsterinsights_sitenote_active":false,"_monsterinsights_sitenote_note":"","_monsterinsights_sitenote_category":0},"product_brand":[],"product_cat":[16789,12718,12719],"product_tag":[],"class_list":{"0":"post-691124","1":"product","2":"type-product","3":"status-publish","5":"product_cat-diger-islam","6":"product_cat-din","7":"product_cat-islam","8":"pa_tur-kitap","9":"pa_yayinevi-nesil-yayinlari","10":"pa_yazar-esma-sayin","12":"first","13":"instock","14":"sale","15":"shipping-taxable","16":"purchasable","17":"product-type-simple"},"_links":{"self":[{"href":"https:\/\/roveyayinevi.com.tr\/index.php\/wp-json\/wp\/v2\/product\/691124","targetHints":{"allow":["GET"]}}],"collection":[{"href":"https:\/\/roveyayinevi.com.tr\/index.php\/wp-json\/wp\/v2\/product"}],"about":[{"href":"https:\/\/roveyayinevi.com.tr\/index.php\/wp-json\/wp\/v2\/types\/product"}],"wp:attachment":[{"href":"https:\/\/roveyayinevi.com.tr\/index.php\/wp-json\/wp\/v2\/media?parent=691124"}],"wp:term":[{"taxonomy":"product_brand","embeddable":true,"href":"https:\/\/roveyayinevi.com.tr\/index.php\/wp-json\/wp\/v2\/product_brand?post=691124"},{"taxonomy":"product_cat","embeddable":true,"href":"https:\/\/roveyayinevi.com.tr\/index.php\/wp-json\/wp\/v2\/product_cat?post=691124"},{"taxonomy":"product_tag","embeddable":true,"href":"https:\/\/roveyayinevi.com.tr\/index.php\/wp-json\/wp\/v2\/product_tag?post=691124"}],"curies":[{"name":"wp","href":"https:\/\/api.w.org\/{rel}","templated":true}]}}