{"id":691118,"date":"2025-08-27T13:56:14","date_gmt":"2025-08-27T10:56:14","guid":{"rendered":"https:\/\/roveyayinevi.com.tr\/index.php\/urun\/canan\/"},"modified":"2026-04-16T02:00:44","modified_gmt":"2026-04-15T23:00:44","slug":"canan","status":"publish","type":"product","link":"https:\/\/roveyayinevi.com.tr\/index.php\/urun\/canan\/","title":{"rendered":"Canan"},"content":{"rendered":"<p>Halit Ertu\u011frul&#8217;dan bir duygu seli daha&#8230; Elinizdeki bu kitap sizi sizden ge\u00e7irecek ve \u00e7ok ibretli sahneler sunacakat\u0131r. Canan ba\u015ftan sona, g\u00f6zya\u015flar\u0131 i\u00e7inde anlat\u0131lan bir hayat \u00f6yk\u00fcs\u00fcd\u00fcr. Bu y\u00fczden de g\u00f6zya\u015flar\u0131 i\u00e7inde kaleme al\u0131nm\u0131\u015ft\u0131r. Bu kitab\u0131 okurken yanl\u0131zca hayat\u0131n esrarengiz d\u00fcnyas\u0131na seyahat etmeyecek, ayn\u0131 zamanda hayretler i\u00e7inde kendinizden ge\u00e7eceksiniz. Her okuyucunun bu kitapta bir sahnesi, bir kesiti vard\u0131r.Bir anlamda herkesin hayat\u0131 bu kitapta ortak olarak ele al\u0131nm\u0131\u015ft\u0131r. Bunun i\u00e7inde bu kitapta Canan Han\u0131mla birlikte, siz de yer alacaks\u0131n\u0131z. Kitab\u0131 okudu\u011funuzda &#8220;B\u00f6ylesi g\u00f6r\u00fclmemi\u015ftir, ben b\u00f6yle bir olay duymam\u0131\u015ft\u0131m!&#8221; diyeceksiniz. Kitab\u0131 bitirir bitirmez, kendinizi hesaba \u00e7ekme, yanl\u0131\u015f ve do\u011frular\u0131 g\u00f6zden ge\u00e7irme ihtiyac\u0131 hissedeceksiniz. Unutmay\u0131n ki, bu kitap bitti\u011finde hayat\u0131n\u0131zda \u00e7ok \u015feyler de\u011fi\u015fecek&#8230; \ufffcTan\u0131t\u0131m Metni<\/p>\n","protected":false},"excerpt":{"rendered":"<p>Halit Ertu\u011frul&#8217;dan bir duygu seli daha&#8230; Elinizdeki bu kitap sizi sizden ge\u00e7irecek ve \u00e7ok ibretli sahneler sunacakat\u0131r. Canan ba\u015ftan sona, g\u00f6zya\u015flar\u0131 i\u00e7inde anlat\u0131lan bir hayat \u00f6yk\u00fcs\u00fcd\u00fcr.<span class=\"excerpt-hellip\"> [\u2026]<\/span><\/p>\n","protected":false},"featured_media":0,"template":"","meta":{"_monsterinsights_skip_tracking":false,"_monsterinsights_sitenote_active":false,"_monsterinsights_sitenote_note":"","_monsterinsights_sitenote_category":0},"product_brand":[],"product_cat":[12782,12291],"product_tag":[],"class_list":{"0":"post-691118","1":"product","2":"type-product","3":"status-publish","5":"product_cat-alman-edebiyati","6":"product_cat-edebiyat","7":"pa_cilt-ciltsiz","8":"pa_tur-kitap","9":"pa_yayinevi-nesil-yayinlari","10":"pa_yazar-halit-ertugrul","12":"first","13":"instock","14":"sale","15":"shipping-taxable","16":"purchasable","17":"product-type-simple"},"_links":{"self":[{"href":"https:\/\/roveyayinevi.com.tr\/index.php\/wp-json\/wp\/v2\/product\/691118","targetHints":{"allow":["GET"]}}],"collection":[{"href":"https:\/\/roveyayinevi.com.tr\/index.php\/wp-json\/wp\/v2\/product"}],"about":[{"href":"https:\/\/roveyayinevi.com.tr\/index.php\/wp-json\/wp\/v2\/types\/product"}],"wp:attachment":[{"href":"https:\/\/roveyayinevi.com.tr\/index.php\/wp-json\/wp\/v2\/media?parent=691118"}],"wp:term":[{"taxonomy":"product_brand","embeddable":true,"href":"https:\/\/roveyayinevi.com.tr\/index.php\/wp-json\/wp\/v2\/product_brand?post=691118"},{"taxonomy":"product_cat","embeddable":true,"href":"https:\/\/roveyayinevi.com.tr\/index.php\/wp-json\/wp\/v2\/product_cat?post=691118"},{"taxonomy":"product_tag","embeddable":true,"href":"https:\/\/roveyayinevi.com.tr\/index.php\/wp-json\/wp\/v2\/product_tag?post=691118"}],"curies":[{"name":"wp","href":"https:\/\/api.w.org\/{rel}","templated":true}]}}