{"id":691117,"date":"2025-08-27T13:56:14","date_gmt":"2025-08-27T10:56:14","guid":{"rendered":"https:\/\/roveyayinevi.com.tr\/index.php\/urun\/buyuk-ruya-tabirleri\/"},"modified":"2026-04-16T02:00:44","modified_gmt":"2026-04-15T23:00:44","slug":"buyuk-ruya-tabirleri","status":"publish","type":"product","link":"https:\/\/roveyayinevi.com.tr\/index.php\/urun\/buyuk-ruya-tabirleri\/","title":{"rendered":"B\u00fcy\u00fck R\u00fcya Tabirleri"},"content":{"rendered":"<p>R\u00fcya, hayat kadar ger\u00e7ek olmasa da, \u2018hayat\u0131m\u0131z\u0131n bir ger\u00e7e\u011fi.\u2019 Ge\u00e7mi\u015ften, g\u00fcn\u00fcm\u00fczden ve gelecekten p\u0131r\u0131lt\u0131lar ta\u015f\u0131r r\u00fcya. R\u00fcya, \u2018N\u00fcb\u00fcvvetin 46 c\u00fcz\u2019\u00fcnden bir par\u00e7ad\u0131r\u2019 diyor Allah\u2019\u0131n Resul\u00fc (a.s.m.). Hemen her g\u00fcn g\u00f6rd\u00fc\u011f\u00fcm\u00fcz r\u00fcyalar\u0131n mahiyeti, tabir edilmesi ancak ehil olanlar\u0131n yapabilece\u011fi m\u00fchim bir i\u015ftir. \u0130\u015fte geni a\u00e7\u0131klamalarla \u00f6zenle haz\u0131rlanan \u2018B\u00fcy\u00fck R\u00fcya Tabirleri\u2019, r\u00fcyalar\u0131n\u0131z\u0131n mesaj\u0131n\u0131 anlamak i\u00e7in \u00f6nemli bir k\u0131lavuz vazifesi g\u00f6recek. Her sabah uyand\u0131\u011f\u0131m\u0131zda kimi zaman bizi \u00fczen, kimi zaman da sevince bo\u011fan r\u00fcyalar, do\u011fru bir \u015fekilde yorumlanmazsa hi\u00e7bir anlam ifade etmez. <\/p>\n","protected":false},"excerpt":{"rendered":"<p>R\u00fcya, hayat kadar ger\u00e7ek olmasa da, \u2018hayat\u0131m\u0131z\u0131n bir ger\u00e7e\u011fi.\u2019 Ge\u00e7mi\u015ften, g\u00fcn\u00fcm\u00fczden ve gelecekten p\u0131r\u0131lt\u0131lar ta\u015f\u0131r r\u00fcya. R\u00fcya, \u2018N\u00fcb\u00fcvvetin 46 c\u00fcz\u2019\u00fcnden bir par\u00e7ad\u0131r\u2019 diyor Allah\u2019\u0131n Resul\u00fc (a.s.m.).<span class=\"excerpt-hellip\"> [\u2026]<\/span><\/p>\n","protected":false},"featured_media":0,"template":"","meta":{"_monsterinsights_skip_tracking":false,"_monsterinsights_sitenote_active":false,"_monsterinsights_sitenote_note":"","_monsterinsights_sitenote_category":0},"product_brand":[],"product_cat":[18082,15563],"product_tag":[],"class_list":{"0":"post-691117","1":"product","2":"type-product","3":"status-publish","5":"product_cat-astroloji-fal-ruya","6":"product_cat-hobi","7":"pa_tur-kitap","8":"pa_yayinevi-nesil-yayinlari","9":"pa_yazar-fatma-zehra-paksu","11":"first","12":"instock","13":"sale","14":"shipping-taxable","15":"purchasable","16":"product-type-simple"},"_links":{"self":[{"href":"https:\/\/roveyayinevi.com.tr\/index.php\/wp-json\/wp\/v2\/product\/691117","targetHints":{"allow":["GET"]}}],"collection":[{"href":"https:\/\/roveyayinevi.com.tr\/index.php\/wp-json\/wp\/v2\/product"}],"about":[{"href":"https:\/\/roveyayinevi.com.tr\/index.php\/wp-json\/wp\/v2\/types\/product"}],"wp:attachment":[{"href":"https:\/\/roveyayinevi.com.tr\/index.php\/wp-json\/wp\/v2\/media?parent=691117"}],"wp:term":[{"taxonomy":"product_brand","embeddable":true,"href":"https:\/\/roveyayinevi.com.tr\/index.php\/wp-json\/wp\/v2\/product_brand?post=691117"},{"taxonomy":"product_cat","embeddable":true,"href":"https:\/\/roveyayinevi.com.tr\/index.php\/wp-json\/wp\/v2\/product_cat?post=691117"},{"taxonomy":"product_tag","embeddable":true,"href":"https:\/\/roveyayinevi.com.tr\/index.php\/wp-json\/wp\/v2\/product_tag?post=691117"}],"curies":[{"name":"wp","href":"https:\/\/api.w.org\/{rel}","templated":true}]}}