{"id":691111,"date":"2025-08-27T13:56:13","date_gmt":"2025-08-27T10:56:13","guid":{"rendered":"https:\/\/roveyayinevi.com.tr\/index.php\/urun\/cocuklara-en-guzel-masallar\/"},"modified":"2026-04-16T02:00:43","modified_gmt":"2026-04-15T23:00:43","slug":"cocuklara-en-guzel-masallar","status":"publish","type":"product","link":"https:\/\/roveyayinevi.com.tr\/index.php\/urun\/cocuklara-en-guzel-masallar\/","title":{"rendered":"\u00c7ocuklara En G\u00fczel Masallar"},"content":{"rendered":"<p>Masallar, dinleyeni uyutmak i\u00e7in anlat\u0131l\u0131r. Aziz Nesin ise okurunu uyand\u0131rmak i\u00e7in anlat\u0131yor masallar\u0131n\u0131. \u0130ki kitapl\u0131k B\u00fcy\u00fcklere Masallar serisinden \u00e7ocuklar i\u00e7in se\u00e7ilen bu on d\u00f6rt masal, halk hikayelerinin tad\u0131n\u0131 \u00e7a\u011fda\u015f bir \u00f6zle, ge\u00e7mi\u015fi gelecekle, g\u00fclmeceyi d\u00fc\u015f\u00fcnceyle harmanl\u0131yor. Onlar ermemi\u015f murad\u0131na, biz bekleyelim bo\u015funa&#8230; G\u00f6kten inmi\u015f \u00fc\u00e7 elma; ne bana, ne sana, ne Hasan`a&#8230; Masallar, dinleyeni uyutmak i\u00e7in anlat\u0131l\u0131r<\/p>\n","protected":false},"excerpt":{"rendered":"<p>Masallar, dinleyeni uyutmak i\u00e7in anlat\u0131l\u0131r. Aziz Nesin ise okurunu uyand\u0131rmak i\u00e7in anlat\u0131yor masallar\u0131n\u0131. \u0130ki kitapl\u0131k B\u00fcy\u00fcklere Masallar serisinden \u00e7ocuklar i\u00e7in se\u00e7ilen bu on d\u00f6rt masal, halk<span class=\"excerpt-hellip\"> [\u2026]<\/span><\/p>\n","protected":false},"featured_media":0,"template":"","meta":{"_monsterinsights_skip_tracking":false,"_monsterinsights_sitenote_active":false,"_monsterinsights_sitenote_note":"","_monsterinsights_sitenote_category":0},"product_brand":[],"product_cat":[12274,12523],"product_tag":[],"class_list":{"0":"post-691111","1":"product","2":"type-product","3":"status-publish","5":"product_cat-cocuk-ve-genclik-kitaplari","6":"product_cat-masallar","7":"pa_cilt-ciltsiz","8":"pa_tur-kitap","9":"pa_yayinevi-nesin-yayinlari","10":"pa_yazar-aziz-nesin","12":"first","13":"instock","14":"sale","15":"shipping-taxable","16":"purchasable","17":"product-type-simple"},"_links":{"self":[{"href":"https:\/\/roveyayinevi.com.tr\/index.php\/wp-json\/wp\/v2\/product\/691111","targetHints":{"allow":["GET"]}}],"collection":[{"href":"https:\/\/roveyayinevi.com.tr\/index.php\/wp-json\/wp\/v2\/product"}],"about":[{"href":"https:\/\/roveyayinevi.com.tr\/index.php\/wp-json\/wp\/v2\/types\/product"}],"wp:attachment":[{"href":"https:\/\/roveyayinevi.com.tr\/index.php\/wp-json\/wp\/v2\/media?parent=691111"}],"wp:term":[{"taxonomy":"product_brand","embeddable":true,"href":"https:\/\/roveyayinevi.com.tr\/index.php\/wp-json\/wp\/v2\/product_brand?post=691111"},{"taxonomy":"product_cat","embeddable":true,"href":"https:\/\/roveyayinevi.com.tr\/index.php\/wp-json\/wp\/v2\/product_cat?post=691111"},{"taxonomy":"product_tag","embeddable":true,"href":"https:\/\/roveyayinevi.com.tr\/index.php\/wp-json\/wp\/v2\/product_tag?post=691111"}],"curies":[{"name":"wp","href":"https:\/\/api.w.org\/{rel}","templated":true}]}}