{"id":691110,"date":"2025-08-27T13:56:12","date_gmt":"2025-08-27T10:56:12","guid":{"rendered":"https:\/\/roveyayinevi.com.tr\/index.php\/urun\/butun-oyunlari-2-toros-canavari-hadi-oldursene-canikom\/"},"modified":"2026-04-16T02:00:43","modified_gmt":"2026-04-15T23:00:43","slug":"butun-oyunlari-2-toros-canavari-hadi-oldursene-canikom","status":"publish","type":"product","link":"https:\/\/roveyayinevi.com.tr\/index.php\/urun\/butun-oyunlari-2-toros-canavari-hadi-oldursene-canikom\/","title":{"rendered":"B\u00fct\u00fcn Oyunlar\u0131 2: Toros Canavar\u0131 &#8211; Hadi \u00d6ld\u00fcrsene Canikom"},"content":{"rendered":"<p>Toros Canavar\u0131 ilerde oyun olarak yazmay\u0131 tasarlad\u0131\u011f\u0131m konulardan biriydi. Daha bi\u00e7oklar\u0131 gibi onu da ilerde oyunla\u015ft\u0131rmak \u00fczere ilkin \u00f6yk\u00fc bi\u00e7iminde yazm\u0131\u015ft\u0131m. 1953&#8217;te yazd\u0131m, 1955&#8217;te dergide yay\u0131mland\u0131, 1957&#8217;de de Toros Canavar\u0131 adl\u0131 \u00f6yk\u00fc kitab\u0131m\u0131n ilk \u00f6yk\u00fcs\u00fc olarak \u00e7\u0131kt\u0131. \u015eunu demek istiyorum ki Toros Canavar\u0131 \u00f6yk\u00fcden uyarlanm\u0131\u015f bir oyun de\u011fildir, asl\u0131nda bir oyun \u00f6zeti olarak \u00f6nce \u00f6yk\u00fc bi\u00e7iminde yaz\u0131lm\u0131\u015f, sonra oyun yap\u0131lm\u0131\u015ft\u0131r. (\u00d6yk\u00fcden yada romandan oyun yap\u0131lmas\u0131na kar\u015f\u0131y\u0131m \u00e7\u00fcnk\u00fc.)Avni Dilligil&#8217;in \u00e7ok \u00fcstelemesiyle Toros Canavar\u0131&#8217;n\u0131 1962&#8217;de oyun olarak yazd\u0131m. \u015eimdi bana bile kolay yaz\u0131lm\u0131\u015f san\u0131s\u0131n\u0131 veriyor. Oysa dosyama bak\u0131nca, not \u00e7al\u0131\u015fmalar\u0131m ayr\u0131 tutulursa, son bi\u00e7imini verebilmek i\u00e7in Toros Canavar\u0131&#8217;n\u0131 bozup de\u011fi\u015ftirerek sekiz kere ba\u015ftan yazm\u0131\u015f oldu\u011fumu g\u00f6r\u00fcp kendim de \u015fa\u015ft\u0131m. Bu oyunda, elimden geldi\u011fince, bilinen klasik tiyatro kurallar\u0131na uymaya ve onlar\u0131 uygulamaya \u00e7al\u0131\u015ft\u0131m.Hadi \u00d6ld\u00fcrsene Canikom ve \u00c7i\u00e7u insan\u0131n yaln\u0131zl\u0131\u011f\u0131n\u0131 anlatmaktad\u0131r. \u00c7i\u00e7u, bir adam\u0131n -ki hepimizindir- yaln\u0131zl\u0131\u011f\u0131n\u0131n dram\u0131, Hadi \u00d6ld\u00fcrsene Canikom iki ya\u015fl\u0131 kad\u0131n\u0131n yaln\u0131zl\u0131\u011f\u0131n\u0131n g\u00fcld\u00fcr\u00fcs\u00fcd\u00fcr.Karag\u00fclmece Oyunlar:Toros Canavar\u0131Hadi \u00d6ld\u00fcrsene Canikom&#8221;<\/p>\n","protected":false},"excerpt":{"rendered":"<p>Toros Canavar\u0131 ilerde oyun olarak yazmay\u0131 tasarlad\u0131\u011f\u0131m konulardan biriydi. Daha bi\u00e7oklar\u0131 gibi onu da ilerde oyunla\u015ft\u0131rmak \u00fczere ilkin \u00f6yk\u00fc bi\u00e7iminde yazm\u0131\u015ft\u0131m. 1953&#8217;te yazd\u0131m, 1955&#8217;te dergide yay\u0131mland\u0131,<span class=\"excerpt-hellip\"> [\u2026]<\/span><\/p>\n","protected":false},"featured_media":0,"template":"","meta":{"_monsterinsights_skip_tracking":false,"_monsterinsights_sitenote_active":false,"_monsterinsights_sitenote_note":"","_monsterinsights_sitenote_category":0},"product_brand":[],"product_cat":[12291,12332],"product_tag":[],"class_list":{"0":"post-691110","1":"product","2":"type-product","3":"status-publish","5":"product_cat-edebiyat","6":"product_cat-senaryo","7":"pa_cilt-ciltsiz","8":"pa_tur-kitap","9":"pa_yayinevi-nesin-yayinlari","10":"pa_yazar-aziz-nesin","12":"first","13":"instock","14":"sale","15":"shipping-taxable","16":"purchasable","17":"product-type-simple"},"_links":{"self":[{"href":"https:\/\/roveyayinevi.com.tr\/index.php\/wp-json\/wp\/v2\/product\/691110","targetHints":{"allow":["GET"]}}],"collection":[{"href":"https:\/\/roveyayinevi.com.tr\/index.php\/wp-json\/wp\/v2\/product"}],"about":[{"href":"https:\/\/roveyayinevi.com.tr\/index.php\/wp-json\/wp\/v2\/types\/product"}],"wp:attachment":[{"href":"https:\/\/roveyayinevi.com.tr\/index.php\/wp-json\/wp\/v2\/media?parent=691110"}],"wp:term":[{"taxonomy":"product_brand","embeddable":true,"href":"https:\/\/roveyayinevi.com.tr\/index.php\/wp-json\/wp\/v2\/product_brand?post=691110"},{"taxonomy":"product_cat","embeddable":true,"href":"https:\/\/roveyayinevi.com.tr\/index.php\/wp-json\/wp\/v2\/product_cat?post=691110"},{"taxonomy":"product_tag","embeddable":true,"href":"https:\/\/roveyayinevi.com.tr\/index.php\/wp-json\/wp\/v2\/product_tag?post=691110"}],"curies":[{"name":"wp","href":"https:\/\/api.w.org\/{rel}","templated":true}]}}