{"id":691106,"date":"2025-08-27T13:56:12","date_gmt":"2025-08-27T10:56:12","guid":{"rendered":"https:\/\/roveyayinevi.com.tr\/index.php\/urun\/arkadasim-badem-agaci\/"},"modified":"2026-04-16T02:00:43","modified_gmt":"2026-04-15T23:00:43","slug":"arkadasim-badem-agaci","status":"publish","type":"product","link":"https:\/\/roveyayinevi.com.tr\/index.php\/urun\/arkadasim-badem-agaci\/","title":{"rendered":"Arkada\u015f\u0131m Badem A\u011fac\u0131"},"content":{"rendered":"<p>Bu kitapta Aziz Nesin\u2019in \u015fiirlerinden \u00e7ocuklar i\u00e7in yap\u0131lan se\u00e7meleri bulacaks\u0131n\u0131z. \u015eiirlerinde i\u00e7 d\u00fcnyas\u0131n\u0131n yan\u0131nda d\u0131\u015f d\u00fcnyan\u0131n da sorunlar\u0131na e\u011filen Aziz Nesin, duygu ve d\u00fc\u015f\u00fcncelerini \u015fiir sanat\u0131n\u0131n sa\u011flad\u0131\u011f\u0131 anlat\u0131m olanaklar\u0131yla daha da yo\u011funla\u015ft\u0131rarak okurlar\u0131na sundu. Kendisini yeti\u015ftiren topluma olan borcunu her f\u0131rsatta vurgulayan yazar\u0131n, bu borcu \u00f6deme \u00e7abas\u0131na \u015fiirlerinde de tan\u0131k olacaks\u0131n\u0131z. Yazar\u0131n \u00f6l\u00fcm\u00fcnden sonra, notlar\u0131 aras\u0131nda bulunan &#8220;O\u011flum&#8221; adl\u0131 bir \u015fiiri de ilk kez bu kitapta yay\u0131mlan\u0131yor. \ufffcTan\u0131t\u0131m Metni<\/p>\n","protected":false},"excerpt":{"rendered":"<p>Bu kitapta Aziz Nesin\u2019in \u015fiirlerinden \u00e7ocuklar i\u00e7in yap\u0131lan se\u00e7meleri bulacaks\u0131n\u0131z. \u015eiirlerinde i\u00e7 d\u00fcnyas\u0131n\u0131n yan\u0131nda d\u0131\u015f d\u00fcnyan\u0131n da sorunlar\u0131na e\u011filen Aziz Nesin, duygu ve d\u00fc\u015f\u00fcncelerini \u015fiir sanat\u0131n\u0131n<span class=\"excerpt-hellip\"> [\u2026]<\/span><\/p>\n","protected":false},"featured_media":0,"template":"","meta":{"_monsterinsights_skip_tracking":false,"_monsterinsights_sitenote_active":false,"_monsterinsights_sitenote_note":"","_monsterinsights_sitenote_category":0},"product_brand":[],"product_cat":[12274,12523],"product_tag":[],"class_list":{"0":"post-691106","1":"product","2":"type-product","3":"status-publish","5":"product_cat-cocuk-ve-genclik-kitaplari","6":"product_cat-masallar","7":"pa_cilt-ciltsiz","8":"pa_tur-kitap","9":"pa_yayinevi-nesin-yayinlari","10":"pa_yazar-aziz-nesin","12":"first","13":"instock","14":"sale","15":"shipping-taxable","16":"purchasable","17":"product-type-simple"},"_links":{"self":[{"href":"https:\/\/roveyayinevi.com.tr\/index.php\/wp-json\/wp\/v2\/product\/691106","targetHints":{"allow":["GET"]}}],"collection":[{"href":"https:\/\/roveyayinevi.com.tr\/index.php\/wp-json\/wp\/v2\/product"}],"about":[{"href":"https:\/\/roveyayinevi.com.tr\/index.php\/wp-json\/wp\/v2\/types\/product"}],"wp:attachment":[{"href":"https:\/\/roveyayinevi.com.tr\/index.php\/wp-json\/wp\/v2\/media?parent=691106"}],"wp:term":[{"taxonomy":"product_brand","embeddable":true,"href":"https:\/\/roveyayinevi.com.tr\/index.php\/wp-json\/wp\/v2\/product_brand?post=691106"},{"taxonomy":"product_cat","embeddable":true,"href":"https:\/\/roveyayinevi.com.tr\/index.php\/wp-json\/wp\/v2\/product_cat?post=691106"},{"taxonomy":"product_tag","embeddable":true,"href":"https:\/\/roveyayinevi.com.tr\/index.php\/wp-json\/wp\/v2\/product_tag?post=691106"}],"curies":[{"name":"wp","href":"https:\/\/api.w.org\/{rel}","templated":true}]}}