{"id":691104,"date":"2025-08-27T13:56:11","date_gmt":"2025-08-27T10:56:11","guid":{"rendered":"https:\/\/roveyayinevi.com.tr\/index.php\/urun\/aferin\/"},"modified":"2026-04-16T02:00:43","modified_gmt":"2026-04-15T23:00:43","slug":"aferin","status":"publish","type":"product","link":"https:\/\/roveyayinevi.com.tr\/index.php\/urun\/aferin\/","title":{"rendered":"Aferin"},"content":{"rendered":"<p>&#8220;\u2013 Ba\u015fmemur \u00e7antay\u0131 karakola g\u00f6t\u00fcrd\u00fc.Karakol iskele alan\u0131nda. Ok gibi f\u0131rlad\u0131m. Y\u00fcre\u011fim ku\u015f olup a\u011fz\u0131mdan f\u0131rlayacak.Merdivenleri iki\u015fer \u00fc\u00e7er atlay\u0131p ilk kap\u0131y\u0131 a\u00e7t\u0131m,\u2013 \u00c7anta!.. diye ba\u011f\u0131rd\u0131m.Bir \u00e7ocu\u011fa a\u015f\u0131 yapan doktor,\u2013 Ne \u00e7antas\u0131? dedi.\u2013 Benim \u00e7antam.\u2013 Ne olmu\u015f?\u2013 Kayboldu.\u2013 Ne zaman?\u2013 Sorguyu b\u0131rak bay\u0131m, \u00e7anta nerde?\u2013 Yukar\u0131ya bak\u0131n. Buras\u0131 belediye hekimli\u011fi&#8230;Bika\u00e7 kap\u0131 daha a\u00e7t\u0131ktan sonra karakolu bulabildim. \u0130lk girdi\u011fim odada d\u00f6rt polis vard\u0131.\u2013 \u00c7antaa! diye ba\u011f\u0131rd\u0131m.\u2013 Ne \u00e7antas\u0131?\u2013 Ba\u015fmemur bulmu\u015f, buraya getirmi\u015f.\u2013 Ba\u015fkomiserin odas\u0131na bak\u0131n. Yandaki oda.Ben yandaki odan\u0131n kap\u0131s\u0131n\u0131 \u00f6yle bir h\u0131zla a\u00e7t\u0131m ki, i\u00e7erdekilerin iki ellerini havaya kald\u0131r\u0131p teslim olmalar\u0131 gerekirdi.&#8221; <\/p>\n","protected":false},"excerpt":{"rendered":"<p>&#8220;\u2013 Ba\u015fmemur \u00e7antay\u0131 karakola g\u00f6t\u00fcrd\u00fc.Karakol iskele alan\u0131nda. Ok gibi f\u0131rlad\u0131m. Y\u00fcre\u011fim ku\u015f olup a\u011fz\u0131mdan f\u0131rlayacak.Merdivenleri iki\u015fer \u00fc\u00e7er atlay\u0131p ilk kap\u0131y\u0131 a\u00e7t\u0131m,\u2013 \u00c7anta!.. diye ba\u011f\u0131rd\u0131m.Bir \u00e7ocu\u011fa a\u015f\u0131<span class=\"excerpt-hellip\"> [\u2026]<\/span><\/p>\n","protected":false},"featured_media":0,"template":"","meta":{"_monsterinsights_skip_tracking":false,"_monsterinsights_sitenote_active":false,"_monsterinsights_sitenote_note":"","_monsterinsights_sitenote_category":0},"product_brand":[],"product_cat":[12477,12364],"product_tag":[],"class_list":{"0":"post-691104","1":"product","2":"type-product","3":"status-publish","5":"product_cat-eglence-mizah","6":"product_cat-genel-konular","7":"pa_cilt-ciltsiz","8":"pa_tur-kitap","9":"pa_yayinevi-nesin-yayinlari","10":"pa_yazar-aziz-nesin","12":"first","13":"instock","14":"sale","15":"shipping-taxable","16":"purchasable","17":"product-type-simple"},"_links":{"self":[{"href":"https:\/\/roveyayinevi.com.tr\/index.php\/wp-json\/wp\/v2\/product\/691104","targetHints":{"allow":["GET"]}}],"collection":[{"href":"https:\/\/roveyayinevi.com.tr\/index.php\/wp-json\/wp\/v2\/product"}],"about":[{"href":"https:\/\/roveyayinevi.com.tr\/index.php\/wp-json\/wp\/v2\/types\/product"}],"wp:attachment":[{"href":"https:\/\/roveyayinevi.com.tr\/index.php\/wp-json\/wp\/v2\/media?parent=691104"}],"wp:term":[{"taxonomy":"product_brand","embeddable":true,"href":"https:\/\/roveyayinevi.com.tr\/index.php\/wp-json\/wp\/v2\/product_brand?post=691104"},{"taxonomy":"product_cat","embeddable":true,"href":"https:\/\/roveyayinevi.com.tr\/index.php\/wp-json\/wp\/v2\/product_cat?post=691104"},{"taxonomy":"product_tag","embeddable":true,"href":"https:\/\/roveyayinevi.com.tr\/index.php\/wp-json\/wp\/v2\/product_tag?post=691104"}],"curies":[{"name":"wp","href":"https:\/\/api.w.org\/{rel}","templated":true}]}}