{"id":691098,"date":"2025-08-27T13:56:10","date_gmt":"2025-08-27T10:56:10","guid":{"rendered":"https:\/\/roveyayinevi.com.tr\/index.php\/urun\/bir-destandir-canakkale\/"},"modified":"2026-04-16T02:00:28","modified_gmt":"2026-04-15T23:00:28","slug":"bir-destandir-canakkale","status":"publish","type":"product","link":"https:\/\/roveyayinevi.com.tr\/index.php\/urun\/bir-destandir-canakkale\/","title":{"rendered":"Bir Destand\u0131r \u00c7anakkale"},"content":{"rendered":"<p>\u00c7anakkale; alt\u0131 as\u0131r \u00fc\u00e7 k\u0131taya h\u00fckmeden \u015fanl\u0131 Osmanl\u0131n\u0131n son zaferi ve \u0130stikl\u00e2l Harbimizin habercisi&#8230; Yedi D\u00fcvel in hasta adam dedikleri Osmanl\u0131ya son darbeyi vurmak isterken kazd\u0131klar\u0131 kuyuya d\u00fc\u015ft\u00fckleri yer&#8230; \u0130ki y\u00fcz elli bini a\u015fk\u0131n \u015fehidin kan\u0131yla sulanan vatan topra\u011f\u0131&#8230; Cenab-\u0131 Hakk\u0131n (c.c.) inayetiyle, Hz Peygamberin (a.s.m.) ruhaniyetiyle haz\u0131r bulundu\u011fu, Allah ve Peygamber a\u015fk\u0131yla g\u00f6z\u00fcn\u00fc k\u0131rpmadan, korkusuzca d\u00fc\u015fmana kar\u015f\u0131 koyan Mehmet\u00e7i\u011fin tarih yazd\u0131\u011f\u0131 bir destan \u00c7anakkale&#8230; Asl\u0131nda \u00c7anakkale Zaferi i\u00e7in ne s\u00f6ylense az&#8230; Y\u0131llar s\u00fcren titiz ara\u015ft\u0131rmalar\u0131n sonucu olan bu eser, ger\u00e7ek tarihin nas\u0131l ve kimler taraf\u0131ndan yaz\u0131ld\u0131\u011f\u0131n\u0131 ortaya koyuyor; tabi\u00ee ki ibret almas\u0131n\u0131 bilenler i\u00e7in&#8230; \ufffcTan\u0131t\u0131m Metni<\/p>\n","protected":false},"excerpt":{"rendered":"<p>\u00c7anakkale; alt\u0131 as\u0131r \u00fc\u00e7 k\u0131taya h\u00fckmeden \u015fanl\u0131 Osmanl\u0131n\u0131n son zaferi ve \u0130stikl\u00e2l Harbimizin habercisi&#8230; Yedi D\u00fcvel in hasta adam dedikleri Osmanl\u0131ya son darbeyi vurmak isterken kazd\u0131klar\u0131<span class=\"excerpt-hellip\"> [\u2026]<\/span><\/p>\n","protected":false},"featured_media":0,"template":"","meta":{"_monsterinsights_skip_tracking":false,"_monsterinsights_sitenote_active":false,"_monsterinsights_sitenote_note":"","_monsterinsights_sitenote_category":0},"product_brand":[],"product_cat":[13517,12304],"product_tag":[],"class_list":{"0":"post-691098","1":"product","2":"type-product","3":"status-publish","5":"product_cat-osmanli-tarihi","6":"product_cat-tarih","7":"pa_tur-kitap","8":"pa_yayinevi-nesil-yayinlari","9":"pa_yazar-vehbi-vakkasoglu","11":"first","12":"instock","13":"sale","14":"shipping-taxable","15":"purchasable","16":"product-type-simple"},"_links":{"self":[{"href":"https:\/\/roveyayinevi.com.tr\/index.php\/wp-json\/wp\/v2\/product\/691098","targetHints":{"allow":["GET"]}}],"collection":[{"href":"https:\/\/roveyayinevi.com.tr\/index.php\/wp-json\/wp\/v2\/product"}],"about":[{"href":"https:\/\/roveyayinevi.com.tr\/index.php\/wp-json\/wp\/v2\/types\/product"}],"wp:attachment":[{"href":"https:\/\/roveyayinevi.com.tr\/index.php\/wp-json\/wp\/v2\/media?parent=691098"}],"wp:term":[{"taxonomy":"product_brand","embeddable":true,"href":"https:\/\/roveyayinevi.com.tr\/index.php\/wp-json\/wp\/v2\/product_brand?post=691098"},{"taxonomy":"product_cat","embeddable":true,"href":"https:\/\/roveyayinevi.com.tr\/index.php\/wp-json\/wp\/v2\/product_cat?post=691098"},{"taxonomy":"product_tag","embeddable":true,"href":"https:\/\/roveyayinevi.com.tr\/index.php\/wp-json\/wp\/v2\/product_tag?post=691098"}],"curies":[{"name":"wp","href":"https:\/\/api.w.org\/{rel}","templated":true}]}}