{"id":691095,"date":"2025-08-27T13:56:10","date_gmt":"2025-08-27T10:56:10","guid":{"rendered":"https:\/\/roveyayinevi.com.tr\/index.php\/urun\/san-icin-piyano-eslikli-album\/"},"modified":"2026-04-16T02:00:27","modified_gmt":"2026-04-15T23:00:27","slug":"san-icin-piyano-eslikli-album","status":"publish","type":"product","link":"https:\/\/roveyayinevi.com.tr\/index.php\/urun\/san-icin-piyano-eslikli-album\/","title":{"rendered":"\u015ean i\u00e7in Piyano E\u015flikli Alb\u00fcm"},"content":{"rendered":"<p>Bu alb\u00fcm, \u00fclkemizdeki Konservatuar, E\u011fitim Fak\u00fcltesi, G\u00fczel Sanatlar Fak\u00fcltesi ve Anadolu G\u00fczel Sanatlar Liselerinin \u00f6\u011frenci ve e\u011fitimcileri ile bu kurumlar\u0131n yetenek s\u0131navlar\u0131na girmeyi d\u00fc\u015f\u00fcnenler i\u00e7in haz\u0131rlanm\u0131\u015ft\u0131r. Yukar\u0131da s\u0131ralanan mesleki m\u00fczik e\u011fitimi kurumlar\u0131m\u0131z\u0131n hepsinde \u015ean ya da Bireysel Ses E\u011fitimi derslerinde kullan\u0131labilecek olan bu repertuar; lied, aria antiche, aria ve napoliten \u015fark\u0131lardan se\u00e7ilerek olu\u015fturulmu\u015ftur. Kitapta yer alan eserler, insan sesinin \u00f6zellikleri dikkate al\u0131narak soprano-tenor, mezzosoprano-bariton ve alto-bas i\u00e7in de\u011fi\u015fik tonlarda d\u00fczenlenmi\u015ftir. Kitab\u0131n yan\u0131nda, i\u00e7indeki eserlerin sadece piyano e\u015fliklerini i\u00e7eren bir MP3 CD\u2019si de yer almaktad\u0131r. \ufffcTan\u0131t\u0131m Metni<\/p>\n","protected":false},"excerpt":{"rendered":"<p>Bu alb\u00fcm, \u00fclkemizdeki Konservatuar, E\u011fitim Fak\u00fcltesi, G\u00fczel Sanatlar Fak\u00fcltesi ve Anadolu G\u00fczel Sanatlar Liselerinin \u00f6\u011frenci ve e\u011fitimcileri ile bu kurumlar\u0131n yetenek s\u0131navlar\u0131na girmeyi d\u00fc\u015f\u00fcnenler i\u00e7in haz\u0131rlanm\u0131\u015ft\u0131r.<span class=\"excerpt-hellip\"> [\u2026]<\/span><\/p>\n","protected":false},"featured_media":0,"template":"","meta":{"_monsterinsights_skip_tracking":false,"_monsterinsights_sitenote_active":false,"_monsterinsights_sitenote_note":"","_monsterinsights_sitenote_category":0},"product_brand":[],"product_cat":[14556,14557],"product_tag":[],"class_list":{"0":"post-691095","1":"product","2":"type-product","3":"status-publish","5":"product_cat-muzik","6":"product_cat-nota-kitaplari","7":"pa_cilt-ciltsiz","8":"pa_tur-kitap","9":"pa_yayinevi-muzik-egitimi-yayinlari","10":"pa_yazar-gulsen-simsek","12":"first","13":"instock","14":"sale","15":"shipping-taxable","16":"purchasable","17":"product-type-simple"},"_links":{"self":[{"href":"https:\/\/roveyayinevi.com.tr\/index.php\/wp-json\/wp\/v2\/product\/691095","targetHints":{"allow":["GET"]}}],"collection":[{"href":"https:\/\/roveyayinevi.com.tr\/index.php\/wp-json\/wp\/v2\/product"}],"about":[{"href":"https:\/\/roveyayinevi.com.tr\/index.php\/wp-json\/wp\/v2\/types\/product"}],"wp:attachment":[{"href":"https:\/\/roveyayinevi.com.tr\/index.php\/wp-json\/wp\/v2\/media?parent=691095"}],"wp:term":[{"taxonomy":"product_brand","embeddable":true,"href":"https:\/\/roveyayinevi.com.tr\/index.php\/wp-json\/wp\/v2\/product_brand?post=691095"},{"taxonomy":"product_cat","embeddable":true,"href":"https:\/\/roveyayinevi.com.tr\/index.php\/wp-json\/wp\/v2\/product_cat?post=691095"},{"taxonomy":"product_tag","embeddable":true,"href":"https:\/\/roveyayinevi.com.tr\/index.php\/wp-json\/wp\/v2\/product_tag?post=691095"}],"curies":[{"name":"wp","href":"https:\/\/api.w.org\/{rel}","templated":true}]}}