{"id":691094,"date":"2025-08-27T13:56:10","date_gmt":"2025-08-27T10:56:10","guid":{"rendered":"https:\/\/roveyayinevi.com.tr\/index.php\/urun\/piyano-icin-incinin-kitabi-incis-book\/"},"modified":"2026-04-16T02:00:27","modified_gmt":"2026-04-15T23:00:27","slug":"piyano-icin-incinin-kitabi-incis-book","status":"publish","type":"product","link":"https:\/\/roveyayinevi.com.tr\/index.php\/urun\/piyano-icin-incinin-kitabi-incis-book\/","title":{"rendered":"Piyano \u0130\u00e7in \u0130nci\u2019nin Kitab\u0131 \/ \u0130nci\u2019s Book"},"content":{"rendered":"<p>D\u00fcnya k\u00fclt\u00fcr\u00fcne, o koskocaman m\u00fczik \u00e2lemine bu topraklardan arma\u011fan etti\u011fimiz b\u00fcy\u00fck bestecimiz! Bir Polonyal\u0131n\u0131n Chopin\u2019le, bir Macar\u2019\u0131n Liszt veya Bartok\u2019la, bir Alman\u2019\u0131n Bach, Beethoven, Schumann\u2019la gururland\u0131\u011f\u0131 gibi bizi de gururland\u0131ran Ahmed Adnan Saygun\u2026Saygun\u2019un, sadece birka\u00e7 \u00f6l\u00e7\u00fc bile dinlense hemen tan\u0131nabilen, kendine \u00f6zg\u00fc e\u015fsiz bir m\u00fczik dili vard\u0131r ve bu \u00f6ylesine g\u00fc\u00e7l\u00fc bir dildir ki her ke\u015ffedeni ba\u015fka ba\u015fka diyarlara s\u00fcr\u00fckler. Saygun\u2019un eserleri form a\u00e7\u0131s\u0131ndan klasik bir yaz\u0131ya sahiptir; klasik, empresyonist ve romantik d\u00f6nemden b\u00fct\u00fcn elementler mevcuttur \u2013 ancak bunlara ilaveten aksak ritimler ve modal yap\u0131 vard\u0131r ki, eserlerine b\u00fcy\u00fck bir yenilik verir.Saygun k\u00f6klerine ba\u011fl\u0131 kalm\u0131\u015ft\u0131r her zaman. M\u00fczi\u011finde Anadolu\u2019dan hayk\u0131r\u0131\u015flar, yan\u0131k ezgiler, a\u011f\u0131tlar duyulur. Tepeden t\u0131rna\u011fa o titre\u015fimlerden etkilendi\u011fini, ilham\u0131n\u0131 geleneklerimizden ald\u0131\u011f\u0131n\u0131 g\u00f6rmek m\u00fcmk\u00fcnd\u00fcr.Ben Saygun\u2019un eserlerini seslendirirken, \u00f6zellikle ritimlerindeki vurgular\u0131 daha \u00e7almaya ba\u015flamadan hissederim parmaklar\u0131mda. \u00c7ok piyanistik bir yap\u0131s\u0131 vard\u0131r: Piyanonun b\u00fct\u00fcn imkanlar\u0131n\u0131, zengin bir renk paletiyle g\u00fc\u00e7l\u00fc ve parlak oldu\u011fu kadar ifadeli bir tarzda da kullanarak piyaniste kendini en iyi \u015fekilde ifade etme f\u0131rsat\u0131 vermi\u015ftir. Saygun\u2019u her \u00e7al\u0131\u015f\u0131mda h\u00fccrelerimde hissetti\u011fim notalar\u0131yla, onun m\u00fczi\u011findeki t\u00fckenmez zenginliklerden ilham almaya h\u00e2l\u00e2 devam ediyorum.Adnan Saygun\u2019un m\u00fczik anlay\u0131\u015f\u0131, d\u00fcnya g\u00f6r\u00fc\u015f\u00fc, \u00e7al\u0131\u015fma disiplini, bitmek t\u00fckenmek bilmeyen m\u00fczik enerjisi kariyerim boyunca bana hep \u0131\u015f\u0131k tutmu\u015ftur. Adeta dini bir vazifeyi yerine getirir gibi huzur i\u00e7inde hi\u00e7 durmadan \u00e7al\u0131\u015fmas\u0131, ara\u015ft\u0131rmalar yapmas\u0131 biz \u00f6\u011frencileri i\u00e7in inan\u0131lmaz bir \u00e7al\u0131\u015fma sevgisi \u00f6rne\u011fiydi. Bu sevgiyi her birimize a\u015f\u0131lamay\u0131 ba\u015farm\u0131\u015ft\u0131r hocam\u0131z ve onun en b\u00fcy\u00fck ama\u00e7lar\u0131ndan biriydi san\u0131r\u0131m bu fazilete eri\u015febilmemiz.Bana yazm\u0131\u015f oldu\u011fu bir mektubunda \u015f\u00f6yle der: \u201cBenim i\u00e7in sanat adam\u0131, hi\u00e7bir maddi endi\u015feye hayat\u0131nda yer vermeyen ve ba\u015fkalar\u0131 taraf\u0131ndan gelecek \u00f6vg\u00fcl\u00fc s\u00f6zler ile kendini vanite \u00e7ukuru bata\u011f\u0131 i\u00e7inde bo\u011fulmaya b\u0131rakmayan ve daima g\u00fcc\u00fc yetti\u011fince iyiyi, g\u00fczeli, ger\u00e7e\u011fi arayan, ona ula\u015fmaya \u00e7al\u0131\u015farak insan olman\u0131n faziletini duymaya ve duyurmaya \u00f6mr\u00fcn\u00fc veren ki\u015fidir. Ben b\u00fct\u00fcn hayat\u0131mda bu yolda y\u00fcr\u00fcd\u00fcm. Bu s\u00f6yledi\u011fim ideale do\u011fru bir iki eser verebildiysem ne g\u00fczel.\u201dK\u00fc\u00e7\u00fck \u0130nci bu kitaba kavu\u015ftu\u011funda nas\u0131l mutlu olduysa, sizler de bu notalarla \u00e7\u0131kaca\u011f\u0131n\u0131z yolculukta masallar d\u00fcnyas\u0131na seslerle girerek mutlu olacaks\u0131n\u0131z umar\u0131m.\ufffcTan\u0131t\u0131m Metni<\/p>\n","protected":false},"excerpt":{"rendered":"<p>D\u00fcnya k\u00fclt\u00fcr\u00fcne, o koskocaman m\u00fczik \u00e2lemine bu topraklardan arma\u011fan etti\u011fimiz b\u00fcy\u00fck bestecimiz! Bir Polonyal\u0131n\u0131n Chopin\u2019le, bir Macar\u2019\u0131n Liszt veya Bartok\u2019la, bir Alman\u2019\u0131n Bach, Beethoven, Schumann\u2019la gururland\u0131\u011f\u0131<span class=\"excerpt-hellip\"> [\u2026]<\/span><\/p>\n","protected":false},"featured_media":0,"template":"","meta":{"_monsterinsights_skip_tracking":false,"_monsterinsights_sitenote_active":false,"_monsterinsights_sitenote_note":"","_monsterinsights_sitenote_category":0},"product_brand":[],"product_cat":[14556,14557],"product_tag":[],"class_list":{"0":"post-691094","1":"product","2":"type-product","3":"status-publish","5":"product_cat-muzik","6":"product_cat-nota-kitaplari","7":"pa_cilt-ciltsiz","8":"pa_tur-kitap","9":"pa_yayinevi-muzik-egitimi-yayinlari","10":"pa_yazar-ahmet-adnan-saygun","12":"first","13":"instock","14":"sale","15":"shipping-taxable","16":"purchasable","17":"product-type-simple"},"_links":{"self":[{"href":"https:\/\/roveyayinevi.com.tr\/index.php\/wp-json\/wp\/v2\/product\/691094","targetHints":{"allow":["GET"]}}],"collection":[{"href":"https:\/\/roveyayinevi.com.tr\/index.php\/wp-json\/wp\/v2\/product"}],"about":[{"href":"https:\/\/roveyayinevi.com.tr\/index.php\/wp-json\/wp\/v2\/types\/product"}],"wp:attachment":[{"href":"https:\/\/roveyayinevi.com.tr\/index.php\/wp-json\/wp\/v2\/media?parent=691094"}],"wp:term":[{"taxonomy":"product_brand","embeddable":true,"href":"https:\/\/roveyayinevi.com.tr\/index.php\/wp-json\/wp\/v2\/product_brand?post=691094"},{"taxonomy":"product_cat","embeddable":true,"href":"https:\/\/roveyayinevi.com.tr\/index.php\/wp-json\/wp\/v2\/product_cat?post=691094"},{"taxonomy":"product_tag","embeddable":true,"href":"https:\/\/roveyayinevi.com.tr\/index.php\/wp-json\/wp\/v2\/product_tag?post=691094"}],"curies":[{"name":"wp","href":"https:\/\/api.w.org\/{rel}","templated":true}]}}