{"id":691093,"date":"2025-08-27T13:56:09","date_gmt":"2025-08-27T10:56:09","guid":{"rendered":"https:\/\/roveyayinevi.com.tr\/index.php\/urun\/barlada-dirilis\/"},"modified":"2026-04-16T02:00:27","modified_gmt":"2026-04-15T23:00:27","slug":"barlada-dirilis","status":"publish","type":"product","link":"https:\/\/roveyayinevi.com.tr\/index.php\/urun\/barlada-dirilis\/","title":{"rendered":"Barla\u2019da Dirili\u015f"},"content":{"rendered":"<p>Bedi\u00fczzaman Said Nursi, yak\u0131n tarihimizin nadir par\u0131lt\u0131lar\u0131ndan birisi. Ve en \u00e7ok tart\u0131\u015f\u0131lan \u015fahsiyetlerinden&#8230; Talebeleri y\u0131llar boyu karakollarda, mahkemelerde, hapishanelerde  m\u00fccrim  muamelesi g\u00f6rm\u00fc\u015fler&#8230; Eserleri sat\u0131r sat\u0131r incelenmi\u015f. Y\u00fczlerce kere mahkemeye verilmi\u015f, y\u00fczlerce defa beraat etmi\u015f; yine de zul\u00fcm \u00e7emberi k\u0131r\u0131lmam\u0131\u015f&#8230; Yavuz Bahad\u0131ro\u011flu, arkas\u0131nda milyonlarca talebe, binlerce sayfal\u0131k eser b\u0131rakt\u0131\u011f\u0131 halde tart\u0131\u015fma oda\u011f\u0131 olmaktan hala kurtulamayan bu cevher \u015fahsiyeti ara\u015ft\u0131rd\u0131 ve \u015fiirsel \u00fcslubuyla romanla\u015ft\u0131rd\u0131. <\/p>\n","protected":false},"excerpt":{"rendered":"<p>Bedi\u00fczzaman Said Nursi, yak\u0131n tarihimizin nadir par\u0131lt\u0131lar\u0131ndan birisi. Ve en \u00e7ok tart\u0131\u015f\u0131lan \u015fahsiyetlerinden&#8230; Talebeleri y\u0131llar boyu karakollarda, mahkemelerde, hapishanelerde m\u00fccrim muamelesi g\u00f6rm\u00fc\u015fler&#8230; Eserleri sat\u0131r sat\u0131r incelenmi\u015f.<span class=\"excerpt-hellip\"> [\u2026]<\/span><\/p>\n","protected":false},"featured_media":0,"template":"","meta":{"_monsterinsights_skip_tracking":false,"_monsterinsights_sitenote_active":false,"_monsterinsights_sitenote_note":"","_monsterinsights_sitenote_category":0},"product_brand":[],"product_cat":[12718,12719,12720],"product_tag":[],"class_list":{"0":"post-691093","1":"product","2":"type-product","3":"status-publish","5":"product_cat-din","6":"product_cat-islam","7":"product_cat-tasavvuf-mezhepler-tarikatlar","8":"pa_tur-kitap","9":"pa_yayinevi-nesil-yayinlari","10":"pa_yazar-yavuz-bahadiroglu","12":"first","13":"instock","14":"sale","15":"shipping-taxable","16":"purchasable","17":"product-type-simple"},"_links":{"self":[{"href":"https:\/\/roveyayinevi.com.tr\/index.php\/wp-json\/wp\/v2\/product\/691093","targetHints":{"allow":["GET"]}}],"collection":[{"href":"https:\/\/roveyayinevi.com.tr\/index.php\/wp-json\/wp\/v2\/product"}],"about":[{"href":"https:\/\/roveyayinevi.com.tr\/index.php\/wp-json\/wp\/v2\/types\/product"}],"wp:attachment":[{"href":"https:\/\/roveyayinevi.com.tr\/index.php\/wp-json\/wp\/v2\/media?parent=691093"}],"wp:term":[{"taxonomy":"product_brand","embeddable":true,"href":"https:\/\/roveyayinevi.com.tr\/index.php\/wp-json\/wp\/v2\/product_brand?post=691093"},{"taxonomy":"product_cat","embeddable":true,"href":"https:\/\/roveyayinevi.com.tr\/index.php\/wp-json\/wp\/v2\/product_cat?post=691093"},{"taxonomy":"product_tag","embeddable":true,"href":"https:\/\/roveyayinevi.com.tr\/index.php\/wp-json\/wp\/v2\/product_tag?post=691093"}],"curies":[{"name":"wp","href":"https:\/\/api.w.org\/{rel}","templated":true}]}}