{"id":691092,"date":"2025-08-27T13:56:09","date_gmt":"2025-08-27T10:56:09","guid":{"rendered":"https:\/\/roveyayinevi.com.tr\/index.php\/urun\/avukat-bekir-berk\/"},"modified":"2026-04-16T02:00:27","modified_gmt":"2026-04-15T23:00:27","slug":"avukat-bekir-berk","status":"publish","type":"product","link":"https:\/\/roveyayinevi.com.tr\/index.php\/urun\/avukat-bekir-berk\/","title":{"rendered":"Avukat Bekir Berk"},"content":{"rendered":"<p>\u00dcstad Bedi\u00fczzaman\u2019\u0131n avukat\u0131 Bekir Berk\u2019in hayat\u0131, zulme boyun e\u011fmeyen mazlumlar\u0131n k\u00fckreyi\u015fiydi. O bir cevher insan, bir ebedi abide idi. Eriyip solmu\u015f, bir tutam olmu\u015f, kendinden ge\u00e7mi\u015f yatarken bile hizmet ediyor, zaman zaman parma\u011f\u0131n\u0131 hayali mahkeme heyetine do\u011fru sallayarak,  Hay\u0131r!  diye ba\u011f\u0131r\u0131yordu,  Nurculuk su\u00e7 de\u011fildir! Savc\u0131n\u0131n su\u00e7 sayd\u0131\u011f\u0131 fiil meziyettir, mazhariyettir; maznunlar\u0131n beraat\u0131n\u0131 talep ediyorum. <\/p>\n","protected":false},"excerpt":{"rendered":"<p>\u00dcstad Bedi\u00fczzaman\u2019\u0131n avukat\u0131 Bekir Berk\u2019in hayat\u0131, zulme boyun e\u011fmeyen mazlumlar\u0131n k\u00fckreyi\u015fiydi. O bir cevher insan, bir ebedi abide idi. Eriyip solmu\u015f, bir tutam olmu\u015f, kendinden ge\u00e7mi\u015f<span class=\"excerpt-hellip\"> [\u2026]<\/span><\/p>\n","protected":false},"featured_media":0,"template":"","meta":{"_monsterinsights_skip_tracking":false,"_monsterinsights_sitenote_active":false,"_monsterinsights_sitenote_note":"","_monsterinsights_sitenote_category":0},"product_brand":[],"product_cat":[12304,13493],"product_tag":[],"class_list":{"0":"post-691092","1":"product","2":"type-product","3":"status-publish","5":"product_cat-tarih","6":"product_cat-turkiye-ve-cumhuriyet-tarihi","7":"pa_tur-kitap","8":"pa_yayinevi-nesil-yayinlari","9":"pa_yazar-yavuz-bahadiroglu","11":"first","12":"instock","13":"sale","14":"shipping-taxable","15":"purchasable","16":"product-type-simple"},"_links":{"self":[{"href":"https:\/\/roveyayinevi.com.tr\/index.php\/wp-json\/wp\/v2\/product\/691092","targetHints":{"allow":["GET"]}}],"collection":[{"href":"https:\/\/roveyayinevi.com.tr\/index.php\/wp-json\/wp\/v2\/product"}],"about":[{"href":"https:\/\/roveyayinevi.com.tr\/index.php\/wp-json\/wp\/v2\/types\/product"}],"wp:attachment":[{"href":"https:\/\/roveyayinevi.com.tr\/index.php\/wp-json\/wp\/v2\/media?parent=691092"}],"wp:term":[{"taxonomy":"product_brand","embeddable":true,"href":"https:\/\/roveyayinevi.com.tr\/index.php\/wp-json\/wp\/v2\/product_brand?post=691092"},{"taxonomy":"product_cat","embeddable":true,"href":"https:\/\/roveyayinevi.com.tr\/index.php\/wp-json\/wp\/v2\/product_cat?post=691092"},{"taxonomy":"product_tag","embeddable":true,"href":"https:\/\/roveyayinevi.com.tr\/index.php\/wp-json\/wp\/v2\/product_tag?post=691092"}],"curies":[{"name":"wp","href":"https:\/\/api.w.org\/{rel}","templated":true}]}}