{"id":691089,"date":"2025-08-27T13:56:09","date_gmt":"2025-08-27T10:56:09","guid":{"rendered":"https:\/\/roveyayinevi.com.tr\/index.php\/urun\/cocuklara-en-guzel-oykuler\/"},"modified":"2026-04-16T02:00:27","modified_gmt":"2026-04-15T23:00:27","slug":"cocuklara-en-guzel-oykuler","status":"publish","type":"product","link":"https:\/\/roveyayinevi.com.tr\/index.php\/urun\/cocuklara-en-guzel-oykuler\/","title":{"rendered":"\u00c7ocuklara En G\u00fczel \u00d6yk\u00fcler"},"content":{"rendered":"<p>Aziz Nesin En G\u00fczel \u00d6yk\u00fcleriyle Tekrar Bizlerle&#8230; B\u00fcy\u00fck g\u00fclmece yazar\u0131m\u0131z Aziz Nesin\u2019in \u00f6yk\u00fclerinden \u00e7ocuklar i\u00e7in yap\u0131lan bu yeni se\u00e7kide O\u2019nun ola\u011fan\u00fcst\u00fc g\u00f6zlem ve anlat\u0131m g\u00fcc\u00fc bir kez daha kar\u015f\u0131m\u0131za \u00e7\u0131k\u0131yor. Spor kar\u015f\u0131la\u015fmalar\u0131ndan \u00e7ocuk e\u011fitimine, k\u00fc\u00e7\u00fck hesaplar pe\u015finde ko\u015fanlardan ola\u011fan\u00fcst\u00fc ser\u00fcvenler ya\u015fayanlara dek birbirinden ilgin\u00e7 insan tiplerini konu alan \u00f6yk\u00fcler herkesin ba\u015fucu kitab\u0131 olmay\u0131 s\u00fcrd\u00fcr\u00fcyor. G\u00fclmece ile toplumsal ele\u015ftirinin d\u00fcnyada az rastlanacak ba\u015far\u0131yla biraraya geldi\u011fi bu \u00f6yk\u00fcleri b\u00fcy\u00fck be\u011feniyle okuyacaks\u0131n\u0131z. \ufffcTan\u0131t\u0131m Metni<\/p>\n","protected":false},"excerpt":{"rendered":"<p>Aziz Nesin En G\u00fczel \u00d6yk\u00fcleriyle Tekrar Bizlerle&#8230; B\u00fcy\u00fck g\u00fclmece yazar\u0131m\u0131z Aziz Nesin\u2019in \u00f6yk\u00fclerinden \u00e7ocuklar i\u00e7in yap\u0131lan bu yeni se\u00e7kide O\u2019nun ola\u011fan\u00fcst\u00fc g\u00f6zlem ve anlat\u0131m g\u00fcc\u00fc bir<span class=\"excerpt-hellip\"> [\u2026]<\/span><\/p>\n","protected":false},"featured_media":0,"template":"","meta":{"_monsterinsights_skip_tracking":false,"_monsterinsights_sitenote_active":false,"_monsterinsights_sitenote_note":"","_monsterinsights_sitenote_category":0},"product_brand":[],"product_cat":[12274,12284],"product_tag":[],"class_list":{"0":"post-691089","1":"product","2":"type-product","3":"status-publish","5":"product_cat-cocuk-ve-genclik-kitaplari","6":"product_cat-hikayeler","7":"pa_cilt-ciltsiz","8":"pa_tur-kitap","9":"pa_yayinevi-nesin-yayinlari","10":"pa_yazar-aziz-nesin","12":"first","13":"instock","14":"sale","15":"shipping-taxable","16":"purchasable","17":"product-type-simple"},"_links":{"self":[{"href":"https:\/\/roveyayinevi.com.tr\/index.php\/wp-json\/wp\/v2\/product\/691089","targetHints":{"allow":["GET"]}}],"collection":[{"href":"https:\/\/roveyayinevi.com.tr\/index.php\/wp-json\/wp\/v2\/product"}],"about":[{"href":"https:\/\/roveyayinevi.com.tr\/index.php\/wp-json\/wp\/v2\/types\/product"}],"wp:attachment":[{"href":"https:\/\/roveyayinevi.com.tr\/index.php\/wp-json\/wp\/v2\/media?parent=691089"}],"wp:term":[{"taxonomy":"product_brand","embeddable":true,"href":"https:\/\/roveyayinevi.com.tr\/index.php\/wp-json\/wp\/v2\/product_brand?post=691089"},{"taxonomy":"product_cat","embeddable":true,"href":"https:\/\/roveyayinevi.com.tr\/index.php\/wp-json\/wp\/v2\/product_cat?post=691089"},{"taxonomy":"product_tag","embeddable":true,"href":"https:\/\/roveyayinevi.com.tr\/index.php\/wp-json\/wp\/v2\/product_tag?post=691089"}],"curies":[{"name":"wp","href":"https:\/\/api.w.org\/{rel}","templated":true}]}}