{"id":691081,"date":"2025-08-27T13:56:07","date_gmt":"2025-08-27T10:56:07","guid":{"rendered":"https:\/\/roveyayinevi.com.tr\/index.php\/urun\/cuvala-doldurulmus-kediler\/"},"modified":"2026-04-16T02:00:27","modified_gmt":"2026-04-15T23:00:27","slug":"cuvala-doldurulmus-kediler","status":"publish","type":"product","link":"https:\/\/roveyayinevi.com.tr\/index.php\/urun\/cuvala-doldurulmus-kediler\/","title":{"rendered":"\u00c7uvala Doldurulmu\u015f Kediler"},"content":{"rendered":"<p>Par\u00e7aland\u0131k. Birbirimizi d\u00f6vd\u00fck, birbirimizi vurduk, birbirimizi k\u0131rd\u0131k&#8230; Birbirimize d\u00fc\u015fman olduk. O zaman biz neyiz, kedi miyiz? Biz niye d\u00fc\u015f\u00fcnmedik bizi \u00e7uvala atanlar kimlerdir diye? Biz niye birbirimizi su\u00e7lad\u0131k? Niye as\u0131l su\u00e7luyu aramad\u0131k? Niye d\u00fc\u015f\u00fcnemedik, niye bulamad\u0131k? Sa\u011f\u0131 da solu da birbirine d\u00fc\u015fmand\u0131. Sa\u011f da bu memleketin insan\u0131. \u00d6ld\u00fc, \u00f6ld\u00fcrd\u00fc. Hi\u00e7 d\u00fc\u015f\u00fcnmedik. Biz kediydik \u00e7\u00fcnk\u00fc. \u00c7uvala att\u0131lar bizi, biz birbirimizi kediler gibi t\u0131rmalad\u0131k. \u0130ster sol olsun, ister olmas\u0131n, demokrat olsun, hatta liberal olsun, hepsi birden \u00f6rg\u00fcts\u00fcz kald\u0131. 20. y\u00fczy\u0131lda bir insan\u0131n \u00f6rg\u00fcts\u00fcz olmas\u0131, insan olmamas\u0131 demektir. 20. y\u00fczy\u0131lda bizi \u00f6rg\u00fcts\u00fcz b\u0131rakt\u0131lar, kopmu\u015f tespih taneleri gibi&#8230;. \ufffcTan\u0131t\u0131m Metni<\/p>\n","protected":false},"excerpt":{"rendered":"<p>Par\u00e7aland\u0131k. Birbirimizi d\u00f6vd\u00fck, birbirimizi vurduk, birbirimizi k\u0131rd\u0131k&#8230; Birbirimize d\u00fc\u015fman olduk. O zaman biz neyiz, kedi miyiz? Biz niye d\u00fc\u015f\u00fcnmedik bizi \u00e7uvala atanlar kimlerdir diye? Biz niye<span class=\"excerpt-hellip\"> [\u2026]<\/span><\/p>\n","protected":false},"featured_media":0,"template":"","meta":{"_monsterinsights_skip_tracking":false,"_monsterinsights_sitenote_active":false,"_monsterinsights_sitenote_note":"","_monsterinsights_sitenote_category":0},"product_brand":[],"product_cat":[12777,12291],"product_tag":[],"class_list":{"0":"post-691081","1":"product","2":"type-product","3":"status-publish","5":"product_cat-deneme","6":"product_cat-edebiyat","7":"pa_tur-kitap","8":"pa_yayinevi-nesin-yayinlari","9":"pa_yazar-aziz-nesin","11":"first","12":"instock","13":"sale","14":"shipping-taxable","15":"purchasable","16":"product-type-simple"},"_links":{"self":[{"href":"https:\/\/roveyayinevi.com.tr\/index.php\/wp-json\/wp\/v2\/product\/691081","targetHints":{"allow":["GET"]}}],"collection":[{"href":"https:\/\/roveyayinevi.com.tr\/index.php\/wp-json\/wp\/v2\/product"}],"about":[{"href":"https:\/\/roveyayinevi.com.tr\/index.php\/wp-json\/wp\/v2\/types\/product"}],"wp:attachment":[{"href":"https:\/\/roveyayinevi.com.tr\/index.php\/wp-json\/wp\/v2\/media?parent=691081"}],"wp:term":[{"taxonomy":"product_brand","embeddable":true,"href":"https:\/\/roveyayinevi.com.tr\/index.php\/wp-json\/wp\/v2\/product_brand?post=691081"},{"taxonomy":"product_cat","embeddable":true,"href":"https:\/\/roveyayinevi.com.tr\/index.php\/wp-json\/wp\/v2\/product_cat?post=691081"},{"taxonomy":"product_tag","embeddable":true,"href":"https:\/\/roveyayinevi.com.tr\/index.php\/wp-json\/wp\/v2\/product_tag?post=691081"}],"curies":[{"name":"wp","href":"https:\/\/api.w.org\/{rel}","templated":true}]}}